{"id":1647,"date":"2025-11-14T09:07:43","date_gmt":"2025-11-14T01:07:43","guid":{"rendered":"http:\/\/www.tioxhua.com\/?page_id=1647"},"modified":"2025-11-16T16:38:38","modified_gmt":"2025-11-16T08:38:38","slug":"certifications","status":"publish","type":"page","link":"https:\/\/lansonmachines.com\/de\/certifications\/","title":{"rendered":"Zertifizierungen"},"content":{"rendered":"<div data-elementor-type=\"wp-page\" data-elementor-id=\"1647\" class=\"elementor elementor-1647\" data-elementor-post-type=\"page\">\n\t\t\t\t<div class=\"elementor-element elementor-element-744433a e-flex e-con-boxed e-con e-parent\" data-id=\"744433a\" data-element_type=\"container\">\n\t\t\t\t\t<div class=\"e-con-inner\">\n\t\t\t\t<div class=\"elementor-element elementor-element-83af712 elementor-widget elementor-widget-heading\" data-id=\"83af712\" data-element_type=\"widget\" data-widget_type=\"heading.default\">\n\t\t\t\t<div class=\"elementor-widget-container\">\n\t\t\t\t\t<h1 class=\"elementor-heading-title elementor-size-default\">Zertifizierungen<\/h1>\t\t\t\t<\/div>\n\t\t\t\t<\/div>\n\t\t\t\t\t<\/div>\n\t\t\t\t<\/div>\n\t\t<div class=\"elementor-element elementor-element-8ed2d13 e-flex e-con-boxed e-con e-parent\" data-id=\"8ed2d13\" data-element_type=\"container\">\n\t\t\t\t\t<div class=\"e-con-inner\">\n\t\t\t\t<div class=\"elementor-element elementor-element-e571d4b elementor-widget elementor-widget-text-editor\" data-id=\"e571d4b\" data-element_type=\"widget\" data-widget_type=\"text-editor.default\">\n\t\t\t\t<div class=\"elementor-widget-container\">\n\t\t\t\t\t\t\t\t\t<p data-start=\"35\" data-end=\"444\">Bei LansonMachines betrachten wir Zertifizierungen als Beweis - nicht als Versprechen. Unser Werk in Zhengzhou arbeitet nach einem strengen Qualit\u00e4tsmanagementsystem und einem dokumentierten Produktionsprozess, so dass sich Kunden weltweit auf die Sicherheit, Leistung und Exportf\u00e4higkeit unserer Maschinen verlassen k\u00f6nnen. Auf dieser Seite werden die Arten von Zertifikaten, Berichten und Pr\u00fcfungen durch Dritte erl\u00e4utert, die wir Importeuren, H\u00e4ndlern und Projektk\u00e4ufern regelm\u00e4\u00dfig zur Verf\u00fcgung stellen.<\/p><h2 data-start=\"446\" data-end=\"487\">Was wir anbieten (auf Anfrage erh\u00e4ltlich)<\/h2><p data-start=\"488\" data-end=\"667\">Wir k\u00f6nnen formelle Unterlagen und Berichte von Dritten liefern, die die Produktqualit\u00e4t, die R\u00fcckverfolgbarkeit von Materialien und die Einhaltung der Vorschriften im Werk belegen. Typische Kundenanfragen sind unter anderem:<\/p><ul data-start=\"668\" data-end=\"1484\"><li data-start=\"668\" data-end=\"755\"><p data-start=\"670\" data-end=\"755\"><strong data-start=\"670\" data-end=\"692\">Qualit\u00e4tsmanagement<\/strong> - ISO 9001 (Dokumentation des Qualit\u00e4tssystems und Auditberichte).<\/p><\/li><li data-start=\"756\" data-end=\"867\"><p data-start=\"758\" data-end=\"867\"><strong data-start=\"758\" data-end=\"781\">Produktsicherheit &amp; CE<\/strong> - CE-Erkl\u00e4rung und technische Unterlagen f\u00fcr Kunden, die auf den europ\u00e4ischen Markt liefern.<\/p><\/li><li data-start=\"868\" data-end=\"1025\"><p data-start=\"870\" data-end=\"1025\"><strong data-start=\"870\" data-end=\"912\">Inspektionen und Pr\u00fcfberichte von Dritten<\/strong> - SGS \/ Bureau Veritas \/ Intertek Inspektionen, Ma\u00dfkontrollen, Materialzusammensetzung und Leistungstests.<\/p><\/li><li data-start=\"1026\" data-end=\"1153\"><p data-start=\"1028\" data-end=\"1153\"><strong data-start=\"1028\" data-end=\"1059\">Fabrik &amp; Sozialvorschriften<\/strong> - Berichte \u00fcber Betriebsaudits (QMS, Werkstattfotos, Produktionskapazit\u00e4t und Arbeitsbedingungen).<\/p><\/li><li data-start=\"1154\" data-end=\"1304\"><p data-start=\"1156\" data-end=\"1304\"><strong data-start=\"1156\" data-end=\"1197\">Verpackung, Versand und Zolldokumente<\/strong> - Handelsrechnung, Packliste, Konnossement, CO (falls erforderlich) und Ausfuhrbescheinigungen.<\/p><\/li><li data-start=\"1305\" data-end=\"1484\"><p data-start=\"1307\" data-end=\"1484\"><strong data-start=\"1307\" data-end=\"1330\">Benutzerdefinierte Bescheinigungen<\/strong> - Materialzertifikate (Werkspr\u00fcfberichte \/ MTR), L\u00e4rm- und Vibrationsberichte, elektrische Sicherheitstests oder andere von den K\u00e4ufern geforderte Nachweise.<\/p><\/li><\/ul><h2 data-start=\"1486\" data-end=\"1505\">Warum diese wichtig sind<\/h2><p data-start=\"1506\" data-end=\"1595\">K\u00e4ufer entscheiden sich f\u00fcr LansonMachines, weil wir robuste Fertigung mit transparenten Nachweisen verbinden:<\/p><ul data-start=\"1596\" data-end=\"1874\"><li data-start=\"1596\" data-end=\"1659\"><p data-start=\"1598\" data-end=\"1659\">Pr\u00fcfberichte von Dritten verringern das Risiko vor dem Versand.<\/p><\/li><li data-start=\"1660\" data-end=\"1749\"><p data-start=\"1662\" data-end=\"1749\">Werksaudits und Prozessaufzeichnungen belegen eine gleichbleibende Kapazit\u00e4t und Liefertreue.<\/p><\/li><li data-start=\"1750\" data-end=\"1874\"><p data-start=\"1752\" data-end=\"1874\">Materialzertifikate und Leistungstests stellen sicher, dass die Pelletpressen Ihre Erwartungen in Bezug auf Ausgangsmaterial, Leistung und Lebensdauer erf\u00fcllen.<\/p><\/li><\/ul><h2 data-start=\"1876\" data-end=\"1902\">Wie man Zertifikate erh\u00e4lt<\/h2><p data-start=\"1903\" data-end=\"2004\">Um Kopien zu erhalten oder Zertifikate f\u00fcr eine bestimmte Maschine oder Bestellung zu \u00fcberpr\u00fcfen, senden Sie unserem Exportteam eine E-Mail mit:<\/p><ol data-start=\"2005\" data-end=\"2179\"><li data-start=\"2005\" data-end=\"2062\"><p data-start=\"2008\" data-end=\"2062\">Produktmodell und Bestellnummer (oder Anfrage-Referenz).<\/p><\/li><li data-start=\"2063\" data-end=\"2126\"><p data-start=\"2066\" data-end=\"2126\">Welche Dokumente Sie ben\u00f6tigen (z. B. CE-Datei, MTR, SGS-Bericht).<\/p><\/li><li data-start=\"2127\" data-end=\"2179\"><p data-start=\"2130\" data-end=\"2179\">Ihr Lieferland oder Ihre Compliance-Anforderungen.<\/p><\/li><\/ol><p data-start=\"2181\" data-end=\"2320\">Wir antworten mit den genauen Unterlagen, die wir f\u00fcr dieses Modell besitzen, und bieten an, bei Bedarf eine unabh\u00e4ngige Inspektion oder ein Werksaudit zu organisieren.<\/p>\t\t\t\t\t\t\t\t<\/div>\n\t\t\t\t<\/div>\n\t\t\t\t\t<\/div>\n\t\t\t\t<\/div>\n\t\t<div class=\"elementor-element elementor-element-416a5e0 e-flex e-con-boxed e-con e-parent\" data-id=\"416a5e0\" data-element_type=\"container\">\n\t\t\t\t\t<div class=\"e-con-inner\">\n\t\t\t\t<div class=\"elementor-element elementor-element-cca5be2 elementor-widget elementor-widget-image\" data-id=\"cca5be2\" data-element_type=\"widget\" data-widget_type=\"image.default\">\n\t\t\t\t<div class=\"elementor-widget-container\">\n\t\t\t\t\t\t\t\t\t\t\t\t\t\t\t<img fetchpriority=\"high\" decoding=\"async\" width=\"1024\" height=\"346\" src=\"https:\/\/lansonmachines.com\/wp-content\/uploads\/2025\/10\/t7whj-5o0hx-1024x346.webp\" class=\"attachment-large size-large wp-image-1803\" alt=\"Zertifizierung\" srcset=\"https:\/\/lansonmachines.com\/wp-content\/uploads\/2025\/10\/t7whj-5o0hx-1024x346.webp 1024w, https:\/\/lansonmachines.com\/wp-content\/uploads\/2025\/10\/t7whj-5o0hx-300x101.webp 300w, https:\/\/lansonmachines.com\/wp-content\/uploads\/2025\/10\/t7whj-5o0hx-768x260.webp 768w, https:\/\/lansonmachines.com\/wp-content\/uploads\/2025\/10\/t7whj-5o0hx-1536x519.webp 1536w, https:\/\/lansonmachines.com\/wp-content\/uploads\/2025\/10\/t7whj-5o0hx.webp 1920w\" sizes=\"(max-width: 1024px) 100vw, 1024px\" \/>\t\t\t\t\t\t\t\t\t\t\t\t\t\t\t<\/div>\n\t\t\t\t<\/div>\n\t\t\t\t\t<\/div>\n\t\t\t\t<\/div>\n\t\t\t\t<\/div>","protected":false},"excerpt":{"rendered":"<p>Certifications At LansonMachines we treat certifications as proof \u2014 not promises. Our factory in Zhengzhou operates under a strict quality-management system and a documented production process so customers worldwide can rely on machine safety, performance, and export compliance. This page explains the types of certificates, reports and third-party checks we regularly provide to importers, distributors [&hellip;]<\/p>\n","protected":false},"author":1,"featured_media":0,"parent":0,"menu_order":0,"comment_status":"closed","ping_status":"closed","template":"","meta":{"_acf_changed":false,"site-sidebar-layout":"no-sidebar","site-content-layout":"page-builder","ast-site-content-layout":"full-width-container","site-content-style":"default","site-sidebar-style":"default","ast-global-header-display":"","ast-banner-title-visibility":"","ast-main-header-display":"","ast-hfb-above-header-display":"","ast-hfb-below-header-display":"","ast-hfb-mobile-header-display":"","site-post-title":"disabled","ast-breadcrumbs-content":"disabled","ast-featured-img":"disabled","footer-sml-layout":"","theme-transparent-header-meta":"default","adv-header-id-meta":"","stick-header-meta":"default","header-above-stick-meta":"","header-main-stick-meta":"","header-below-stick-meta":"","astra-migrate-meta-layouts":"set","ast-page-background-enabled":"default","ast-page-background-meta":{"desktop":{"background-color":"var(--ast-global-color-4)","background-image":"","background-repeat":"repeat","background-position":"center center","background-size":"auto","background-attachment":"scroll","background-type":"","background-media":"","overlay-type":"","overlay-color":"","overlay-opacity":"","overlay-gradient":""},"tablet":{"background-color":"","background-image":"","background-repeat":"repeat","background-position":"center center","background-size":"auto","background-attachment":"scroll","background-type":"","background-media":"","overlay-type":"","overlay-color":"","overlay-opacity":"","overlay-gradient":""},"mobile":{"background-color":"","background-image":"","background-repeat":"repeat","background-position":"center center","background-size":"auto","background-attachment":"scroll","background-type":"","background-media":"","overlay-type":"","overlay-color":"","overlay-opacity":"","overlay-gradient":""}},"ast-content-background-meta":{"desktop":{"background-color":"var(--ast-global-color-5)","background-image":"","background-repeat":"repeat","background-position":"center center","background-size":"auto","background-attachment":"scroll","background-type":"","background-media":"","overlay-type":"","overlay-color":"","overlay-opacity":"","overlay-gradient":""},"tablet":{"background-color":"var(--ast-global-color-5)","background-image":"","background-repeat":"repeat","background-position":"center center","background-size":"auto","background-attachment":"scroll","background-type":"","background-media":"","overlay-type":"","overlay-color":"","overlay-opacity":"","overlay-gradient":""},"mobile":{"background-color":"var(--ast-global-color-5)","background-image":"","background-repeat":"repeat","background-position":"center center","background-size":"auto","background-attachment":"scroll","background-type":"","background-media":"","overlay-type":"","overlay-color":"","overlay-opacity":"","overlay-gradient":""}},"footnotes":""},"class_list":["post-1647","page","type-page","status-publish","hentry"],"acf":[],"yoast_head":"<!-- This site is optimized with the Yoast SEO plugin v26.8 - https:\/\/yoast.com\/product\/yoast-seo-wordpress\/ -->\n<title>Certifications &amp; Standards, ISO \u00b7 CE \u00b7 SGS Pellet Machine - Lansonmachines<\/title>\n<meta name=\"description\" content=\"Lansonmachines: export-ready pellet mill supplier with product certification and inspection records. Ensuring international shipping compliance, safety and reliable after-sales support.\" \/>\n<meta name=\"robots\" content=\"index, follow, max-snippet:-1, max-image-preview:large, max-video-preview:-1\" \/>\n<link rel=\"canonical\" href=\"https:\/\/lansonmachines.com\/de\/certifications\/\" \/>\n<meta property=\"og:locale\" content=\"de_DE\" \/>\n<meta property=\"og:type\" content=\"article\" \/>\n<meta property=\"og:title\" content=\"Certifications &amp; Standards, ISO \u00b7 CE \u00b7 SGS Pellet Machine - Lansonmachines\" \/>\n<meta property=\"og:description\" content=\"Lansonmachines: export-ready pellet mill supplier with product certification and inspection records. Ensuring international shipping compliance, safety and reliable after-sales support.\" \/>\n<meta property=\"og:url\" content=\"https:\/\/lansonmachines.com\/de\/certifications\/\" \/>\n<meta property=\"og:site_name\" content=\"Lansonmachines\" \/>\n<meta property=\"article:modified_time\" content=\"2025-11-16T08:38:38+00:00\" \/>\n<meta property=\"og:image\" content=\"http:\/\/lansonmachines.com\/wp-content\/uploads\/2025\/10\/t7whj-5o0hx-1024x346.webp\" \/>\n<meta name=\"twitter:card\" content=\"summary_large_image\" \/>\n<meta name=\"twitter:label1\" content=\"Gesch\u00e4tzte Lesezeit\" \/>\n\t<meta name=\"twitter:data1\" content=\"2\u00a0Minuten\" \/>\n<script type=\"application\/ld+json\" class=\"yoast-schema-graph\">{\"@context\":\"https:\/\/schema.org\",\"@graph\":[{\"@type\":\"WebPage\",\"@id\":\"https:\/\/lansonmachines.com\/certifications\/\",\"url\":\"https:\/\/lansonmachines.com\/certifications\/\",\"name\":\"Certifications & Standards, ISO \u00b7 CE \u00b7 SGS Pellet Machine - Lansonmachines\",\"isPartOf\":{\"@id\":\"https:\/\/lansonmachines.com\/#website\"},\"primaryImageOfPage\":{\"@id\":\"https:\/\/lansonmachines.com\/certifications\/#primaryimage\"},\"image\":{\"@id\":\"https:\/\/lansonmachines.com\/certifications\/#primaryimage\"},\"thumbnailUrl\":\"http:\/\/lansonmachines.com\/wp-content\/uploads\/2025\/10\/t7whj-5o0hx-1024x346.webp\",\"datePublished\":\"2025-11-14T01:07:43+00:00\",\"dateModified\":\"2025-11-16T08:38:38+00:00\",\"description\":\"Lansonmachines: export-ready pellet mill supplier with product certification and inspection records. Ensuring international shipping compliance, safety and reliable after-sales support.\",\"breadcrumb\":{\"@id\":\"https:\/\/lansonmachines.com\/certifications\/#breadcrumb\"},\"inLanguage\":\"de\",\"potentialAction\":[{\"@type\":\"ReadAction\",\"target\":[\"https:\/\/lansonmachines.com\/certifications\/\"]}]},{\"@type\":\"ImageObject\",\"inLanguage\":\"de\",\"@id\":\"https:\/\/lansonmachines.com\/certifications\/#primaryimage\",\"url\":\"http:\/\/lansonmachines.com\/wp-content\/uploads\/2025\/10\/t7whj-5o0hx-1024x346.webp\",\"contentUrl\":\"http:\/\/lansonmachines.com\/wp-content\/uploads\/2025\/10\/t7whj-5o0hx-1024x346.webp\"},{\"@type\":\"BreadcrumbList\",\"@id\":\"https:\/\/lansonmachines.com\/certifications\/#breadcrumb\",\"itemListElement\":[{\"@type\":\"ListItem\",\"position\":1,\"name\":\"\u9996\u9875\",\"item\":\"https:\/\/lansonmachines.com\/\"},{\"@type\":\"ListItem\",\"position\":2,\"name\":\"Certifications\"}]},{\"@type\":\"WebSite\",\"@id\":\"https:\/\/lansonmachines.com\/#website\",\"url\":\"https:\/\/lansonmachines.com\/\",\"name\":\"Lansonmachines\",\"description\":\"Pellets Machine Maker\",\"publisher\":{\"@id\":\"https:\/\/lansonmachines.com\/#organization\"},\"potentialAction\":[{\"@type\":\"SearchAction\",\"target\":{\"@type\":\"EntryPoint\",\"urlTemplate\":\"https:\/\/lansonmachines.com\/?s={search_term_string}\"},\"query-input\":{\"@type\":\"PropertyValueSpecification\",\"valueRequired\":true,\"valueName\":\"search_term_string\"}}],\"inLanguage\":\"de\"},{\"@type\":\"Organization\",\"@id\":\"https:\/\/lansonmachines.com\/#organization\",\"name\":\"Haichen\",\"url\":\"https:\/\/lansonmachines.com\/\",\"logo\":{\"@type\":\"ImageObject\",\"inLanguage\":\"de\",\"@id\":\"https:\/\/lansonmachines.com\/#\/schema\/logo\/image\/\",\"url\":\"https:\/\/lansonmachines.com\/wp-content\/uploads\/2025\/11\/logo.webp\",\"contentUrl\":\"https:\/\/lansonmachines.com\/wp-content\/uploads\/2025\/11\/logo.webp\",\"width\":230,\"height\":70,\"caption\":\"Haichen\"},\"image\":{\"@id\":\"https:\/\/lansonmachines.com\/#\/schema\/logo\/image\/\"}}]}<\/script>\n<!-- \/ Yoast SEO plugin. -->","yoast_head_json":{"title":"Zertifizierungen &amp; Normen, ISO - CE - SGS Pelletiermaschine - Lansonmachines","description":"Lansonmachines: exportf\u00e4higer Lieferant von Pelletpressen mit Produktzertifizierung und Pr\u00fcfprotokollen. Gew\u00e4hrleistung der Einhaltung internationaler Versandvorschriften, der Sicherheit und eines zuverl\u00e4ssigen After-Sales-Supports.","robots":{"index":"index","follow":"follow","max-snippet":"max-snippet:-1","max-image-preview":"max-image-preview:large","max-video-preview":"max-video-preview:-1"},"canonical":"https:\/\/lansonmachines.com\/de\/certifications\/","og_locale":"de_DE","og_type":"article","og_title":"Certifications & Standards, ISO \u00b7 CE \u00b7 SGS Pellet Machine - Lansonmachines","og_description":"Lansonmachines: export-ready pellet mill supplier with product certification and inspection records. Ensuring international shipping compliance, safety and reliable after-sales support.","og_url":"https:\/\/lansonmachines.com\/de\/certifications\/","og_site_name":"Lansonmachines","article_modified_time":"2025-11-16T08:38:38+00:00","og_image":[{"url":"http:\/\/lansonmachines.com\/wp-content\/uploads\/2025\/10\/t7whj-5o0hx-1024x346.webp","type":"","width":"","height":""}],"twitter_card":"summary_large_image","twitter_misc":{"Gesch\u00e4tzte Lesezeit":"2\u00a0Minuten"},"schema":{"@context":"https:\/\/schema.org","@graph":[{"@type":"WebPage","@id":"https:\/\/lansonmachines.com\/certifications\/","url":"https:\/\/lansonmachines.com\/certifications\/","name":"Zertifizierungen &amp; Normen, ISO - CE - SGS Pelletiermaschine - Lansonmachines","isPartOf":{"@id":"https:\/\/lansonmachines.com\/#website"},"primaryImageOfPage":{"@id":"https:\/\/lansonmachines.com\/certifications\/#primaryimage"},"image":{"@id":"https:\/\/lansonmachines.com\/certifications\/#primaryimage"},"thumbnailUrl":"http:\/\/lansonmachines.com\/wp-content\/uploads\/2025\/10\/t7whj-5o0hx-1024x346.webp","datePublished":"2025-11-14T01:07:43+00:00","dateModified":"2025-11-16T08:38:38+00:00","description":"Lansonmachines: exportf\u00e4higer Lieferant von Pelletpressen mit Produktzertifizierung und Pr\u00fcfprotokollen. Gew\u00e4hrleistung der Einhaltung internationaler Versandvorschriften, der Sicherheit und eines zuverl\u00e4ssigen After-Sales-Supports.","breadcrumb":{"@id":"https:\/\/lansonmachines.com\/certifications\/#breadcrumb"},"inLanguage":"de","potentialAction":[{"@type":"ReadAction","target":["https:\/\/lansonmachines.com\/certifications\/"]}]},{"@type":"ImageObject","inLanguage":"de","@id":"https:\/\/lansonmachines.com\/certifications\/#primaryimage","url":"http:\/\/lansonmachines.com\/wp-content\/uploads\/2025\/10\/t7whj-5o0hx-1024x346.webp","contentUrl":"http:\/\/lansonmachines.com\/wp-content\/uploads\/2025\/10\/t7whj-5o0hx-1024x346.webp"},{"@type":"BreadcrumbList","@id":"https:\/\/lansonmachines.com\/certifications\/#breadcrumb","itemListElement":[{"@type":"ListItem","position":1,"name":"\u9996\u9875","item":"https:\/\/lansonmachines.com\/"},{"@type":"ListItem","position":2,"name":"Certifications"}]},{"@type":"WebSite","@id":"https:\/\/lansonmachines.com\/#website","url":"https:\/\/lansonmachines.com\/","name":"Lansonmaschinen","description":"Hersteller von Pelletsmaschinen","publisher":{"@id":"https:\/\/lansonmachines.com\/#organization"},"potentialAction":[{"@type":"SearchAction","target":{"@type":"EntryPoint","urlTemplate":"https:\/\/lansonmachines.com\/?s={search_term_string}"},"query-input":{"@type":"PropertyValueSpecification","valueRequired":true,"valueName":"search_term_string"}}],"inLanguage":"de"},{"@type":"Organization","@id":"https:\/\/lansonmachines.com\/#organization","name":"Haichen","url":"https:\/\/lansonmachines.com\/","logo":{"@type":"ImageObject","inLanguage":"de","@id":"https:\/\/lansonmachines.com\/#\/schema\/logo\/image\/","url":"https:\/\/lansonmachines.com\/wp-content\/uploads\/2025\/11\/logo.webp","contentUrl":"https:\/\/lansonmachines.com\/wp-content\/uploads\/2025\/11\/logo.webp","width":230,"height":70,"caption":"Haichen"},"image":{"@id":"https:\/\/lansonmachines.com\/#\/schema\/logo\/image\/"}}]}},"_links":{"self":[{"href":"https:\/\/lansonmachines.com\/de\/wp-json\/wp\/v2\/pages\/1647","targetHints":{"allow":["GET"]}}],"collection":[{"href":"https:\/\/lansonmachines.com\/de\/wp-json\/wp\/v2\/pages"}],"about":[{"href":"https:\/\/lansonmachines.com\/de\/wp-json\/wp\/v2\/types\/page"}],"author":[{"embeddable":true,"href":"https:\/\/lansonmachines.com\/de\/wp-json\/wp\/v2\/users\/1"}],"replies":[{"embeddable":true,"href":"https:\/\/lansonmachines.com\/de\/wp-json\/wp\/v2\/comments?post=1647"}],"version-history":[{"count":18,"href":"https:\/\/lansonmachines.com\/de\/wp-json\/wp\/v2\/pages\/1647\/revisions"}],"predecessor-version":[{"id":1845,"href":"https:\/\/lansonmachines.com\/de\/wp-json\/wp\/v2\/pages\/1647\/revisions\/1845"}],"wp:attachment":[{"href":"https:\/\/lansonmachines.com\/de\/wp-json\/wp\/v2\/media?parent=1647"}],"curies":[{"name":"wp","href":"https:\/\/api.w.org\/{rel}","templated":true}]}}