{"id":1661,"date":"2025-11-14T09:18:29","date_gmt":"2025-11-14T01:18:29","guid":{"rendered":"http:\/\/www.tioxhua.com\/?page_id=1661"},"modified":"2025-11-16T16:51:15","modified_gmt":"2025-11-16T08:51:15","slug":"factory-workshops","status":"publish","type":"page","link":"https:\/\/lansonmachines.com\/de\/factory-workshops\/","title":{"rendered":"Werkst\u00e4tten"},"content":{"rendered":"<div data-elementor-type=\"wp-page\" data-elementor-id=\"1661\" class=\"elementor elementor-1661\" data-elementor-post-type=\"page\">\n\t\t\t\t<div class=\"elementor-element elementor-element-9a3732f e-flex e-con-boxed e-con e-parent\" data-id=\"9a3732f\" data-element_type=\"container\">\n\t\t\t\t\t<div class=\"e-con-inner\">\n\t\t\t\t<div class=\"elementor-element elementor-element-c60d5a9 elementor-widget elementor-widget-heading\" data-id=\"c60d5a9\" data-element_type=\"widget\" data-widget_type=\"heading.default\">\n\t\t\t\t<div class=\"elementor-widget-container\">\n\t\t\t\t\t<h1 class=\"elementor-heading-title elementor-size-default\">Werkst\u00e4tten<\/h1>\t\t\t\t<\/div>\n\t\t\t\t<\/div>\n\t\t\t\t\t<\/div>\n\t\t\t\t<\/div>\n\t\t<div class=\"elementor-element elementor-element-c1c1513 e-flex e-con-boxed e-con e-parent\" data-id=\"c1c1513\" data-element_type=\"container\">\n\t\t\t\t\t<div class=\"e-con-inner\">\n\t\t\t\t<div class=\"elementor-element elementor-element-66025cc elementor-widget elementor-widget-text-editor\" data-id=\"66025cc\" data-element_type=\"widget\" data-widget_type=\"text-editor.default\">\n\t\t\t\t<div class=\"elementor-widget-container\">\n\t\t\t\t\t\t\t\t\t<p data-start=\"77\" data-end=\"523\">Die Fabrik und die Werkst\u00e4tten von LansonMachines befinden sich in Zhengzhou, Henan - dem Herzen der chinesischen Produktionsregion f\u00fcr leichte und mittlere Industriemaschinen. Unsere Werkst\u00e4tten sind f\u00fcr eine effiziente, r\u00fcckverfolgbare Produktion eingerichtet: von der Rohmaterialannahme \u00fcber die Pr\u00e4zisionsbearbeitung bis hin zur Montage, Qualit\u00e4tspr\u00fcfung und Verpackung. Auf dieser Seite erfahren Sie, wie unsere Anlagen und Verfahren die Produktqualit\u00e4t, die Liefertreue und die langfristige Leistungsf\u00e4higkeit unserer Maschinen gew\u00e4hrleisten.<\/p><h2 data-start=\"525\" data-end=\"545\">Workshop-\u00dcbersicht<\/h2><ul data-start=\"546\" data-end=\"1138\"><li data-start=\"546\" data-end=\"730\"><p data-start=\"548\" data-end=\"730\"><strong data-start=\"548\" data-end=\"572\">Speziell eingerichtete Bereiche:<\/strong> Getrennte Zonen f\u00fcr die Bearbeitung, das Schwei\u00dfen, die W\u00e4rmebehandlung, die Montage, die Elektroinstallation und die Testl\u00e4ufe sorgen f\u00fcr saubere Arbeitsabl\u00e4ufe und reduzieren die Kreuzkontamination.<\/p><\/li><li data-start=\"731\" data-end=\"931\"><p data-start=\"733\" data-end=\"931\"><strong data-start=\"733\" data-end=\"756\">Klarer Prozessablauf:<\/strong> Rohmaterial \u2192 Bearbeitung \u2192 Oberfl\u00e4chenbehandlung \u2192 Montage \u2192 Testlauf \u2192 Endkontrolle \u2192 Verpackung, was uns hilft, konstante Lieferzeiten und eine zuverl\u00e4ssige Qualit\u00e4tskontrolle zu gew\u00e4hrleisten.<\/p><\/li><li data-start=\"932\" data-end=\"1138\"><p data-start=\"934\" data-end=\"1138\"><strong data-start=\"934\" data-end=\"956\">Qualifizierte Arbeitskr\u00e4fte:<\/strong> Unsere Techniker und Ingenieure sind f\u00fcr die Produktion, Montage und Inbetriebnahme von Pelletpressen vor Ort geschult und haben Erfahrung im Umgang mit Diesel-, Elektro-, Flach- und Ringmatrizenmaschinen.<\/p><\/li><\/ul><h2 data-start=\"1140\" data-end=\"1171\">Wichtige Ausr\u00fcstung und F\u00e4higkeiten<\/h2><ul data-start=\"1172\" data-end=\"1571\"><li data-start=\"1172\" data-end=\"1233\"><p data-start=\"1174\" data-end=\"1233\">CNC-Dreh- und Fr\u00e4smaschinen f\u00fcr hochpr\u00e4zise Teile.<\/p><\/li><li data-start=\"1234\" data-end=\"1315\"><p data-start=\"1236\" data-end=\"1315\">Schwei\u00dfkabinen mit qualifizierten Schwei\u00dfern und Vorrichtungen f\u00fcr wiederholbare Montagen.<\/p><\/li><li data-start=\"1316\" data-end=\"1374\"><p data-start=\"1318\" data-end=\"1374\">Auswucht- und Vibrationspr\u00fcfst\u00e4nde f\u00fcr rotierende Bauteile.<\/p><\/li><li data-start=\"1375\" data-end=\"1465\"><p data-start=\"1377\" data-end=\"1465\">Eigene Bearbeitung von Matrizen, Rollen und Wellen zur Verk\u00fcrzung der Vorlaufzeiten f\u00fcr Ersatzteile.<\/p><\/li><li data-start=\"1466\" data-end=\"1571\"><p data-start=\"1468\" data-end=\"1571\">Montageb\u00e4nke und kontrollierte Testbereiche f\u00fcr Volllastversuche mit vom Kunden simuliertem Ausgangsmaterial.<\/p><\/li><\/ul><h2 data-start=\"1573\" data-end=\"1609\">Qualit\u00e4tssicherung in der Werkstatt<\/h2><ul data-start=\"1610\" data-end=\"2131\"><li data-start=\"1610\" data-end=\"1720\"><p data-start=\"1612\" data-end=\"1720\"><strong data-start=\"1612\" data-end=\"1636\">Eingehende Inspektion:<\/strong> Die R\u00fcckverfolgbarkeit des Materials und die Pr\u00fcfberichte des Walzwerks werden vor Beginn der Bearbeitung aufgezeichnet.<\/p><\/li><li data-start=\"1721\" data-end=\"1823\"><p data-start=\"1723\" data-end=\"1823\"><strong data-start=\"1723\" data-end=\"1745\">Laufende Kontrollen:<\/strong> Ma\u00df- und Funktionspr\u00fcfungen in kritischen Phasen, um Probleme fr\u00fchzeitig zu erkennen.<\/p><\/li><li data-start=\"1824\" data-end=\"1989\"><p data-start=\"1826\" data-end=\"1989\"><strong data-start=\"1826\" data-end=\"1846\">Abschlie\u00dfende Testl\u00e4ufe:<\/strong> Jede Pelletpresse wird vor dem Verpacken einem Leistungstest unterzogen (im Leerlauf und unter Last), um die Leistung, die Pelletqualit\u00e4t und die L\u00e4rm- und Vibrationswerte zu \u00fcberpr\u00fcfen.<\/p><\/li><li data-start=\"1990\" data-end=\"2131\"><p data-start=\"1992\" data-end=\"2131\"><strong data-start=\"1992\" data-end=\"2010\">Dokumentation:<\/strong> Pr\u00fcfprotokolle, Inspektionsberichte und Packlisten werden f\u00fcr jede Sendung zur Verf\u00fcgung gestellt; Inspektionen durch Dritte sind willkommen.<\/p><\/li><\/ul><h2 data-start=\"2133\" data-end=\"2164\">Verpackung, Lagerung und Logistik<\/h2><ul data-start=\"2165\" data-end=\"2476\"><li data-start=\"2165\" data-end=\"2286\"><p data-start=\"2167\" data-end=\"2286\">Schwere Exportverpackung (Holzkisten, Paletten, Rostschutz) zum Schutz der Maschinen beim See- oder Lufttransport.<\/p><\/li><li data-start=\"2287\" data-end=\"2368\"><p data-start=\"2289\" data-end=\"2368\">Organisierte das Lager f\u00fcr Ersatzteile und fertige Maschinen, um den Versand zu beschleunigen.<\/p><\/li><li data-start=\"2369\" data-end=\"2476\"><p data-start=\"2371\" data-end=\"2476\">Koordinierung mit erfahrenen Spediteuren f\u00fcr EXW\/FOB\/CIF-Lieferbedingungen und Exportdokumente.<\/p><\/li><\/ul><h2 data-start=\"2478\" data-end=\"2517\">Sicherheit, Umwelt und Arbeitskr\u00e4ftebetreuung<\/h2><ul data-start=\"2518\" data-end=\"2780\"><li data-start=\"2518\" data-end=\"2607\"><p data-start=\"2520\" data-end=\"2607\">Sicherheitsverfahren in den Werkst\u00e4tten (PSA, Schutzvorrichtungen f\u00fcr Maschinen, elektrische Sicherheit).<\/p><\/li><li data-start=\"2608\" data-end=\"2699\"><p data-start=\"2610\" data-end=\"2699\">Abfallmanagement und verantwortungsvolle Entsorgung von \u00d6len\/K\u00fchlmitteln gem\u00e4\u00df den \u00f6rtlichen Vorschriften.<\/p><\/li><li data-start=\"2700\" data-end=\"2780\"><p data-start=\"2702\" data-end=\"2780\">Fortlaufende Schulungsprogramme zur Verbesserung der Arbeitsausf\u00fchrung, Sicherheit und Montagequalit\u00e4t.<\/p><\/li><\/ul><h2 data-start=\"2782\" data-end=\"2807\">Was die Kunden sehen k\u00f6nnen<\/h2><p data-start=\"2808\" data-end=\"3057\">Auf Anfrage stellen wir aktuelle Werkstattfotos, kurze Werksvideos und Prozessablaufdiagramme zur Verf\u00fcgung. Bei Gro\u00dfauftr\u00e4gen oder technischen Projekten begr\u00fc\u00dfen wir Werksbesuche oder Audits durch Dritte, damit sich die K\u00e4ufer pers\u00f6nlich von der Kapazit\u00e4t und den Produktionskontrollen \u00fcberzeugen k\u00f6nnen.<\/p>\t\t\t\t\t\t\t\t<\/div>\n\t\t\t\t<\/div>\n\t\t\t\t\t<\/div>\n\t\t\t\t<\/div>\n\t\t<div class=\"elementor-element elementor-element-8188964 e-flex e-con-boxed e-con e-parent\" data-id=\"8188964\" data-element_type=\"container\">\n\t\t\t\t\t<div class=\"e-con-inner\">\n\t\t<div class=\"elementor-element elementor-element-0d4c2dd e-con-full e-flex e-con e-child\" data-id=\"0d4c2dd\" data-element_type=\"container\">\n\t\t\t\t<div class=\"elementor-element elementor-element-6d454ba elementor-widget elementor-widget-image\" data-id=\"6d454ba\" data-element_type=\"widget\" data-widget_type=\"image.default\">\n\t\t\t\t<div class=\"elementor-widget-container\">\n\t\t\t\t\t\t\t\t\t\t\t\t\t\t\t<img fetchpriority=\"high\" decoding=\"async\" width=\"700\" height=\"500\" src=\"https:\/\/lansonmachines.com\/wp-content\/uploads\/2025\/11\/tcnjm-pafxr.webp\" class=\"attachment-large size-large wp-image-1821\" alt=\"Pelletiermaschine FACTORY SHOW\" srcset=\"https:\/\/lansonmachines.com\/wp-content\/uploads\/2025\/11\/tcnjm-pafxr.webp 700w, https:\/\/lansonmachines.com\/wp-content\/uploads\/2025\/11\/tcnjm-pafxr-300x214.webp 300w\" sizes=\"(max-width: 700px) 100vw, 700px\" \/>\t\t\t\t\t\t\t\t\t\t\t\t\t\t\t<\/div>\n\t\t\t\t<\/div>\n\t\t\t\t<\/div>\n\t\t<div class=\"elementor-element elementor-element-d2db5ab e-con-full e-flex e-con e-child\" data-id=\"d2db5ab\" data-element_type=\"container\">\n\t\t\t\t<div class=\"elementor-element elementor-element-2452260 elementor-widget elementor-widget-image\" data-id=\"2452260\" data-element_type=\"widget\" data-widget_type=\"image.default\">\n\t\t\t\t<div class=\"elementor-widget-container\">\n\t\t\t\t\t\t\t\t\t\t\t\t\t\t\t<img decoding=\"async\" width=\"693\" height=\"494\" src=\"https:\/\/lansonmachines.com\/wp-content\/uploads\/2025\/11\/tk69k-c1qfz.webp\" class=\"attachment-large size-large wp-image-1825\" alt=\"Pelletiermaschine FACTORY SHOW\" srcset=\"https:\/\/lansonmachines.com\/wp-content\/uploads\/2025\/11\/tk69k-c1qfz.webp 693w, https:\/\/lansonmachines.com\/wp-content\/uploads\/2025\/11\/tk69k-c1qfz-300x214.webp 300w\" sizes=\"(max-width: 693px) 100vw, 693px\" \/>\t\t\t\t\t\t\t\t\t\t\t\t\t\t\t<\/div>\n\t\t\t\t<\/div>\n\t\t\t\t<\/div>\n\t\t<div class=\"elementor-element elementor-element-13d7a59 e-con-full e-flex e-con e-child\" data-id=\"13d7a59\" data-element_type=\"container\">\n\t\t\t\t<div class=\"elementor-element elementor-element-423019e elementor-widget elementor-widget-image\" data-id=\"423019e\" data-element_type=\"widget\" data-widget_type=\"image.default\">\n\t\t\t\t<div class=\"elementor-widget-container\">\n\t\t\t\t\t\t\t\t\t\t\t\t\t\t\t<img decoding=\"async\" width=\"700\" height=\"500\" src=\"https:\/\/lansonmachines.com\/wp-content\/uploads\/2025\/11\/t7xtj-upiqe.webp\" class=\"attachment-large size-large wp-image-1824\" alt=\"Pelletiermaschine FACTORY SHOW\" srcset=\"https:\/\/lansonmachines.com\/wp-content\/uploads\/2025\/11\/t7xtj-upiqe.webp 700w, https:\/\/lansonmachines.com\/wp-content\/uploads\/2025\/11\/t7xtj-upiqe-300x214.webp 300w\" sizes=\"(max-width: 700px) 100vw, 700px\" \/>\t\t\t\t\t\t\t\t\t\t\t\t\t\t\t<\/div>\n\t\t\t\t<\/div>\n\t\t\t\t<\/div>\n\t\t<div class=\"elementor-element elementor-element-ae0798d e-con-full e-flex e-con e-child\" data-id=\"ae0798d\" data-element_type=\"container\">\n\t\t\t\t<div class=\"elementor-element elementor-element-79737df elementor-widget elementor-widget-image\" data-id=\"79737df\" data-element_type=\"widget\" data-widget_type=\"image.default\">\n\t\t\t\t<div class=\"elementor-widget-container\">\n\t\t\t\t\t\t\t\t\t\t\t\t\t\t\t<img loading=\"lazy\" decoding=\"async\" width=\"700\" height=\"500\" src=\"https:\/\/lansonmachines.com\/wp-content\/uploads\/2025\/11\/t0wlr-lraig.webp\" class=\"attachment-large size-large wp-image-1822\" alt=\"Pelletiermaschine FACTORY SHOW\" srcset=\"https:\/\/lansonmachines.com\/wp-content\/uploads\/2025\/11\/t0wlr-lraig.webp 700w, https:\/\/lansonmachines.com\/wp-content\/uploads\/2025\/11\/t0wlr-lraig-300x214.webp 300w\" sizes=\"(max-width: 700px) 100vw, 700px\" \/>\t\t\t\t\t\t\t\t\t\t\t\t\t\t\t<\/div>\n\t\t\t\t<\/div>\n\t\t\t\t<\/div>\n\t\t\t\t\t<\/div>\n\t\t\t\t<\/div>\n\t\t\t\t<\/div>","protected":false},"excerpt":{"rendered":"<p>Factory Workshops LansonMachines\u2019 factory and workshops are located in Zhengzhou, Henan \u2014 the heart of China\u2019s manufacturing region for light and medium industrial machinery. Our workshops are organized for efficient, traceable production: from raw-material receiving and precision machining to assembly, quality testing and packing. This page explains how our facility and processes protect product quality, [&hellip;]<\/p>\n","protected":false},"author":1,"featured_media":0,"parent":0,"menu_order":0,"comment_status":"closed","ping_status":"closed","template":"","meta":{"_acf_changed":false,"site-sidebar-layout":"no-sidebar","site-content-layout":"page-builder","ast-site-content-layout":"full-width-container","site-content-style":"default","site-sidebar-style":"default","ast-global-header-display":"","ast-banner-title-visibility":"","ast-main-header-display":"","ast-hfb-above-header-display":"","ast-hfb-below-header-display":"","ast-hfb-mobile-header-display":"","site-post-title":"disabled","ast-breadcrumbs-content":"disabled","ast-featured-img":"disabled","footer-sml-layout":"","theme-transparent-header-meta":"default","adv-header-id-meta":"","stick-header-meta":"default","header-above-stick-meta":"","header-main-stick-meta":"","header-below-stick-meta":"","astra-migrate-meta-layouts":"set","ast-page-background-enabled":"default","ast-page-background-meta":{"desktop":{"background-color":"var(--ast-global-color-4)","background-image":"","background-repeat":"repeat","background-position":"center center","background-size":"auto","background-attachment":"scroll","background-type":"","background-media":"","overlay-type":"","overlay-color":"","overlay-opacity":"","overlay-gradient":""},"tablet":{"background-color":"","background-image":"","background-repeat":"repeat","background-position":"center center","background-size":"auto","background-attachment":"scroll","background-type":"","background-media":"","overlay-type":"","overlay-color":"","overlay-opacity":"","overlay-gradient":""},"mobile":{"background-color":"","background-image":"","background-repeat":"repeat","background-position":"center center","background-size":"auto","background-attachment":"scroll","background-type":"","background-media":"","overlay-type":"","overlay-color":"","overlay-opacity":"","overlay-gradient":""}},"ast-content-background-meta":{"desktop":{"background-color":"var(--ast-global-color-5)","background-image":"","background-repeat":"repeat","background-position":"center center","background-size":"auto","background-attachment":"scroll","background-type":"","background-media":"","overlay-type":"","overlay-color":"","overlay-opacity":"","overlay-gradient":""},"tablet":{"background-color":"var(--ast-global-color-5)","background-image":"","background-repeat":"repeat","background-position":"center center","background-size":"auto","background-attachment":"scroll","background-type":"","background-media":"","overlay-type":"","overlay-color":"","overlay-opacity":"","overlay-gradient":""},"mobile":{"background-color":"var(--ast-global-color-5)","background-image":"","background-repeat":"repeat","background-position":"center center","background-size":"auto","background-attachment":"scroll","background-type":"","background-media":"","overlay-type":"","overlay-color":"","overlay-opacity":"","overlay-gradient":""}},"footnotes":""},"class_list":["post-1661","page","type-page","status-publish","hentry"],"acf":[],"yoast_head":"<!-- This site is optimized with the Yoast SEO plugin v26.8 - https:\/\/yoast.com\/product\/yoast-seo-wordpress\/ -->\n<title>Factory Workshops, Lansonmachines Pellet Mill Production - Lansonmachines<\/title>\n<meta name=\"description\" content=\"See our production lines, wood, biomass &amp; feed pellet mill assembly, testing benches, CNC machining and final inspection. Turnkey production capability from China.\" \/>\n<meta name=\"robots\" content=\"index, follow, max-snippet:-1, max-image-preview:large, max-video-preview:-1\" \/>\n<link rel=\"canonical\" href=\"https:\/\/lansonmachines.com\/de\/factory-workshops\/\" \/>\n<meta property=\"og:locale\" content=\"de_DE\" \/>\n<meta property=\"og:type\" content=\"article\" \/>\n<meta property=\"og:title\" content=\"Factory Workshops, Lansonmachines Pellet Mill Production - Lansonmachines\" \/>\n<meta property=\"og:description\" content=\"See our production lines, wood, biomass &amp; feed pellet mill assembly, testing benches, CNC machining and final inspection. Turnkey production capability from China.\" \/>\n<meta property=\"og:url\" content=\"https:\/\/lansonmachines.com\/de\/factory-workshops\/\" \/>\n<meta property=\"og:site_name\" content=\"Lansonmachines\" \/>\n<meta property=\"article:modified_time\" content=\"2025-11-16T08:51:15+00:00\" \/>\n<meta property=\"og:image\" content=\"http:\/\/lansonmachines.com\/wp-content\/uploads\/2025\/11\/tcnjm-pafxr.webp\" \/>\n<meta name=\"twitter:card\" content=\"summary_large_image\" \/>\n<meta name=\"twitter:label1\" content=\"Gesch\u00e4tzte Lesezeit\" \/>\n\t<meta name=\"twitter:data1\" content=\"3\u00a0Minuten\" \/>\n<script type=\"application\/ld+json\" class=\"yoast-schema-graph\">{\"@context\":\"https:\/\/schema.org\",\"@graph\":[{\"@type\":\"WebPage\",\"@id\":\"https:\/\/lansonmachines.com\/factory-workshops\/\",\"url\":\"https:\/\/lansonmachines.com\/factory-workshops\/\",\"name\":\"Factory Workshops, Lansonmachines Pellet Mill Production - Lansonmachines\",\"isPartOf\":{\"@id\":\"https:\/\/lansonmachines.com\/#website\"},\"primaryImageOfPage\":{\"@id\":\"https:\/\/lansonmachines.com\/factory-workshops\/#primaryimage\"},\"image\":{\"@id\":\"https:\/\/lansonmachines.com\/factory-workshops\/#primaryimage\"},\"thumbnailUrl\":\"http:\/\/lansonmachines.com\/wp-content\/uploads\/2025\/11\/tcnjm-pafxr.webp\",\"datePublished\":\"2025-11-14T01:18:29+00:00\",\"dateModified\":\"2025-11-16T08:51:15+00:00\",\"description\":\"See our production lines, wood, biomass & feed pellet mill assembly, testing benches, CNC machining and final inspection. Turnkey production capability from China.\",\"breadcrumb\":{\"@id\":\"https:\/\/lansonmachines.com\/factory-workshops\/#breadcrumb\"},\"inLanguage\":\"de\",\"potentialAction\":[{\"@type\":\"ReadAction\",\"target\":[\"https:\/\/lansonmachines.com\/factory-workshops\/\"]}]},{\"@type\":\"ImageObject\",\"inLanguage\":\"de\",\"@id\":\"https:\/\/lansonmachines.com\/factory-workshops\/#primaryimage\",\"url\":\"http:\/\/lansonmachines.com\/wp-content\/uploads\/2025\/11\/tcnjm-pafxr.webp\",\"contentUrl\":\"http:\/\/lansonmachines.com\/wp-content\/uploads\/2025\/11\/tcnjm-pafxr.webp\"},{\"@type\":\"BreadcrumbList\",\"@id\":\"https:\/\/lansonmachines.com\/factory-workshops\/#breadcrumb\",\"itemListElement\":[{\"@type\":\"ListItem\",\"position\":1,\"name\":\"\u9996\u9875\",\"item\":\"https:\/\/lansonmachines.com\/\"},{\"@type\":\"ListItem\",\"position\":2,\"name\":\"Factory Workshops\"}]},{\"@type\":\"WebSite\",\"@id\":\"https:\/\/lansonmachines.com\/#website\",\"url\":\"https:\/\/lansonmachines.com\/\",\"name\":\"Lansonmachines\",\"description\":\"Pellets Machine Maker\",\"publisher\":{\"@id\":\"https:\/\/lansonmachines.com\/#organization\"},\"potentialAction\":[{\"@type\":\"SearchAction\",\"target\":{\"@type\":\"EntryPoint\",\"urlTemplate\":\"https:\/\/lansonmachines.com\/?s={search_term_string}\"},\"query-input\":{\"@type\":\"PropertyValueSpecification\",\"valueRequired\":true,\"valueName\":\"search_term_string\"}}],\"inLanguage\":\"de\"},{\"@type\":\"Organization\",\"@id\":\"https:\/\/lansonmachines.com\/#organization\",\"name\":\"Haichen\",\"url\":\"https:\/\/lansonmachines.com\/\",\"logo\":{\"@type\":\"ImageObject\",\"inLanguage\":\"de\",\"@id\":\"https:\/\/lansonmachines.com\/#\/schema\/logo\/image\/\",\"url\":\"https:\/\/lansonmachines.com\/wp-content\/uploads\/2025\/11\/logo.webp\",\"contentUrl\":\"https:\/\/lansonmachines.com\/wp-content\/uploads\/2025\/11\/logo.webp\",\"width\":230,\"height\":70,\"caption\":\"Haichen\"},\"image\":{\"@id\":\"https:\/\/lansonmachines.com\/#\/schema\/logo\/image\/\"}}]}<\/script>\n<!-- \/ Yoast SEO plugin. -->","yoast_head_json":{"title":"Werkst\u00e4tten, Lansonmachines Pellet Mill Produktion - Lansonmachines","description":"Sehen Sie sich unsere Produktionslinien, die Montage von Holz-, Biomasse- und Futtermittelpelletieranlagen, Pr\u00fcfst\u00e4nde, CNC-Bearbeitung und Endkontrolle an. Schl\u00fcsselfertige Produktion aus China.","robots":{"index":"index","follow":"follow","max-snippet":"max-snippet:-1","max-image-preview":"max-image-preview:large","max-video-preview":"max-video-preview:-1"},"canonical":"https:\/\/lansonmachines.com\/de\/factory-workshops\/","og_locale":"de_DE","og_type":"article","og_title":"Factory Workshops, Lansonmachines Pellet Mill Production - Lansonmachines","og_description":"See our production lines, wood, biomass & feed pellet mill assembly, testing benches, CNC machining and final inspection. Turnkey production capability from China.","og_url":"https:\/\/lansonmachines.com\/de\/factory-workshops\/","og_site_name":"Lansonmachines","article_modified_time":"2025-11-16T08:51:15+00:00","og_image":[{"url":"http:\/\/lansonmachines.com\/wp-content\/uploads\/2025\/11\/tcnjm-pafxr.webp","type":"","width":"","height":""}],"twitter_card":"summary_large_image","twitter_misc":{"Gesch\u00e4tzte Lesezeit":"3\u00a0Minuten"},"schema":{"@context":"https:\/\/schema.org","@graph":[{"@type":"WebPage","@id":"https:\/\/lansonmachines.com\/factory-workshops\/","url":"https:\/\/lansonmachines.com\/factory-workshops\/","name":"Werkst\u00e4tten, Lansonmachines Pellet Mill Produktion - Lansonmachines","isPartOf":{"@id":"https:\/\/lansonmachines.com\/#website"},"primaryImageOfPage":{"@id":"https:\/\/lansonmachines.com\/factory-workshops\/#primaryimage"},"image":{"@id":"https:\/\/lansonmachines.com\/factory-workshops\/#primaryimage"},"thumbnailUrl":"http:\/\/lansonmachines.com\/wp-content\/uploads\/2025\/11\/tcnjm-pafxr.webp","datePublished":"2025-11-14T01:18:29+00:00","dateModified":"2025-11-16T08:51:15+00:00","description":"Sehen Sie sich unsere Produktionslinien, die Montage von Holz-, Biomasse- und Futtermittelpelletieranlagen, Pr\u00fcfst\u00e4nde, CNC-Bearbeitung und Endkontrolle an. Schl\u00fcsselfertige Produktion aus China.","breadcrumb":{"@id":"https:\/\/lansonmachines.com\/factory-workshops\/#breadcrumb"},"inLanguage":"de","potentialAction":[{"@type":"ReadAction","target":["https:\/\/lansonmachines.com\/factory-workshops\/"]}]},{"@type":"ImageObject","inLanguage":"de","@id":"https:\/\/lansonmachines.com\/factory-workshops\/#primaryimage","url":"http:\/\/lansonmachines.com\/wp-content\/uploads\/2025\/11\/tcnjm-pafxr.webp","contentUrl":"http:\/\/lansonmachines.com\/wp-content\/uploads\/2025\/11\/tcnjm-pafxr.webp"},{"@type":"BreadcrumbList","@id":"https:\/\/lansonmachines.com\/factory-workshops\/#breadcrumb","itemListElement":[{"@type":"ListItem","position":1,"name":"\u9996\u9875","item":"https:\/\/lansonmachines.com\/"},{"@type":"ListItem","position":2,"name":"Factory Workshops"}]},{"@type":"WebSite","@id":"https:\/\/lansonmachines.com\/#website","url":"https:\/\/lansonmachines.com\/","name":"Lansonmaschinen","description":"Hersteller von Pelletsmaschinen","publisher":{"@id":"https:\/\/lansonmachines.com\/#organization"},"potentialAction":[{"@type":"SearchAction","target":{"@type":"EntryPoint","urlTemplate":"https:\/\/lansonmachines.com\/?s={search_term_string}"},"query-input":{"@type":"PropertyValueSpecification","valueRequired":true,"valueName":"search_term_string"}}],"inLanguage":"de"},{"@type":"Organization","@id":"https:\/\/lansonmachines.com\/#organization","name":"Haichen","url":"https:\/\/lansonmachines.com\/","logo":{"@type":"ImageObject","inLanguage":"de","@id":"https:\/\/lansonmachines.com\/#\/schema\/logo\/image\/","url":"https:\/\/lansonmachines.com\/wp-content\/uploads\/2025\/11\/logo.webp","contentUrl":"https:\/\/lansonmachines.com\/wp-content\/uploads\/2025\/11\/logo.webp","width":230,"height":70,"caption":"Haichen"},"image":{"@id":"https:\/\/lansonmachines.com\/#\/schema\/logo\/image\/"}}]}},"_links":{"self":[{"href":"https:\/\/lansonmachines.com\/de\/wp-json\/wp\/v2\/pages\/1661","targetHints":{"allow":["GET"]}}],"collection":[{"href":"https:\/\/lansonmachines.com\/de\/wp-json\/wp\/v2\/pages"}],"about":[{"href":"https:\/\/lansonmachines.com\/de\/wp-json\/wp\/v2\/types\/page"}],"author":[{"embeddable":true,"href":"https:\/\/lansonmachines.com\/de\/wp-json\/wp\/v2\/users\/1"}],"replies":[{"embeddable":true,"href":"https:\/\/lansonmachines.com\/de\/wp-json\/wp\/v2\/comments?post=1661"}],"version-history":[{"count":21,"href":"https:\/\/lansonmachines.com\/de\/wp-json\/wp\/v2\/pages\/1661\/revisions"}],"predecessor-version":[{"id":1854,"href":"https:\/\/lansonmachines.com\/de\/wp-json\/wp\/v2\/pages\/1661\/revisions\/1854"}],"wp:attachment":[{"href":"https:\/\/lansonmachines.com\/de\/wp-json\/wp\/v2\/media?parent=1661"}],"curies":[{"name":"wp","href":"https:\/\/api.w.org\/{rel}","templated":true}]}}