{"id":1647,"date":"2025-11-14T09:07:43","date_gmt":"2025-11-14T01:07:43","guid":{"rendered":"http:\/\/www.tioxhua.com\/?page_id=1647"},"modified":"2025-11-16T16:38:38","modified_gmt":"2025-11-16T08:38:38","slug":"certifications","status":"publish","type":"page","link":"https:\/\/lansonmachines.com\/es\/certifications\/","title":{"rendered":"Certificaciones"},"content":{"rendered":"<div data-elementor-type=\"wp-page\" data-elementor-id=\"1647\" class=\"elementor elementor-1647\" data-elementor-post-type=\"page\">\n\t\t\t\t<div class=\"elementor-element elementor-element-744433a e-flex e-con-boxed e-con e-parent\" data-id=\"744433a\" data-element_type=\"container\">\n\t\t\t\t\t<div class=\"e-con-inner\">\n\t\t\t\t<div class=\"elementor-element elementor-element-83af712 elementor-widget elementor-widget-heading\" data-id=\"83af712\" data-element_type=\"widget\" data-widget_type=\"heading.default\">\n\t\t\t\t<div class=\"elementor-widget-container\">\n\t\t\t\t\t<h1 class=\"elementor-heading-title elementor-size-default\">Certificaciones<\/h1>\t\t\t\t<\/div>\n\t\t\t\t<\/div>\n\t\t\t\t\t<\/div>\n\t\t\t\t<\/div>\n\t\t<div class=\"elementor-element elementor-element-8ed2d13 e-flex e-con-boxed e-con e-parent\" data-id=\"8ed2d13\" data-element_type=\"container\">\n\t\t\t\t\t<div class=\"e-con-inner\">\n\t\t\t\t<div class=\"elementor-element elementor-element-e571d4b elementor-widget elementor-widget-text-editor\" data-id=\"e571d4b\" data-element_type=\"widget\" data-widget_type=\"text-editor.default\">\n\t\t\t\t<div class=\"elementor-widget-container\">\n\t\t\t\t\t\t\t\t\t<p data-start=\"35\" data-end=\"444\">En LansonMachines tratamos las certificaciones como pruebas, no como promesas. Nuestra f\u00e1brica de Zhengzhou funciona con un estricto sistema de gesti\u00f3n de la calidad y un proceso de producci\u00f3n documentado, por lo que clientes de todo el mundo pueden confiar en la seguridad, el rendimiento y la conformidad de las m\u00e1quinas para la exportaci\u00f3n. En esta p\u00e1gina se explican los tipos de certificados, informes y comprobaciones de terceros que proporcionamos regularmente a importadores, distribuidores y compradores de proyectos.<\/p><h2 data-start=\"446\" data-end=\"487\">Qu\u00e9 ofrecemos (disponible previa solicitud)<\/h2><p data-start=\"488\" data-end=\"667\">Podemos suministrar documentaci\u00f3n formal e informes de terceros que demuestren la calidad del producto, la trazabilidad de los materiales y la conformidad de la f\u00e1brica. Entre los elementos que suelen solicitar los clientes se incluyen:<\/p><ul data-start=\"668\" data-end=\"1484\"><li data-start=\"668\" data-end=\"755\"><p data-start=\"670\" data-end=\"755\"><strong data-start=\"670\" data-end=\"692\">Gesti\u00f3n de la calidad<\/strong> - ISO 9001 (documentaci\u00f3n del sistema de calidad e informes de auditor\u00eda).<\/p><\/li><li data-start=\"756\" data-end=\"867\"><p data-start=\"758\" data-end=\"867\"><strong data-start=\"758\" data-end=\"781\">Seguridad de los productos y CE<\/strong> - Declaraci\u00f3n CE y expedientes t\u00e9cnicos para los clientes que realizan env\u00edos al mercado europeo.<\/p><\/li><li data-start=\"868\" data-end=\"1025\"><p data-start=\"870\" data-end=\"1025\"><strong data-start=\"870\" data-end=\"912\">Inspecciones e informes de pruebas de terceros<\/strong> - Inspecciones SGS \/ Bureau Veritas \/ Intertek, comprobaciones dimensionales, composici\u00f3n de materiales y pruebas de rendimiento.<\/p><\/li><li data-start=\"1026\" data-end=\"1153\"><p data-start=\"1028\" data-end=\"1153\"><strong data-start=\"1028\" data-end=\"1059\">F\u00e1brica y cumplimiento social<\/strong> - informes de auditor\u00eda de la f\u00e1brica (SGC, fotos del taller, capacidad de producci\u00f3n y condiciones de trabajo).<\/p><\/li><li data-start=\"1154\" data-end=\"1304\"><p data-start=\"1156\" data-end=\"1304\"><strong data-start=\"1156\" data-end=\"1197\">Embalaje, env\u00edo y documentos aduaneros<\/strong> - factura comercial, lista de empaque, conocimiento de embarque, CO (si se requiere) y certificados de conformidad de exportaci\u00f3n.<\/p><\/li><li data-start=\"1305\" data-end=\"1484\"><p data-start=\"1307\" data-end=\"1484\"><strong data-start=\"1307\" data-end=\"1330\">Certificados personalizados<\/strong> - certificados de materiales (informes de pruebas de laminaci\u00f3n \/ MTR), informes de ruido y vibraciones, pruebas de seguridad el\u00e9ctrica u otras pruebas documentales solicitadas por los compradores.<\/p><\/li><\/ul><h2 data-start=\"1486\" data-end=\"1505\">Por qu\u00e9 son importantes<\/h2><p data-start=\"1506\" data-end=\"1595\">Los compradores eligen LansonMachines porque combinamos una fabricaci\u00f3n robusta con pruebas transparentes:<\/p><ul data-start=\"1596\" data-end=\"1874\"><li data-start=\"1596\" data-end=\"1659\"><p data-start=\"1598\" data-end=\"1659\">Los informes de inspecci\u00f3n de terceros reducen el riesgo antes del env\u00edo.<\/p><\/li><li data-start=\"1660\" data-end=\"1749\"><p data-start=\"1662\" data-end=\"1749\">Las auditor\u00edas de f\u00e1brica y los registros de procesos muestran una capacidad y una fiabilidad de entrega constantes.<\/p><\/li><li data-start=\"1750\" data-end=\"1874\"><p data-start=\"1752\" data-end=\"1874\">Los certificados de materiales y las pruebas de rendimiento garantizan que las granuladoras cumplen sus expectativas de materia prima, producci\u00f3n y vida \u00fatil.<\/p><\/li><\/ul><h2 data-start=\"1876\" data-end=\"1902\">C\u00f3mo obtener certificados<\/h2><p data-start=\"1903\" data-end=\"2004\">Para recibir copias o verificar certificados de una m\u00e1quina o pedido concretos, env\u00ede un correo electr\u00f3nico a nuestro equipo de exportaci\u00f3n con:<\/p><ol data-start=\"2005\" data-end=\"2179\"><li data-start=\"2005\" data-end=\"2062\"><p data-start=\"2008\" data-end=\"2062\">Modelo de producto y n\u00famero de pedido (o referencia de la consulta).<\/p><\/li><li data-start=\"2063\" data-end=\"2126\"><p data-start=\"2066\" data-end=\"2126\">Qu\u00e9 documentos necesita (por ejemplo, expediente CE, MTR, informe SGS).<\/p><\/li><li data-start=\"2127\" data-end=\"2179\"><p data-start=\"2130\" data-end=\"2179\">Su pa\u00eds de entrega o los requisitos de cumplimiento.<\/p><\/li><\/ol><p data-start=\"2181\" data-end=\"2320\">Le responderemos con los documentos exactos que tenemos de ese modelo y le ofreceremos organizar una inspecci\u00f3n independiente o una auditor\u00eda de f\u00e1brica cuando sea necesario.<\/p>\t\t\t\t\t\t\t\t<\/div>\n\t\t\t\t<\/div>\n\t\t\t\t\t<\/div>\n\t\t\t\t<\/div>\n\t\t<div class=\"elementor-element elementor-element-416a5e0 e-flex e-con-boxed e-con e-parent\" data-id=\"416a5e0\" data-element_type=\"container\">\n\t\t\t\t\t<div class=\"e-con-inner\">\n\t\t\t\t<div class=\"elementor-element elementor-element-cca5be2 elementor-widget elementor-widget-image\" data-id=\"cca5be2\" data-element_type=\"widget\" data-widget_type=\"image.default\">\n\t\t\t\t<div class=\"elementor-widget-container\">\n\t\t\t\t\t\t\t\t\t\t\t\t\t\t\t<img fetchpriority=\"high\" decoding=\"async\" width=\"1024\" height=\"346\" src=\"https:\/\/lansonmachines.com\/wp-content\/uploads\/2025\/10\/t7whj-5o0hx-1024x346.webp\" class=\"attachment-large size-large wp-image-1803\" alt=\"Certificaci\u00f3n\" srcset=\"https:\/\/lansonmachines.com\/wp-content\/uploads\/2025\/10\/t7whj-5o0hx-1024x346.webp 1024w, https:\/\/lansonmachines.com\/wp-content\/uploads\/2025\/10\/t7whj-5o0hx-300x101.webp 300w, https:\/\/lansonmachines.com\/wp-content\/uploads\/2025\/10\/t7whj-5o0hx-768x260.webp 768w, https:\/\/lansonmachines.com\/wp-content\/uploads\/2025\/10\/t7whj-5o0hx-1536x519.webp 1536w, https:\/\/lansonmachines.com\/wp-content\/uploads\/2025\/10\/t7whj-5o0hx.webp 1920w\" sizes=\"(max-width: 1024px) 100vw, 1024px\" \/>\t\t\t\t\t\t\t\t\t\t\t\t\t\t\t<\/div>\n\t\t\t\t<\/div>\n\t\t\t\t\t<\/div>\n\t\t\t\t<\/div>\n\t\t\t\t<\/div>","protected":false},"excerpt":{"rendered":"<p>Certifications At LansonMachines we treat certifications as proof \u2014 not promises. Our factory in Zhengzhou operates under a strict quality-management system and a documented production process so customers worldwide can rely on machine safety, performance, and export compliance. This page explains the types of certificates, reports and third-party checks we regularly provide to importers, distributors [&hellip;]<\/p>\n","protected":false},"author":1,"featured_media":0,"parent":0,"menu_order":0,"comment_status":"closed","ping_status":"closed","template":"","meta":{"_acf_changed":false,"site-sidebar-layout":"no-sidebar","site-content-layout":"page-builder","ast-site-content-layout":"full-width-container","site-content-style":"default","site-sidebar-style":"default","ast-global-header-display":"","ast-banner-title-visibility":"","ast-main-header-display":"","ast-hfb-above-header-display":"","ast-hfb-below-header-display":"","ast-hfb-mobile-header-display":"","site-post-title":"disabled","ast-breadcrumbs-content":"disabled","ast-featured-img":"disabled","footer-sml-layout":"","theme-transparent-header-meta":"default","adv-header-id-meta":"","stick-header-meta":"default","header-above-stick-meta":"","header-main-stick-meta":"","header-below-stick-meta":"","astra-migrate-meta-layouts":"set","ast-page-background-enabled":"default","ast-page-background-meta":{"desktop":{"background-color":"var(--ast-global-color-4)","background-image":"","background-repeat":"repeat","background-position":"center center","background-size":"auto","background-attachment":"scroll","background-type":"","background-media":"","overlay-type":"","overlay-color":"","overlay-opacity":"","overlay-gradient":""},"tablet":{"background-color":"","background-image":"","background-repeat":"repeat","background-position":"center center","background-size":"auto","background-attachment":"scroll","background-type":"","background-media":"","overlay-type":"","overlay-color":"","overlay-opacity":"","overlay-gradient":""},"mobile":{"background-color":"","background-image":"","background-repeat":"repeat","background-position":"center center","background-size":"auto","background-attachment":"scroll","background-type":"","background-media":"","overlay-type":"","overlay-color":"","overlay-opacity":"","overlay-gradient":""}},"ast-content-background-meta":{"desktop":{"background-color":"var(--ast-global-color-5)","background-image":"","background-repeat":"repeat","background-position":"center center","background-size":"auto","background-attachment":"scroll","background-type":"","background-media":"","overlay-type":"","overlay-color":"","overlay-opacity":"","overlay-gradient":""},"tablet":{"background-color":"var(--ast-global-color-5)","background-image":"","background-repeat":"repeat","background-position":"center center","background-size":"auto","background-attachment":"scroll","background-type":"","background-media":"","overlay-type":"","overlay-color":"","overlay-opacity":"","overlay-gradient":""},"mobile":{"background-color":"var(--ast-global-color-5)","background-image":"","background-repeat":"repeat","background-position":"center center","background-size":"auto","background-attachment":"scroll","background-type":"","background-media":"","overlay-type":"","overlay-color":"","overlay-opacity":"","overlay-gradient":""}},"footnotes":""},"class_list":["post-1647","page","type-page","status-publish","hentry"],"acf":[],"yoast_head":"<!-- This site is optimized with the Yoast SEO plugin v26.8 - https:\/\/yoast.com\/product\/yoast-seo-wordpress\/ -->\n<title>Certifications &amp; Standards, ISO \u00b7 CE \u00b7 SGS Pellet Machine - Lansonmachines<\/title>\n<meta name=\"description\" content=\"Lansonmachines: export-ready pellet mill supplier with product certification and inspection records. Ensuring international shipping compliance, safety and reliable after-sales support.\" \/>\n<meta name=\"robots\" content=\"index, follow, max-snippet:-1, max-image-preview:large, max-video-preview:-1\" \/>\n<link rel=\"canonical\" href=\"https:\/\/lansonmachines.com\/es\/certifications\/\" \/>\n<meta property=\"og:locale\" content=\"es_ES\" \/>\n<meta property=\"og:type\" content=\"article\" \/>\n<meta property=\"og:title\" content=\"Certifications &amp; Standards, ISO \u00b7 CE \u00b7 SGS Pellet Machine - Lansonmachines\" \/>\n<meta property=\"og:description\" content=\"Lansonmachines: export-ready pellet mill supplier with product certification and inspection records. Ensuring international shipping compliance, safety and reliable after-sales support.\" \/>\n<meta property=\"og:url\" content=\"https:\/\/lansonmachines.com\/es\/certifications\/\" \/>\n<meta property=\"og:site_name\" content=\"Lansonmachines\" \/>\n<meta property=\"article:modified_time\" content=\"2025-11-16T08:38:38+00:00\" \/>\n<meta property=\"og:image\" content=\"http:\/\/lansonmachines.com\/wp-content\/uploads\/2025\/10\/t7whj-5o0hx-1024x346.webp\" \/>\n<meta name=\"twitter:card\" content=\"summary_large_image\" \/>\n<meta name=\"twitter:label1\" content=\"Tiempo de lectura\" \/>\n\t<meta name=\"twitter:data1\" content=\"2 minutos\" \/>\n<script type=\"application\/ld+json\" class=\"yoast-schema-graph\">{\"@context\":\"https:\/\/schema.org\",\"@graph\":[{\"@type\":\"WebPage\",\"@id\":\"https:\/\/lansonmachines.com\/certifications\/\",\"url\":\"https:\/\/lansonmachines.com\/certifications\/\",\"name\":\"Certifications & Standards, ISO \u00b7 CE \u00b7 SGS Pellet Machine - Lansonmachines\",\"isPartOf\":{\"@id\":\"https:\/\/lansonmachines.com\/#website\"},\"primaryImageOfPage\":{\"@id\":\"https:\/\/lansonmachines.com\/certifications\/#primaryimage\"},\"image\":{\"@id\":\"https:\/\/lansonmachines.com\/certifications\/#primaryimage\"},\"thumbnailUrl\":\"http:\/\/lansonmachines.com\/wp-content\/uploads\/2025\/10\/t7whj-5o0hx-1024x346.webp\",\"datePublished\":\"2025-11-14T01:07:43+00:00\",\"dateModified\":\"2025-11-16T08:38:38+00:00\",\"description\":\"Lansonmachines: export-ready pellet mill supplier with product certification and inspection records. Ensuring international shipping compliance, safety and reliable after-sales support.\",\"breadcrumb\":{\"@id\":\"https:\/\/lansonmachines.com\/certifications\/#breadcrumb\"},\"inLanguage\":\"es\",\"potentialAction\":[{\"@type\":\"ReadAction\",\"target\":[\"https:\/\/lansonmachines.com\/certifications\/\"]}]},{\"@type\":\"ImageObject\",\"inLanguage\":\"es\",\"@id\":\"https:\/\/lansonmachines.com\/certifications\/#primaryimage\",\"url\":\"http:\/\/lansonmachines.com\/wp-content\/uploads\/2025\/10\/t7whj-5o0hx-1024x346.webp\",\"contentUrl\":\"http:\/\/lansonmachines.com\/wp-content\/uploads\/2025\/10\/t7whj-5o0hx-1024x346.webp\"},{\"@type\":\"BreadcrumbList\",\"@id\":\"https:\/\/lansonmachines.com\/certifications\/#breadcrumb\",\"itemListElement\":[{\"@type\":\"ListItem\",\"position\":1,\"name\":\"\u9996\u9875\",\"item\":\"https:\/\/lansonmachines.com\/\"},{\"@type\":\"ListItem\",\"position\":2,\"name\":\"Certifications\"}]},{\"@type\":\"WebSite\",\"@id\":\"https:\/\/lansonmachines.com\/#website\",\"url\":\"https:\/\/lansonmachines.com\/\",\"name\":\"Lansonmachines\",\"description\":\"Pellets Machine Maker\",\"publisher\":{\"@id\":\"https:\/\/lansonmachines.com\/#organization\"},\"potentialAction\":[{\"@type\":\"SearchAction\",\"target\":{\"@type\":\"EntryPoint\",\"urlTemplate\":\"https:\/\/lansonmachines.com\/?s={search_term_string}\"},\"query-input\":{\"@type\":\"PropertyValueSpecification\",\"valueRequired\":true,\"valueName\":\"search_term_string\"}}],\"inLanguage\":\"es\"},{\"@type\":\"Organization\",\"@id\":\"https:\/\/lansonmachines.com\/#organization\",\"name\":\"Haichen\",\"url\":\"https:\/\/lansonmachines.com\/\",\"logo\":{\"@type\":\"ImageObject\",\"inLanguage\":\"es\",\"@id\":\"https:\/\/lansonmachines.com\/#\/schema\/logo\/image\/\",\"url\":\"https:\/\/lansonmachines.com\/wp-content\/uploads\/2025\/11\/logo.webp\",\"contentUrl\":\"https:\/\/lansonmachines.com\/wp-content\/uploads\/2025\/11\/logo.webp\",\"width\":230,\"height\":70,\"caption\":\"Haichen\"},\"image\":{\"@id\":\"https:\/\/lansonmachines.com\/#\/schema\/logo\/image\/\"}}]}<\/script>\n<!-- \/ Yoast SEO plugin. -->","yoast_head_json":{"title":"Certificaciones y Normas, ISO - CE - SGS Pellet Machine - Lansonmachines","description":"Lansonmachines: proveedor de molinos de pellets listos para la exportaci\u00f3n con certificaci\u00f3n de productos y registros de inspecci\u00f3n. Garantizamos la conformidad de los env\u00edos internacionales, la seguridad y una asistencia posventa fiable.","robots":{"index":"index","follow":"follow","max-snippet":"max-snippet:-1","max-image-preview":"max-image-preview:large","max-video-preview":"max-video-preview:-1"},"canonical":"https:\/\/lansonmachines.com\/es\/certifications\/","og_locale":"es_ES","og_type":"article","og_title":"Certifications & Standards, ISO \u00b7 CE \u00b7 SGS Pellet Machine - Lansonmachines","og_description":"Lansonmachines: export-ready pellet mill supplier with product certification and inspection records. Ensuring international shipping compliance, safety and reliable after-sales support.","og_url":"https:\/\/lansonmachines.com\/es\/certifications\/","og_site_name":"Lansonmachines","article_modified_time":"2025-11-16T08:38:38+00:00","og_image":[{"url":"http:\/\/lansonmachines.com\/wp-content\/uploads\/2025\/10\/t7whj-5o0hx-1024x346.webp","type":"","width":"","height":""}],"twitter_card":"summary_large_image","twitter_misc":{"Tiempo de lectura":"2 minutos"},"schema":{"@context":"https:\/\/schema.org","@graph":[{"@type":"WebPage","@id":"https:\/\/lansonmachines.com\/certifications\/","url":"https:\/\/lansonmachines.com\/certifications\/","name":"Certificaciones y Normas, ISO - CE - SGS Pellet Machine - Lansonmachines","isPartOf":{"@id":"https:\/\/lansonmachines.com\/#website"},"primaryImageOfPage":{"@id":"https:\/\/lansonmachines.com\/certifications\/#primaryimage"},"image":{"@id":"https:\/\/lansonmachines.com\/certifications\/#primaryimage"},"thumbnailUrl":"http:\/\/lansonmachines.com\/wp-content\/uploads\/2025\/10\/t7whj-5o0hx-1024x346.webp","datePublished":"2025-11-14T01:07:43+00:00","dateModified":"2025-11-16T08:38:38+00:00","description":"Lansonmachines: proveedor de molinos de pellets listos para la exportaci\u00f3n con certificaci\u00f3n de productos y registros de inspecci\u00f3n. Garantizamos la conformidad de los env\u00edos internacionales, la seguridad y una asistencia posventa fiable.","breadcrumb":{"@id":"https:\/\/lansonmachines.com\/certifications\/#breadcrumb"},"inLanguage":"es","potentialAction":[{"@type":"ReadAction","target":["https:\/\/lansonmachines.com\/certifications\/"]}]},{"@type":"ImageObject","inLanguage":"es","@id":"https:\/\/lansonmachines.com\/certifications\/#primaryimage","url":"http:\/\/lansonmachines.com\/wp-content\/uploads\/2025\/10\/t7whj-5o0hx-1024x346.webp","contentUrl":"http:\/\/lansonmachines.com\/wp-content\/uploads\/2025\/10\/t7whj-5o0hx-1024x346.webp"},{"@type":"BreadcrumbList","@id":"https:\/\/lansonmachines.com\/certifications\/#breadcrumb","itemListElement":[{"@type":"ListItem","position":1,"name":"\u9996\u9875","item":"https:\/\/lansonmachines.com\/"},{"@type":"ListItem","position":2,"name":"Certifications"}]},{"@type":"WebSite","@id":"https:\/\/lansonmachines.com\/#website","url":"https:\/\/lansonmachines.com\/","name":"Lansonmachines","description":"Fabricantes de m\u00e1quinas de pellets","publisher":{"@id":"https:\/\/lansonmachines.com\/#organization"},"potentialAction":[{"@type":"SearchAction","target":{"@type":"EntryPoint","urlTemplate":"https:\/\/lansonmachines.com\/?s={search_term_string}"},"query-input":{"@type":"PropertyValueSpecification","valueRequired":true,"valueName":"search_term_string"}}],"inLanguage":"es"},{"@type":"Organization","@id":"https:\/\/lansonmachines.com\/#organization","name":"Haichen","url":"https:\/\/lansonmachines.com\/","logo":{"@type":"ImageObject","inLanguage":"es","@id":"https:\/\/lansonmachines.com\/#\/schema\/logo\/image\/","url":"https:\/\/lansonmachines.com\/wp-content\/uploads\/2025\/11\/logo.webp","contentUrl":"https:\/\/lansonmachines.com\/wp-content\/uploads\/2025\/11\/logo.webp","width":230,"height":70,"caption":"Haichen"},"image":{"@id":"https:\/\/lansonmachines.com\/#\/schema\/logo\/image\/"}}]}},"_links":{"self":[{"href":"https:\/\/lansonmachines.com\/es\/wp-json\/wp\/v2\/pages\/1647","targetHints":{"allow":["GET"]}}],"collection":[{"href":"https:\/\/lansonmachines.com\/es\/wp-json\/wp\/v2\/pages"}],"about":[{"href":"https:\/\/lansonmachines.com\/es\/wp-json\/wp\/v2\/types\/page"}],"author":[{"embeddable":true,"href":"https:\/\/lansonmachines.com\/es\/wp-json\/wp\/v2\/users\/1"}],"replies":[{"embeddable":true,"href":"https:\/\/lansonmachines.com\/es\/wp-json\/wp\/v2\/comments?post=1647"}],"version-history":[{"count":18,"href":"https:\/\/lansonmachines.com\/es\/wp-json\/wp\/v2\/pages\/1647\/revisions"}],"predecessor-version":[{"id":1845,"href":"https:\/\/lansonmachines.com\/es\/wp-json\/wp\/v2\/pages\/1647\/revisions\/1845"}],"wp:attachment":[{"href":"https:\/\/lansonmachines.com\/es\/wp-json\/wp\/v2\/media?parent=1647"}],"curies":[{"name":"wp","href":"https:\/\/api.w.org\/{rel}","templated":true}]}}