{"id":1647,"date":"2025-11-14T09:07:43","date_gmt":"2025-11-14T01:07:43","guid":{"rendered":"http:\/\/www.tioxhua.com\/?page_id=1647"},"modified":"2025-11-16T16:38:38","modified_gmt":"2025-11-16T08:38:38","slug":"certifications","status":"publish","type":"page","link":"https:\/\/lansonmachines.com\/fr\/certifications\/","title":{"rendered":"Certifications"},"content":{"rendered":"<div data-elementor-type=\"wp-page\" data-elementor-id=\"1647\" class=\"elementor elementor-1647\" data-elementor-post-type=\"page\">\n\t\t\t\t<div class=\"elementor-element elementor-element-744433a e-flex e-con-boxed e-con e-parent\" data-id=\"744433a\" data-element_type=\"container\">\n\t\t\t\t\t<div class=\"e-con-inner\">\n\t\t\t\t<div class=\"elementor-element elementor-element-83af712 elementor-widget elementor-widget-heading\" data-id=\"83af712\" data-element_type=\"widget\" data-widget_type=\"heading.default\">\n\t\t\t\t<div class=\"elementor-widget-container\">\n\t\t\t\t\t<h1 class=\"elementor-heading-title elementor-size-default\">Certifications<\/h1>\t\t\t\t<\/div>\n\t\t\t\t<\/div>\n\t\t\t\t\t<\/div>\n\t\t\t\t<\/div>\n\t\t<div class=\"elementor-element elementor-element-8ed2d13 e-flex e-con-boxed e-con e-parent\" data-id=\"8ed2d13\" data-element_type=\"container\">\n\t\t\t\t\t<div class=\"e-con-inner\">\n\t\t\t\t<div class=\"elementor-element elementor-element-e571d4b elementor-widget elementor-widget-text-editor\" data-id=\"e571d4b\" data-element_type=\"widget\" data-widget_type=\"text-editor.default\">\n\t\t\t\t<div class=\"elementor-widget-container\">\n\t\t\t\t\t\t\t\t\t<p data-start=\"35\" data-end=\"444\">Chez LansonMachines, nous consid\u00e9rons les certifications comme des preuves et non comme des promesses. Notre usine de Zhengzhou fonctionne selon un syst\u00e8me strict de gestion de la qualit\u00e9 et un processus de production document\u00e9, de sorte que les clients du monde entier peuvent se fier \u00e0 la s\u00e9curit\u00e9, aux performances et \u00e0 la conformit\u00e9 des machines \u00e0 l'exportation. Cette page explique les types de certificats, de rapports et de contr\u00f4les par des tiers que nous fournissons r\u00e9guli\u00e8rement aux importateurs, aux distributeurs et aux acheteurs de projets.<\/p><h2 data-start=\"446\" data-end=\"487\">Ce que nous fournissons (disponible sur demande)<\/h2><p data-start=\"488\" data-end=\"667\">Nous pouvons fournir des documents officiels et des rapports de tiers qui d\u00e9montrent la qualit\u00e9 des produits, la tra\u00e7abilit\u00e9 des mat\u00e9riaux et la conformit\u00e9 de l'usine. Les \u00e9l\u00e9ments typiques demand\u00e9s par les clients sont les suivants<\/p><ul data-start=\"668\" data-end=\"1484\"><li data-start=\"668\" data-end=\"755\"><p data-start=\"670\" data-end=\"755\"><strong data-start=\"670\" data-end=\"692\">Gestion de la qualit\u00e9<\/strong> - ISO 9001 (documentation sur le syst\u00e8me de qualit\u00e9 et rapports d'audit).<\/p><\/li><li data-start=\"756\" data-end=\"867\"><p data-start=\"758\" data-end=\"867\"><strong data-start=\"758\" data-end=\"781\">S\u00e9curit\u00e9 des produits et CE<\/strong> - D\u00e9claration CE et dossiers techniques pour les clients exp\u00e9diant sur le march\u00e9 europ\u00e9en.<\/p><\/li><li data-start=\"868\" data-end=\"1025\"><p data-start=\"870\" data-end=\"1025\"><strong data-start=\"870\" data-end=\"912\">Inspections et rapports d'essais par des tiers<\/strong> - Inspections SGS \/ Bureau Veritas \/ Intertek, contr\u00f4les dimensionnels, composition des mat\u00e9riaux et tests de performance.<\/p><\/li><li data-start=\"1026\" data-end=\"1153\"><p data-start=\"1028\" data-end=\"1153\"><strong data-start=\"1028\" data-end=\"1059\">Usine et conformit\u00e9 sociale<\/strong> - les rapports d'audit de l'usine (QMS, photos de l'atelier, capacit\u00e9 de production et conditions de travail).<\/p><\/li><li data-start=\"1154\" data-end=\"1304\"><p data-start=\"1156\" data-end=\"1304\"><strong data-start=\"1156\" data-end=\"1197\">Emballage, exp\u00e9dition et documents douaniers<\/strong> - facture commerciale, liste de colisage, connaissement, CO (si n\u00e9cessaire) et certificats de conformit\u00e9 \u00e0 l'exportation.<\/p><\/li><li data-start=\"1305\" data-end=\"1484\"><p data-start=\"1307\" data-end=\"1484\"><strong data-start=\"1307\" data-end=\"1330\">Certificats personnalis\u00e9s<\/strong> - les certificats de mat\u00e9riaux (rapports d'essai de l'usine \/ MTR), les rapports sur le bruit et les vibrations, les essais de s\u00e9curit\u00e9 \u00e9lectrique, ou toute autre preuve documentaire demand\u00e9e par les acheteurs.<\/p><\/li><\/ul><h2 data-start=\"1486\" data-end=\"1505\">Pourquoi ces questions sont importantes<\/h2><p data-start=\"1506\" data-end=\"1595\">Les acheteurs choisissent LansonMachines parce que nous associons une fabrication robuste \u00e0 une preuve transparente :<\/p><ul data-start=\"1596\" data-end=\"1874\"><li data-start=\"1596\" data-end=\"1659\"><p data-start=\"1598\" data-end=\"1659\">Les rapports d'inspection de tiers r\u00e9duisent les risques avant l'exp\u00e9dition.<\/p><\/li><li data-start=\"1660\" data-end=\"1749\"><p data-start=\"1662\" data-end=\"1749\">Les audits d'usine et les enregistrements de processus montrent une capacit\u00e9 et une fiabilit\u00e9 de livraison constantes.<\/p><\/li><li data-start=\"1750\" data-end=\"1874\"><p data-start=\"1752\" data-end=\"1874\">Les certificats de mat\u00e9riaux et les tests de performance garantissent que les broyeurs \u00e0 granul\u00e9s r\u00e9pondent \u00e0 vos attentes en mati\u00e8re de mati\u00e8res premi\u00e8res, de rendement et de dur\u00e9e de vie.<\/p><\/li><\/ul><h2 data-start=\"1876\" data-end=\"1902\">Comment obtenir des certificats<\/h2><p data-start=\"1903\" data-end=\"2004\">Pour recevoir des copies ou v\u00e9rifier les certificats pour une machine ou une commande sp\u00e9cifique, envoyez un courriel \u00e0 notre \u00e9quipe d'exportation :<\/p><ol data-start=\"2005\" data-end=\"2179\"><li data-start=\"2005\" data-end=\"2062\"><p data-start=\"2008\" data-end=\"2062\">Mod\u00e8le de produit et num\u00e9ro de commande (ou r\u00e9f\u00e9rence de la demande).<\/p><\/li><li data-start=\"2063\" data-end=\"2126\"><p data-start=\"2066\" data-end=\"2126\">Quels sont les documents dont vous avez besoin (par exemple, dossier CE, MTR, rapport SGS).<\/p><\/li><li data-start=\"2127\" data-end=\"2179\"><p data-start=\"2130\" data-end=\"2179\">Votre pays de livraison ou vos exigences en mati\u00e8re de conformit\u00e9.<\/p><\/li><\/ol><p data-start=\"2181\" data-end=\"2320\">Nous vous r\u00e9pondrons en vous communiquant les documents exacts que nous poss\u00e9dons pour ce mod\u00e8le et nous vous proposerons d'organiser une inspection ind\u00e9pendante ou un audit d'usine si n\u00e9cessaire.<\/p>\t\t\t\t\t\t\t\t<\/div>\n\t\t\t\t<\/div>\n\t\t\t\t\t<\/div>\n\t\t\t\t<\/div>\n\t\t<div class=\"elementor-element elementor-element-416a5e0 e-flex e-con-boxed e-con e-parent\" data-id=\"416a5e0\" data-element_type=\"container\">\n\t\t\t\t\t<div class=\"e-con-inner\">\n\t\t\t\t<div class=\"elementor-element elementor-element-cca5be2 elementor-widget elementor-widget-image\" data-id=\"cca5be2\" data-element_type=\"widget\" data-widget_type=\"image.default\">\n\t\t\t\t<div class=\"elementor-widget-container\">\n\t\t\t\t\t\t\t\t\t\t\t\t\t\t\t<img fetchpriority=\"high\" decoding=\"async\" width=\"1024\" height=\"346\" src=\"https:\/\/lansonmachines.com\/wp-content\/uploads\/2025\/10\/t7whj-5o0hx-1024x346.webp\" class=\"attachment-large size-large wp-image-1803\" alt=\"Certification\" srcset=\"https:\/\/lansonmachines.com\/wp-content\/uploads\/2025\/10\/t7whj-5o0hx-1024x346.webp 1024w, https:\/\/lansonmachines.com\/wp-content\/uploads\/2025\/10\/t7whj-5o0hx-300x101.webp 300w, https:\/\/lansonmachines.com\/wp-content\/uploads\/2025\/10\/t7whj-5o0hx-768x260.webp 768w, https:\/\/lansonmachines.com\/wp-content\/uploads\/2025\/10\/t7whj-5o0hx-1536x519.webp 1536w, https:\/\/lansonmachines.com\/wp-content\/uploads\/2025\/10\/t7whj-5o0hx.webp 1920w\" sizes=\"(max-width: 1024px) 100vw, 1024px\" \/>\t\t\t\t\t\t\t\t\t\t\t\t\t\t\t<\/div>\n\t\t\t\t<\/div>\n\t\t\t\t\t<\/div>\n\t\t\t\t<\/div>\n\t\t\t\t<\/div>","protected":false},"excerpt":{"rendered":"<p>Certifications At LansonMachines we treat certifications as proof \u2014 not promises. Our factory in Zhengzhou operates under a strict quality-management system and a documented production process so customers worldwide can rely on machine safety, performance, and export compliance. This page explains the types of certificates, reports and third-party checks we regularly provide to importers, distributors [&hellip;]<\/p>\n","protected":false},"author":1,"featured_media":0,"parent":0,"menu_order":0,"comment_status":"closed","ping_status":"closed","template":"","meta":{"_acf_changed":false,"site-sidebar-layout":"no-sidebar","site-content-layout":"page-builder","ast-site-content-layout":"full-width-container","site-content-style":"default","site-sidebar-style":"default","ast-global-header-display":"","ast-banner-title-visibility":"","ast-main-header-display":"","ast-hfb-above-header-display":"","ast-hfb-below-header-display":"","ast-hfb-mobile-header-display":"","site-post-title":"disabled","ast-breadcrumbs-content":"disabled","ast-featured-img":"disabled","footer-sml-layout":"","theme-transparent-header-meta":"default","adv-header-id-meta":"","stick-header-meta":"default","header-above-stick-meta":"","header-main-stick-meta":"","header-below-stick-meta":"","astra-migrate-meta-layouts":"set","ast-page-background-enabled":"default","ast-page-background-meta":{"desktop":{"background-color":"var(--ast-global-color-4)","background-image":"","background-repeat":"repeat","background-position":"center center","background-size":"auto","background-attachment":"scroll","background-type":"","background-media":"","overlay-type":"","overlay-color":"","overlay-opacity":"","overlay-gradient":""},"tablet":{"background-color":"","background-image":"","background-repeat":"repeat","background-position":"center center","background-size":"auto","background-attachment":"scroll","background-type":"","background-media":"","overlay-type":"","overlay-color":"","overlay-opacity":"","overlay-gradient":""},"mobile":{"background-color":"","background-image":"","background-repeat":"repeat","background-position":"center center","background-size":"auto","background-attachment":"scroll","background-type":"","background-media":"","overlay-type":"","overlay-color":"","overlay-opacity":"","overlay-gradient":""}},"ast-content-background-meta":{"desktop":{"background-color":"var(--ast-global-color-5)","background-image":"","background-repeat":"repeat","background-position":"center center","background-size":"auto","background-attachment":"scroll","background-type":"","background-media":"","overlay-type":"","overlay-color":"","overlay-opacity":"","overlay-gradient":""},"tablet":{"background-color":"var(--ast-global-color-5)","background-image":"","background-repeat":"repeat","background-position":"center center","background-size":"auto","background-attachment":"scroll","background-type":"","background-media":"","overlay-type":"","overlay-color":"","overlay-opacity":"","overlay-gradient":""},"mobile":{"background-color":"var(--ast-global-color-5)","background-image":"","background-repeat":"repeat","background-position":"center center","background-size":"auto","background-attachment":"scroll","background-type":"","background-media":"","overlay-type":"","overlay-color":"","overlay-opacity":"","overlay-gradient":""}},"footnotes":""},"class_list":["post-1647","page","type-page","status-publish","hentry"],"acf":[],"yoast_head":"<!-- This site is optimized with the Yoast SEO plugin v26.8 - https:\/\/yoast.com\/product\/yoast-seo-wordpress\/ -->\n<title>Certifications &amp; Standards, ISO \u00b7 CE \u00b7 SGS Pellet Machine - Lansonmachines<\/title>\n<meta name=\"description\" content=\"Lansonmachines: export-ready pellet mill supplier with product certification and inspection records. Ensuring international shipping compliance, safety and reliable after-sales support.\" \/>\n<meta name=\"robots\" content=\"index, follow, max-snippet:-1, max-image-preview:large, max-video-preview:-1\" \/>\n<link rel=\"canonical\" href=\"https:\/\/lansonmachines.com\/fr\/certifications\/\" \/>\n<meta property=\"og:locale\" content=\"fr_FR\" \/>\n<meta property=\"og:type\" content=\"article\" \/>\n<meta property=\"og:title\" content=\"Certifications &amp; Standards, ISO \u00b7 CE \u00b7 SGS Pellet Machine - Lansonmachines\" \/>\n<meta property=\"og:description\" content=\"Lansonmachines: export-ready pellet mill supplier with product certification and inspection records. Ensuring international shipping compliance, safety and reliable after-sales support.\" \/>\n<meta property=\"og:url\" content=\"https:\/\/lansonmachines.com\/fr\/certifications\/\" \/>\n<meta property=\"og:site_name\" content=\"Lansonmachines\" \/>\n<meta property=\"article:modified_time\" content=\"2025-11-16T08:38:38+00:00\" \/>\n<meta property=\"og:image\" content=\"http:\/\/lansonmachines.com\/wp-content\/uploads\/2025\/10\/t7whj-5o0hx-1024x346.webp\" \/>\n<meta name=\"twitter:card\" content=\"summary_large_image\" \/>\n<meta name=\"twitter:label1\" content=\"Dur\u00e9e de lecture estim\u00e9e\" \/>\n\t<meta name=\"twitter:data1\" content=\"2 minutes\" \/>\n<script type=\"application\/ld+json\" class=\"yoast-schema-graph\">{\"@context\":\"https:\/\/schema.org\",\"@graph\":[{\"@type\":\"WebPage\",\"@id\":\"https:\/\/lansonmachines.com\/certifications\/\",\"url\":\"https:\/\/lansonmachines.com\/certifications\/\",\"name\":\"Certifications & Standards, ISO \u00b7 CE \u00b7 SGS Pellet Machine - Lansonmachines\",\"isPartOf\":{\"@id\":\"https:\/\/lansonmachines.com\/#website\"},\"primaryImageOfPage\":{\"@id\":\"https:\/\/lansonmachines.com\/certifications\/#primaryimage\"},\"image\":{\"@id\":\"https:\/\/lansonmachines.com\/certifications\/#primaryimage\"},\"thumbnailUrl\":\"http:\/\/lansonmachines.com\/wp-content\/uploads\/2025\/10\/t7whj-5o0hx-1024x346.webp\",\"datePublished\":\"2025-11-14T01:07:43+00:00\",\"dateModified\":\"2025-11-16T08:38:38+00:00\",\"description\":\"Lansonmachines: export-ready pellet mill supplier with product certification and inspection records. Ensuring international shipping compliance, safety and reliable after-sales support.\",\"breadcrumb\":{\"@id\":\"https:\/\/lansonmachines.com\/certifications\/#breadcrumb\"},\"inLanguage\":\"fr-FR\",\"potentialAction\":[{\"@type\":\"ReadAction\",\"target\":[\"https:\/\/lansonmachines.com\/certifications\/\"]}]},{\"@type\":\"ImageObject\",\"inLanguage\":\"fr-FR\",\"@id\":\"https:\/\/lansonmachines.com\/certifications\/#primaryimage\",\"url\":\"http:\/\/lansonmachines.com\/wp-content\/uploads\/2025\/10\/t7whj-5o0hx-1024x346.webp\",\"contentUrl\":\"http:\/\/lansonmachines.com\/wp-content\/uploads\/2025\/10\/t7whj-5o0hx-1024x346.webp\"},{\"@type\":\"BreadcrumbList\",\"@id\":\"https:\/\/lansonmachines.com\/certifications\/#breadcrumb\",\"itemListElement\":[{\"@type\":\"ListItem\",\"position\":1,\"name\":\"\u9996\u9875\",\"item\":\"https:\/\/lansonmachines.com\/\"},{\"@type\":\"ListItem\",\"position\":2,\"name\":\"Certifications\"}]},{\"@type\":\"WebSite\",\"@id\":\"https:\/\/lansonmachines.com\/#website\",\"url\":\"https:\/\/lansonmachines.com\/\",\"name\":\"Lansonmachines\",\"description\":\"Pellets Machine Maker\",\"publisher\":{\"@id\":\"https:\/\/lansonmachines.com\/#organization\"},\"potentialAction\":[{\"@type\":\"SearchAction\",\"target\":{\"@type\":\"EntryPoint\",\"urlTemplate\":\"https:\/\/lansonmachines.com\/?s={search_term_string}\"},\"query-input\":{\"@type\":\"PropertyValueSpecification\",\"valueRequired\":true,\"valueName\":\"search_term_string\"}}],\"inLanguage\":\"fr-FR\"},{\"@type\":\"Organization\",\"@id\":\"https:\/\/lansonmachines.com\/#organization\",\"name\":\"Haichen\",\"url\":\"https:\/\/lansonmachines.com\/\",\"logo\":{\"@type\":\"ImageObject\",\"inLanguage\":\"fr-FR\",\"@id\":\"https:\/\/lansonmachines.com\/#\/schema\/logo\/image\/\",\"url\":\"https:\/\/lansonmachines.com\/wp-content\/uploads\/2025\/11\/logo.webp\",\"contentUrl\":\"https:\/\/lansonmachines.com\/wp-content\/uploads\/2025\/11\/logo.webp\",\"width\":230,\"height\":70,\"caption\":\"Haichen\"},\"image\":{\"@id\":\"https:\/\/lansonmachines.com\/#\/schema\/logo\/image\/\"}}]}<\/script>\n<!-- \/ Yoast SEO plugin. -->","yoast_head_json":{"title":"Certifications et normes, ISO - CE - SGS Pellet Machine - Lansonmachines","description":"Lansonmachines : fournisseur de moulins \u00e0 granul\u00e9s pr\u00eats \u00e0 l'exportation, avec certification des produits et dossiers d'inspection. Il garantit la conformit\u00e9 des exp\u00e9ditions internationales, la s\u00e9curit\u00e9 et un service apr\u00e8s-vente fiable.","robots":{"index":"index","follow":"follow","max-snippet":"max-snippet:-1","max-image-preview":"max-image-preview:large","max-video-preview":"max-video-preview:-1"},"canonical":"https:\/\/lansonmachines.com\/fr\/certifications\/","og_locale":"fr_FR","og_type":"article","og_title":"Certifications & Standards, ISO \u00b7 CE \u00b7 SGS Pellet Machine - Lansonmachines","og_description":"Lansonmachines: export-ready pellet mill supplier with product certification and inspection records. Ensuring international shipping compliance, safety and reliable after-sales support.","og_url":"https:\/\/lansonmachines.com\/fr\/certifications\/","og_site_name":"Lansonmachines","article_modified_time":"2025-11-16T08:38:38+00:00","og_image":[{"url":"http:\/\/lansonmachines.com\/wp-content\/uploads\/2025\/10\/t7whj-5o0hx-1024x346.webp","type":"","width":"","height":""}],"twitter_card":"summary_large_image","twitter_misc":{"Dur\u00e9e de lecture estim\u00e9e":"2 minutes"},"schema":{"@context":"https:\/\/schema.org","@graph":[{"@type":"WebPage","@id":"https:\/\/lansonmachines.com\/certifications\/","url":"https:\/\/lansonmachines.com\/certifications\/","name":"Certifications et normes, ISO - CE - SGS Pellet Machine - Lansonmachines","isPartOf":{"@id":"https:\/\/lansonmachines.com\/#website"},"primaryImageOfPage":{"@id":"https:\/\/lansonmachines.com\/certifications\/#primaryimage"},"image":{"@id":"https:\/\/lansonmachines.com\/certifications\/#primaryimage"},"thumbnailUrl":"http:\/\/lansonmachines.com\/wp-content\/uploads\/2025\/10\/t7whj-5o0hx-1024x346.webp","datePublished":"2025-11-14T01:07:43+00:00","dateModified":"2025-11-16T08:38:38+00:00","description":"Lansonmachines : fournisseur de moulins \u00e0 granul\u00e9s pr\u00eats \u00e0 l'exportation, avec certification des produits et dossiers d'inspection. Il garantit la conformit\u00e9 des exp\u00e9ditions internationales, la s\u00e9curit\u00e9 et un service apr\u00e8s-vente fiable.","breadcrumb":{"@id":"https:\/\/lansonmachines.com\/certifications\/#breadcrumb"},"inLanguage":"fr-FR","potentialAction":[{"@type":"ReadAction","target":["https:\/\/lansonmachines.com\/certifications\/"]}]},{"@type":"ImageObject","inLanguage":"fr-FR","@id":"https:\/\/lansonmachines.com\/certifications\/#primaryimage","url":"http:\/\/lansonmachines.com\/wp-content\/uploads\/2025\/10\/t7whj-5o0hx-1024x346.webp","contentUrl":"http:\/\/lansonmachines.com\/wp-content\/uploads\/2025\/10\/t7whj-5o0hx-1024x346.webp"},{"@type":"BreadcrumbList","@id":"https:\/\/lansonmachines.com\/certifications\/#breadcrumb","itemListElement":[{"@type":"ListItem","position":1,"name":"\u9996\u9875","item":"https:\/\/lansonmachines.com\/"},{"@type":"ListItem","position":2,"name":"Certifications"}]},{"@type":"WebSite","@id":"https:\/\/lansonmachines.com\/#website","url":"https:\/\/lansonmachines.com\/","name":"Lansonmachines","description":"Machine \u00e0 granul\u00e9s de bois","publisher":{"@id":"https:\/\/lansonmachines.com\/#organization"},"potentialAction":[{"@type":"SearchAction","target":{"@type":"EntryPoint","urlTemplate":"https:\/\/lansonmachines.com\/?s={search_term_string}"},"query-input":{"@type":"PropertyValueSpecification","valueRequired":true,"valueName":"search_term_string"}}],"inLanguage":"fr-FR"},{"@type":"Organization","@id":"https:\/\/lansonmachines.com\/#organization","name":"Haichen","url":"https:\/\/lansonmachines.com\/","logo":{"@type":"ImageObject","inLanguage":"fr-FR","@id":"https:\/\/lansonmachines.com\/#\/schema\/logo\/image\/","url":"https:\/\/lansonmachines.com\/wp-content\/uploads\/2025\/11\/logo.webp","contentUrl":"https:\/\/lansonmachines.com\/wp-content\/uploads\/2025\/11\/logo.webp","width":230,"height":70,"caption":"Haichen"},"image":{"@id":"https:\/\/lansonmachines.com\/#\/schema\/logo\/image\/"}}]}},"_links":{"self":[{"href":"https:\/\/lansonmachines.com\/fr\/wp-json\/wp\/v2\/pages\/1647","targetHints":{"allow":["GET"]}}],"collection":[{"href":"https:\/\/lansonmachines.com\/fr\/wp-json\/wp\/v2\/pages"}],"about":[{"href":"https:\/\/lansonmachines.com\/fr\/wp-json\/wp\/v2\/types\/page"}],"author":[{"embeddable":true,"href":"https:\/\/lansonmachines.com\/fr\/wp-json\/wp\/v2\/users\/1"}],"replies":[{"embeddable":true,"href":"https:\/\/lansonmachines.com\/fr\/wp-json\/wp\/v2\/comments?post=1647"}],"version-history":[{"count":18,"href":"https:\/\/lansonmachines.com\/fr\/wp-json\/wp\/v2\/pages\/1647\/revisions"}],"predecessor-version":[{"id":1845,"href":"https:\/\/lansonmachines.com\/fr\/wp-json\/wp\/v2\/pages\/1647\/revisions\/1845"}],"wp:attachment":[{"href":"https:\/\/lansonmachines.com\/fr\/wp-json\/wp\/v2\/media?parent=1647"}],"curies":[{"name":"wp","href":"https:\/\/api.w.org\/{rel}","templated":true}]}}