{"id":1661,"date":"2025-11-14T09:18:29","date_gmt":"2025-11-14T01:18:29","guid":{"rendered":"http:\/\/www.tioxhua.com\/?page_id=1661"},"modified":"2025-11-16T16:51:15","modified_gmt":"2025-11-16T08:51:15","slug":"factory-workshops","status":"publish","type":"page","link":"https:\/\/lansonmachines.com\/fr\/factory-workshops\/","title":{"rendered":"Ateliers d'usine"},"content":{"rendered":"<div data-elementor-type=\"wp-page\" data-elementor-id=\"1661\" class=\"elementor elementor-1661\" data-elementor-post-type=\"page\">\n\t\t\t\t<div class=\"elementor-element elementor-element-9a3732f e-flex e-con-boxed e-con e-parent\" data-id=\"9a3732f\" data-element_type=\"container\">\n\t\t\t\t\t<div class=\"e-con-inner\">\n\t\t\t\t<div class=\"elementor-element elementor-element-c60d5a9 elementor-widget elementor-widget-heading\" data-id=\"c60d5a9\" data-element_type=\"widget\" data-widget_type=\"heading.default\">\n\t\t\t\t<div class=\"elementor-widget-container\">\n\t\t\t\t\t<h1 class=\"elementor-heading-title elementor-size-default\">Ateliers d'usine<\/h1>\t\t\t\t<\/div>\n\t\t\t\t<\/div>\n\t\t\t\t\t<\/div>\n\t\t\t\t<\/div>\n\t\t<div class=\"elementor-element elementor-element-c1c1513 e-flex e-con-boxed e-con e-parent\" data-id=\"c1c1513\" data-element_type=\"container\">\n\t\t\t\t\t<div class=\"e-con-inner\">\n\t\t\t\t<div class=\"elementor-element elementor-element-66025cc elementor-widget elementor-widget-text-editor\" data-id=\"66025cc\" data-element_type=\"widget\" data-widget_type=\"text-editor.default\">\n\t\t\t\t<div class=\"elementor-widget-container\">\n\t\t\t\t\t\t\t\t\t<p data-start=\"77\" data-end=\"523\">L'usine et les ateliers de LansonMachines sont situ\u00e9s \u00e0 Zhengzhou, dans le Henan, au c\u0153ur de la r\u00e9gion chinoise de production de machines industrielles l\u00e9g\u00e8res et moyennes. Nos ateliers sont organis\u00e9s pour une production efficace et tra\u00e7able : de la r\u00e9ception des mati\u00e8res premi\u00e8res et de l'usinage de pr\u00e9cision \u00e0 l'assemblage, aux tests de qualit\u00e9 et \u00e0 l'emballage. Cette page explique comment nos installations et nos processus prot\u00e8gent la qualit\u00e9 des produits, la fiabilit\u00e9 des livraisons et les performances \u00e0 long terme des machines.<\/p><h2 data-start=\"525\" data-end=\"545\">Aper\u00e7u de l'atelier<\/h2><ul data-start=\"546\" data-end=\"1138\"><li data-start=\"546\" data-end=\"730\"><p data-start=\"548\" data-end=\"730\"><strong data-start=\"548\" data-end=\"572\">Zones construites \u00e0 cet effet :<\/strong> Des zones s\u00e9par\u00e9es pour l'usinage, le soudage, le traitement thermique, l'assemblage, l'installation \u00e9lectrique et les essais permettent de maintenir les flux de travail propres et de r\u00e9duire la contamination crois\u00e9e.<\/p><\/li><li data-start=\"731\" data-end=\"931\"><p data-start=\"733\" data-end=\"931\"><strong data-start=\"733\" data-end=\"756\">Un processus clair :<\/strong> Mati\u00e8re premi\u00e8re \u2192 usinage \u2192 traitement de surface \u2192 assemblage \u2192 essai \u2192 contr\u00f4le final \u2192 emballage, ce qui nous permet de maintenir des d\u00e9lais de livraison coh\u00e9rents et un contr\u00f4le de qualit\u00e9 fiable.<\/p><\/li><li data-start=\"932\" data-end=\"1138\"><p data-start=\"934\" data-end=\"1138\"><strong data-start=\"934\" data-end=\"956\">Une main-d'\u0153uvre qualifi\u00e9e :<\/strong> Nos techniciens et ing\u00e9nieurs sont form\u00e9s \u00e0 la production, \u00e0 l'assemblage et \u00e0 la mise en service sur site de moulins \u00e0 granul\u00e9s. Ils ont l'exp\u00e9rience des machines diesel, \u00e9lectriques, \u00e0 fili\u00e8re plate et \u00e0 fili\u00e8re annulaire.<\/p><\/li><\/ul><h2 data-start=\"1140\" data-end=\"1171\">\u00c9quipements et capacit\u00e9s cl\u00e9s<\/h2><ul data-start=\"1172\" data-end=\"1571\"><li data-start=\"1172\" data-end=\"1233\"><p data-start=\"1174\" data-end=\"1233\">Tours et fraiseuses CNC pour les pi\u00e8ces de haute pr\u00e9cision.<\/p><\/li><li data-start=\"1234\" data-end=\"1315\"><p data-start=\"1236\" data-end=\"1315\">Des cabines de soudage avec des soudeurs qualifi\u00e9s et des montages pour des assemblages reproductibles.<\/p><\/li><li data-start=\"1316\" data-end=\"1374\"><p data-start=\"1318\" data-end=\"1374\">Bancs d'essai de balance et de vibration pour composants rotatifs.<\/p><\/li><li data-start=\"1375\" data-end=\"1465\"><p data-start=\"1377\" data-end=\"1465\">Usinage en interne des matrices, des rouleaux et des arbres pour r\u00e9duire les d\u00e9lais de livraison des pi\u00e8ces de rechange.<\/p><\/li><li data-start=\"1466\" data-end=\"1571\"><p data-start=\"1468\" data-end=\"1571\">Bancs d'assemblage et zones d'essai contr\u00f4l\u00e9es pour les essais \u00e0 pleine charge en utilisant des mati\u00e8res premi\u00e8res simul\u00e9es par le client.<\/p><\/li><\/ul><h2 data-start=\"1573\" data-end=\"1609\">L'assurance qualit\u00e9 dans l'atelier<\/h2><ul data-start=\"1610\" data-end=\"2131\"><li data-start=\"1610\" data-end=\"1720\"><p data-start=\"1612\" data-end=\"1720\"><strong data-start=\"1612\" data-end=\"1636\">Inspection entrante :<\/strong> La tra\u00e7abilit\u00e9 des mat\u00e9riaux et les rapports d'essai de l'usine sont enregistr\u00e9s avant le d\u00e9but de l'usinage.<\/p><\/li><li data-start=\"1721\" data-end=\"1823\"><p data-start=\"1723\" data-end=\"1823\"><strong data-start=\"1723\" data-end=\"1745\">Contr\u00f4les en cours :<\/strong> Contr\u00f4les dimensionnels et fonctionnels \u00e0 des stades critiques pour d\u00e9tecter les probl\u00e8mes \u00e0 un stade pr\u00e9coce.<\/p><\/li><li data-start=\"1824\" data-end=\"1989\"><p data-start=\"1826\" data-end=\"1989\"><strong data-start=\"1826\" data-end=\"1846\">Essais finaux :<\/strong> Chaque broyeur est soumis \u00e0 un test de performance (\u00e0 vide et en charge) pour v\u00e9rifier le rendement, la qualit\u00e9 des granul\u00e9s et les objectifs en mati\u00e8re de bruit et de vibrations avant d'\u00eatre emball\u00e9.<\/p><\/li><li data-start=\"1990\" data-end=\"2131\"><p data-start=\"1992\" data-end=\"2131\"><strong data-start=\"1992\" data-end=\"2010\">Documentation :<\/strong> Les dossiers d'essai, les rapports d'inspection et les listes de colisage sont fournis pour chaque exp\u00e9dition ; les inspections par des tiers sont les bienvenues.<\/p><\/li><\/ul><h2 data-start=\"2133\" data-end=\"2164\">Emballage, stockage et logistique<\/h2><ul data-start=\"2165\" data-end=\"2476\"><li data-start=\"2165\" data-end=\"2286\"><p data-start=\"2167\" data-end=\"2286\">Emballage lourd pour l'exportation (caisses en bois, palettes, traitement antirouille) afin de prot\u00e9ger les machines pendant le transport maritime ou a\u00e9rien.<\/p><\/li><li data-start=\"2287\" data-end=\"2368\"><p data-start=\"2289\" data-end=\"2368\">Il a organis\u00e9 l'entrep\u00f4t des pi\u00e8ces d\u00e9tach\u00e9es et des machines finies afin d'acc\u00e9l\u00e9rer les exp\u00e9ditions.<\/p><\/li><li data-start=\"2369\" data-end=\"2476\"><p data-start=\"2371\" data-end=\"2476\">Coordination avec des transitaires exp\u00e9riment\u00e9s pour les conditions de livraison EXW\/FOB\/CIF et la documentation d'exportation.<\/p><\/li><\/ul><h2 data-start=\"2478\" data-end=\"2517\">S\u00e9curit\u00e9, environnement et protection du personnel<\/h2><ul data-start=\"2518\" data-end=\"2780\"><li data-start=\"2518\" data-end=\"2607\"><p data-start=\"2520\" data-end=\"2607\">Proc\u00e9dures de s\u00e9curit\u00e9 en place dans les ateliers (EPI, protection des machines, s\u00e9curit\u00e9 \u00e9lectrique).<\/p><\/li><li data-start=\"2608\" data-end=\"2699\"><p data-start=\"2610\" data-end=\"2699\">Gestion des d\u00e9chets et \u00e9limination responsable des huiles\/liquides de refroidissement conform\u00e9ment aux r\u00e9glementations locales.<\/p><\/li><li data-start=\"2700\" data-end=\"2780\"><p data-start=\"2702\" data-end=\"2780\">Des programmes de formation continue pour am\u00e9liorer la qualit\u00e9 du travail, la s\u00e9curit\u00e9 et la qualit\u00e9 de l'assemblage.<\/p><\/li><\/ul><h2 data-start=\"2782\" data-end=\"2807\">Ce que les clients peuvent voir<\/h2><p data-start=\"2808\" data-end=\"3057\">Sur demande, nous fournissons des photos d'atelier \u00e0 jour, de courtes vid\u00e9os de l'usine et des diagrammes de processus. Pour les commandes importantes ou les projets techniques, nous organisons volontiers des visites d'usine ou des audits par des tiers afin que les acheteurs puissent v\u00e9rifier en personne la capacit\u00e9 et les contr\u00f4les de production.<\/p>\t\t\t\t\t\t\t\t<\/div>\n\t\t\t\t<\/div>\n\t\t\t\t\t<\/div>\n\t\t\t\t<\/div>\n\t\t<div class=\"elementor-element elementor-element-8188964 e-flex e-con-boxed e-con e-parent\" data-id=\"8188964\" data-element_type=\"container\">\n\t\t\t\t\t<div class=\"e-con-inner\">\n\t\t<div class=\"elementor-element elementor-element-0d4c2dd e-con-full e-flex e-con e-child\" data-id=\"0d4c2dd\" data-element_type=\"container\">\n\t\t\t\t<div class=\"elementor-element elementor-element-6d454ba elementor-widget elementor-widget-image\" data-id=\"6d454ba\" data-element_type=\"widget\" data-widget_type=\"image.default\">\n\t\t\t\t<div class=\"elementor-widget-container\">\n\t\t\t\t\t\t\t\t\t\t\t\t\t\t\t<img fetchpriority=\"high\" decoding=\"async\" width=\"700\" height=\"500\" src=\"https:\/\/lansonmachines.com\/wp-content\/uploads\/2025\/11\/tcnjm-pafxr.webp\" class=\"attachment-large size-large wp-image-1821\" alt=\"Pellet Machine FACTORY SHOW\" srcset=\"https:\/\/lansonmachines.com\/wp-content\/uploads\/2025\/11\/tcnjm-pafxr.webp 700w, https:\/\/lansonmachines.com\/wp-content\/uploads\/2025\/11\/tcnjm-pafxr-300x214.webp 300w\" sizes=\"(max-width: 700px) 100vw, 700px\" \/>\t\t\t\t\t\t\t\t\t\t\t\t\t\t\t<\/div>\n\t\t\t\t<\/div>\n\t\t\t\t<\/div>\n\t\t<div class=\"elementor-element elementor-element-d2db5ab e-con-full e-flex e-con e-child\" data-id=\"d2db5ab\" data-element_type=\"container\">\n\t\t\t\t<div class=\"elementor-element elementor-element-2452260 elementor-widget elementor-widget-image\" data-id=\"2452260\" data-element_type=\"widget\" data-widget_type=\"image.default\">\n\t\t\t\t<div class=\"elementor-widget-container\">\n\t\t\t\t\t\t\t\t\t\t\t\t\t\t\t<img decoding=\"async\" width=\"693\" height=\"494\" src=\"https:\/\/lansonmachines.com\/wp-content\/uploads\/2025\/11\/tk69k-c1qfz.webp\" class=\"attachment-large size-large wp-image-1825\" alt=\"Pellet Machine FACTORY SHOW\" srcset=\"https:\/\/lansonmachines.com\/wp-content\/uploads\/2025\/11\/tk69k-c1qfz.webp 693w, https:\/\/lansonmachines.com\/wp-content\/uploads\/2025\/11\/tk69k-c1qfz-300x214.webp 300w\" sizes=\"(max-width: 693px) 100vw, 693px\" \/>\t\t\t\t\t\t\t\t\t\t\t\t\t\t\t<\/div>\n\t\t\t\t<\/div>\n\t\t\t\t<\/div>\n\t\t<div class=\"elementor-element elementor-element-13d7a59 e-con-full e-flex e-con e-child\" data-id=\"13d7a59\" data-element_type=\"container\">\n\t\t\t\t<div class=\"elementor-element elementor-element-423019e elementor-widget elementor-widget-image\" data-id=\"423019e\" data-element_type=\"widget\" data-widget_type=\"image.default\">\n\t\t\t\t<div class=\"elementor-widget-container\">\n\t\t\t\t\t\t\t\t\t\t\t\t\t\t\t<img decoding=\"async\" width=\"700\" height=\"500\" src=\"https:\/\/lansonmachines.com\/wp-content\/uploads\/2025\/11\/t7xtj-upiqe.webp\" class=\"attachment-large size-large wp-image-1824\" alt=\"Pellet Machine FACTORY SHOW\" srcset=\"https:\/\/lansonmachines.com\/wp-content\/uploads\/2025\/11\/t7xtj-upiqe.webp 700w, https:\/\/lansonmachines.com\/wp-content\/uploads\/2025\/11\/t7xtj-upiqe-300x214.webp 300w\" sizes=\"(max-width: 700px) 100vw, 700px\" \/>\t\t\t\t\t\t\t\t\t\t\t\t\t\t\t<\/div>\n\t\t\t\t<\/div>\n\t\t\t\t<\/div>\n\t\t<div class=\"elementor-element elementor-element-ae0798d e-con-full e-flex e-con e-child\" data-id=\"ae0798d\" data-element_type=\"container\">\n\t\t\t\t<div class=\"elementor-element elementor-element-79737df elementor-widget elementor-widget-image\" data-id=\"79737df\" data-element_type=\"widget\" data-widget_type=\"image.default\">\n\t\t\t\t<div class=\"elementor-widget-container\">\n\t\t\t\t\t\t\t\t\t\t\t\t\t\t\t<img loading=\"lazy\" decoding=\"async\" width=\"700\" height=\"500\" src=\"https:\/\/lansonmachines.com\/wp-content\/uploads\/2025\/11\/t0wlr-lraig.webp\" class=\"attachment-large size-large wp-image-1822\" alt=\"Pellet Machine FACTORY SHOW\" srcset=\"https:\/\/lansonmachines.com\/wp-content\/uploads\/2025\/11\/t0wlr-lraig.webp 700w, https:\/\/lansonmachines.com\/wp-content\/uploads\/2025\/11\/t0wlr-lraig-300x214.webp 300w\" sizes=\"(max-width: 700px) 100vw, 700px\" \/>\t\t\t\t\t\t\t\t\t\t\t\t\t\t\t<\/div>\n\t\t\t\t<\/div>\n\t\t\t\t<\/div>\n\t\t\t\t\t<\/div>\n\t\t\t\t<\/div>\n\t\t\t\t<\/div>","protected":false},"excerpt":{"rendered":"<p>Factory Workshops LansonMachines\u2019 factory and workshops are located in Zhengzhou, Henan \u2014 the heart of China\u2019s manufacturing region for light and medium industrial machinery. Our workshops are organized for efficient, traceable production: from raw-material receiving and precision machining to assembly, quality testing and packing. This page explains how our facility and processes protect product quality, [&hellip;]<\/p>\n","protected":false},"author":1,"featured_media":0,"parent":0,"menu_order":0,"comment_status":"closed","ping_status":"closed","template":"","meta":{"_acf_changed":false,"site-sidebar-layout":"no-sidebar","site-content-layout":"page-builder","ast-site-content-layout":"full-width-container","site-content-style":"default","site-sidebar-style":"default","ast-global-header-display":"","ast-banner-title-visibility":"","ast-main-header-display":"","ast-hfb-above-header-display":"","ast-hfb-below-header-display":"","ast-hfb-mobile-header-display":"","site-post-title":"disabled","ast-breadcrumbs-content":"disabled","ast-featured-img":"disabled","footer-sml-layout":"","theme-transparent-header-meta":"default","adv-header-id-meta":"","stick-header-meta":"default","header-above-stick-meta":"","header-main-stick-meta":"","header-below-stick-meta":"","astra-migrate-meta-layouts":"set","ast-page-background-enabled":"default","ast-page-background-meta":{"desktop":{"background-color":"var(--ast-global-color-4)","background-image":"","background-repeat":"repeat","background-position":"center center","background-size":"auto","background-attachment":"scroll","background-type":"","background-media":"","overlay-type":"","overlay-color":"","overlay-opacity":"","overlay-gradient":""},"tablet":{"background-color":"","background-image":"","background-repeat":"repeat","background-position":"center center","background-size":"auto","background-attachment":"scroll","background-type":"","background-media":"","overlay-type":"","overlay-color":"","overlay-opacity":"","overlay-gradient":""},"mobile":{"background-color":"","background-image":"","background-repeat":"repeat","background-position":"center center","background-size":"auto","background-attachment":"scroll","background-type":"","background-media":"","overlay-type":"","overlay-color":"","overlay-opacity":"","overlay-gradient":""}},"ast-content-background-meta":{"desktop":{"background-color":"var(--ast-global-color-5)","background-image":"","background-repeat":"repeat","background-position":"center center","background-size":"auto","background-attachment":"scroll","background-type":"","background-media":"","overlay-type":"","overlay-color":"","overlay-opacity":"","overlay-gradient":""},"tablet":{"background-color":"var(--ast-global-color-5)","background-image":"","background-repeat":"repeat","background-position":"center center","background-size":"auto","background-attachment":"scroll","background-type":"","background-media":"","overlay-type":"","overlay-color":"","overlay-opacity":"","overlay-gradient":""},"mobile":{"background-color":"var(--ast-global-color-5)","background-image":"","background-repeat":"repeat","background-position":"center center","background-size":"auto","background-attachment":"scroll","background-type":"","background-media":"","overlay-type":"","overlay-color":"","overlay-opacity":"","overlay-gradient":""}},"footnotes":""},"class_list":["post-1661","page","type-page","status-publish","hentry"],"acf":[],"yoast_head":"<!-- This site is optimized with the Yoast SEO plugin v26.8 - https:\/\/yoast.com\/product\/yoast-seo-wordpress\/ -->\n<title>Factory Workshops, Lansonmachines Pellet Mill Production - Lansonmachines<\/title>\n<meta name=\"description\" content=\"See our production lines, wood, biomass &amp; feed pellet mill assembly, testing benches, CNC machining and final inspection. Turnkey production capability from China.\" \/>\n<meta name=\"robots\" content=\"index, follow, max-snippet:-1, max-image-preview:large, max-video-preview:-1\" \/>\n<link rel=\"canonical\" href=\"https:\/\/lansonmachines.com\/fr\/factory-workshops\/\" \/>\n<meta property=\"og:locale\" content=\"fr_FR\" \/>\n<meta property=\"og:type\" content=\"article\" \/>\n<meta property=\"og:title\" content=\"Factory Workshops, Lansonmachines Pellet Mill Production - Lansonmachines\" \/>\n<meta property=\"og:description\" content=\"See our production lines, wood, biomass &amp; feed pellet mill assembly, testing benches, CNC machining and final inspection. Turnkey production capability from China.\" \/>\n<meta property=\"og:url\" content=\"https:\/\/lansonmachines.com\/fr\/factory-workshops\/\" \/>\n<meta property=\"og:site_name\" content=\"Lansonmachines\" \/>\n<meta property=\"article:modified_time\" content=\"2025-11-16T08:51:15+00:00\" \/>\n<meta property=\"og:image\" content=\"http:\/\/lansonmachines.com\/wp-content\/uploads\/2025\/11\/tcnjm-pafxr.webp\" \/>\n<meta name=\"twitter:card\" content=\"summary_large_image\" \/>\n<meta name=\"twitter:label1\" content=\"Dur\u00e9e de lecture estim\u00e9e\" \/>\n\t<meta name=\"twitter:data1\" content=\"3 minutes\" \/>\n<script type=\"application\/ld+json\" class=\"yoast-schema-graph\">{\"@context\":\"https:\/\/schema.org\",\"@graph\":[{\"@type\":\"WebPage\",\"@id\":\"https:\/\/lansonmachines.com\/factory-workshops\/\",\"url\":\"https:\/\/lansonmachines.com\/factory-workshops\/\",\"name\":\"Factory Workshops, Lansonmachines Pellet Mill Production - Lansonmachines\",\"isPartOf\":{\"@id\":\"https:\/\/lansonmachines.com\/#website\"},\"primaryImageOfPage\":{\"@id\":\"https:\/\/lansonmachines.com\/factory-workshops\/#primaryimage\"},\"image\":{\"@id\":\"https:\/\/lansonmachines.com\/factory-workshops\/#primaryimage\"},\"thumbnailUrl\":\"http:\/\/lansonmachines.com\/wp-content\/uploads\/2025\/11\/tcnjm-pafxr.webp\",\"datePublished\":\"2025-11-14T01:18:29+00:00\",\"dateModified\":\"2025-11-16T08:51:15+00:00\",\"description\":\"See our production lines, wood, biomass & feed pellet mill assembly, testing benches, CNC machining and final inspection. Turnkey production capability from China.\",\"breadcrumb\":{\"@id\":\"https:\/\/lansonmachines.com\/factory-workshops\/#breadcrumb\"},\"inLanguage\":\"fr-FR\",\"potentialAction\":[{\"@type\":\"ReadAction\",\"target\":[\"https:\/\/lansonmachines.com\/factory-workshops\/\"]}]},{\"@type\":\"ImageObject\",\"inLanguage\":\"fr-FR\",\"@id\":\"https:\/\/lansonmachines.com\/factory-workshops\/#primaryimage\",\"url\":\"http:\/\/lansonmachines.com\/wp-content\/uploads\/2025\/11\/tcnjm-pafxr.webp\",\"contentUrl\":\"http:\/\/lansonmachines.com\/wp-content\/uploads\/2025\/11\/tcnjm-pafxr.webp\"},{\"@type\":\"BreadcrumbList\",\"@id\":\"https:\/\/lansonmachines.com\/factory-workshops\/#breadcrumb\",\"itemListElement\":[{\"@type\":\"ListItem\",\"position\":1,\"name\":\"\u9996\u9875\",\"item\":\"https:\/\/lansonmachines.com\/\"},{\"@type\":\"ListItem\",\"position\":2,\"name\":\"Factory Workshops\"}]},{\"@type\":\"WebSite\",\"@id\":\"https:\/\/lansonmachines.com\/#website\",\"url\":\"https:\/\/lansonmachines.com\/\",\"name\":\"Lansonmachines\",\"description\":\"Pellets Machine Maker\",\"publisher\":{\"@id\":\"https:\/\/lansonmachines.com\/#organization\"},\"potentialAction\":[{\"@type\":\"SearchAction\",\"target\":{\"@type\":\"EntryPoint\",\"urlTemplate\":\"https:\/\/lansonmachines.com\/?s={search_term_string}\"},\"query-input\":{\"@type\":\"PropertyValueSpecification\",\"valueRequired\":true,\"valueName\":\"search_term_string\"}}],\"inLanguage\":\"fr-FR\"},{\"@type\":\"Organization\",\"@id\":\"https:\/\/lansonmachines.com\/#organization\",\"name\":\"Haichen\",\"url\":\"https:\/\/lansonmachines.com\/\",\"logo\":{\"@type\":\"ImageObject\",\"inLanguage\":\"fr-FR\",\"@id\":\"https:\/\/lansonmachines.com\/#\/schema\/logo\/image\/\",\"url\":\"https:\/\/lansonmachines.com\/wp-content\/uploads\/2025\/11\/logo.webp\",\"contentUrl\":\"https:\/\/lansonmachines.com\/wp-content\/uploads\/2025\/11\/logo.webp\",\"width\":230,\"height\":70,\"caption\":\"Haichen\"},\"image\":{\"@id\":\"https:\/\/lansonmachines.com\/#\/schema\/logo\/image\/\"}}]}<\/script>\n<!-- \/ Yoast SEO plugin. -->","yoast_head_json":{"title":"Ateliers d'usine, Lansonmachines Production de granul\u00e9s de bois - Lansonmachines","description":"D\u00e9couvrez nos lignes de production, l'assemblage des moulins \u00e0 granul\u00e9s de bois, de biomasse et d'aliments pour animaux, les bancs d'essai, l'usinage CNC et l'inspection finale. Capacit\u00e9 de production cl\u00e9 en main \u00e0 partir de la Chine.","robots":{"index":"index","follow":"follow","max-snippet":"max-snippet:-1","max-image-preview":"max-image-preview:large","max-video-preview":"max-video-preview:-1"},"canonical":"https:\/\/lansonmachines.com\/fr\/factory-workshops\/","og_locale":"fr_FR","og_type":"article","og_title":"Factory Workshops, Lansonmachines Pellet Mill Production - Lansonmachines","og_description":"See our production lines, wood, biomass & feed pellet mill assembly, testing benches, CNC machining and final inspection. Turnkey production capability from China.","og_url":"https:\/\/lansonmachines.com\/fr\/factory-workshops\/","og_site_name":"Lansonmachines","article_modified_time":"2025-11-16T08:51:15+00:00","og_image":[{"url":"http:\/\/lansonmachines.com\/wp-content\/uploads\/2025\/11\/tcnjm-pafxr.webp","type":"","width":"","height":""}],"twitter_card":"summary_large_image","twitter_misc":{"Dur\u00e9e de lecture estim\u00e9e":"3 minutes"},"schema":{"@context":"https:\/\/schema.org","@graph":[{"@type":"WebPage","@id":"https:\/\/lansonmachines.com\/factory-workshops\/","url":"https:\/\/lansonmachines.com\/factory-workshops\/","name":"Ateliers d'usine, Lansonmachines Production de granul\u00e9s de bois - Lansonmachines","isPartOf":{"@id":"https:\/\/lansonmachines.com\/#website"},"primaryImageOfPage":{"@id":"https:\/\/lansonmachines.com\/factory-workshops\/#primaryimage"},"image":{"@id":"https:\/\/lansonmachines.com\/factory-workshops\/#primaryimage"},"thumbnailUrl":"http:\/\/lansonmachines.com\/wp-content\/uploads\/2025\/11\/tcnjm-pafxr.webp","datePublished":"2025-11-14T01:18:29+00:00","dateModified":"2025-11-16T08:51:15+00:00","description":"D\u00e9couvrez nos lignes de production, l'assemblage des moulins \u00e0 granul\u00e9s de bois, de biomasse et d'aliments pour animaux, les bancs d'essai, l'usinage CNC et l'inspection finale. Capacit\u00e9 de production cl\u00e9 en main \u00e0 partir de la Chine.","breadcrumb":{"@id":"https:\/\/lansonmachines.com\/factory-workshops\/#breadcrumb"},"inLanguage":"fr-FR","potentialAction":[{"@type":"ReadAction","target":["https:\/\/lansonmachines.com\/factory-workshops\/"]}]},{"@type":"ImageObject","inLanguage":"fr-FR","@id":"https:\/\/lansonmachines.com\/factory-workshops\/#primaryimage","url":"http:\/\/lansonmachines.com\/wp-content\/uploads\/2025\/11\/tcnjm-pafxr.webp","contentUrl":"http:\/\/lansonmachines.com\/wp-content\/uploads\/2025\/11\/tcnjm-pafxr.webp"},{"@type":"BreadcrumbList","@id":"https:\/\/lansonmachines.com\/factory-workshops\/#breadcrumb","itemListElement":[{"@type":"ListItem","position":1,"name":"\u9996\u9875","item":"https:\/\/lansonmachines.com\/"},{"@type":"ListItem","position":2,"name":"Factory Workshops"}]},{"@type":"WebSite","@id":"https:\/\/lansonmachines.com\/#website","url":"https:\/\/lansonmachines.com\/","name":"Lansonmachines","description":"Machine \u00e0 granul\u00e9s de bois","publisher":{"@id":"https:\/\/lansonmachines.com\/#organization"},"potentialAction":[{"@type":"SearchAction","target":{"@type":"EntryPoint","urlTemplate":"https:\/\/lansonmachines.com\/?s={search_term_string}"},"query-input":{"@type":"PropertyValueSpecification","valueRequired":true,"valueName":"search_term_string"}}],"inLanguage":"fr-FR"},{"@type":"Organization","@id":"https:\/\/lansonmachines.com\/#organization","name":"Haichen","url":"https:\/\/lansonmachines.com\/","logo":{"@type":"ImageObject","inLanguage":"fr-FR","@id":"https:\/\/lansonmachines.com\/#\/schema\/logo\/image\/","url":"https:\/\/lansonmachines.com\/wp-content\/uploads\/2025\/11\/logo.webp","contentUrl":"https:\/\/lansonmachines.com\/wp-content\/uploads\/2025\/11\/logo.webp","width":230,"height":70,"caption":"Haichen"},"image":{"@id":"https:\/\/lansonmachines.com\/#\/schema\/logo\/image\/"}}]}},"_links":{"self":[{"href":"https:\/\/lansonmachines.com\/fr\/wp-json\/wp\/v2\/pages\/1661","targetHints":{"allow":["GET"]}}],"collection":[{"href":"https:\/\/lansonmachines.com\/fr\/wp-json\/wp\/v2\/pages"}],"about":[{"href":"https:\/\/lansonmachines.com\/fr\/wp-json\/wp\/v2\/types\/page"}],"author":[{"embeddable":true,"href":"https:\/\/lansonmachines.com\/fr\/wp-json\/wp\/v2\/users\/1"}],"replies":[{"embeddable":true,"href":"https:\/\/lansonmachines.com\/fr\/wp-json\/wp\/v2\/comments?post=1661"}],"version-history":[{"count":21,"href":"https:\/\/lansonmachines.com\/fr\/wp-json\/wp\/v2\/pages\/1661\/revisions"}],"predecessor-version":[{"id":1854,"href":"https:\/\/lansonmachines.com\/fr\/wp-json\/wp\/v2\/pages\/1661\/revisions\/1854"}],"wp:attachment":[{"href":"https:\/\/lansonmachines.com\/fr\/wp-json\/wp\/v2\/media?parent=1661"}],"curies":[{"name":"wp","href":"https:\/\/api.w.org\/{rel}","templated":true}]}}