{"id":1647,"date":"2025-11-14T09:07:43","date_gmt":"2025-11-14T01:07:43","guid":{"rendered":"http:\/\/www.tioxhua.com\/?page_id=1647"},"modified":"2025-11-16T16:38:38","modified_gmt":"2025-11-16T08:38:38","slug":"certifications","status":"publish","type":"page","link":"https:\/\/lansonmachines.com\/it\/certifications\/","title":{"rendered":"Certificazioni"},"content":{"rendered":"<div data-elementor-type=\"wp-page\" data-elementor-id=\"1647\" class=\"elementor elementor-1647\" data-elementor-post-type=\"page\">\n\t\t\t\t<div class=\"elementor-element elementor-element-744433a e-flex e-con-boxed e-con e-parent\" data-id=\"744433a\" data-element_type=\"container\">\n\t\t\t\t\t<div class=\"e-con-inner\">\n\t\t\t\t<div class=\"elementor-element elementor-element-83af712 elementor-widget elementor-widget-heading\" data-id=\"83af712\" data-element_type=\"widget\" data-widget_type=\"heading.default\">\n\t\t\t\t<div class=\"elementor-widget-container\">\n\t\t\t\t\t<h1 class=\"elementor-heading-title elementor-size-default\">Certificazioni<\/h1>\t\t\t\t<\/div>\n\t\t\t\t<\/div>\n\t\t\t\t\t<\/div>\n\t\t\t\t<\/div>\n\t\t<div class=\"elementor-element elementor-element-8ed2d13 e-flex e-con-boxed e-con e-parent\" data-id=\"8ed2d13\" data-element_type=\"container\">\n\t\t\t\t\t<div class=\"e-con-inner\">\n\t\t\t\t<div class=\"elementor-element elementor-element-e571d4b elementor-widget elementor-widget-text-editor\" data-id=\"e571d4b\" data-element_type=\"widget\" data-widget_type=\"text-editor.default\">\n\t\t\t\t<div class=\"elementor-widget-container\">\n\t\t\t\t\t\t\t\t\t<p data-start=\"35\" data-end=\"444\">In LansonMachines consideriamo le certificazioni come prove, non come promesse. Il nostro stabilimento di Zhengzhou opera in base a un rigoroso sistema di gestione della qualit\u00e0 e a un processo di produzione documentato, in modo che i clienti di tutto il mondo possano fare affidamento sulla sicurezza, sulle prestazioni e sulla conformit\u00e0 delle macchine all'esportazione. Questa pagina illustra i tipi di certificati, relazioni e controlli di terze parti che forniamo regolarmente a importatori, distributori e acquirenti di progetti.<\/p><h2 data-start=\"446\" data-end=\"487\">Cosa forniamo (disponibile su richiesta)<\/h2><p data-start=\"488\" data-end=\"667\">Siamo in grado di fornire documentazione formale e rapporti di terze parti che dimostrino la qualit\u00e0 del prodotto, la tracciabilit\u00e0 dei materiali e la conformit\u00e0 dello stabilimento. Le richieste tipiche dei clienti includono:<\/p><ul data-start=\"668\" data-end=\"1484\"><li data-start=\"668\" data-end=\"755\"><p data-start=\"670\" data-end=\"755\"><strong data-start=\"670\" data-end=\"692\">Gestione della qualit\u00e0<\/strong> - ISO 9001 (documentazione del sistema qualit\u00e0 e rapporti di audit).<\/p><\/li><li data-start=\"756\" data-end=\"867\"><p data-start=\"758\" data-end=\"867\"><strong data-start=\"758\" data-end=\"781\">Sicurezza dei prodotti e CE<\/strong> - Dichiarazione CE e fascicoli tecnici per i clienti che spediscono sul mercato europeo.<\/p><\/li><li data-start=\"868\" data-end=\"1025\"><p data-start=\"870\" data-end=\"1025\"><strong data-start=\"870\" data-end=\"912\">Ispezioni e rapporti di prova di terzi<\/strong> - Ispezioni SGS \/ Bureau Veritas \/ Intertek, controlli dimensionali, test sulla composizione dei materiali e sulle prestazioni.<\/p><\/li><li data-start=\"1026\" data-end=\"1153\"><p data-start=\"1028\" data-end=\"1153\"><strong data-start=\"1028\" data-end=\"1059\">Conformit\u00e0 sociale e di fabbrica<\/strong> - rapporti di audit della fabbrica (SGQ, foto dell'officina, capacit\u00e0 produttiva e condizioni di lavoro).<\/p><\/li><li data-start=\"1154\" data-end=\"1304\"><p data-start=\"1156\" data-end=\"1304\"><strong data-start=\"1156\" data-end=\"1197\">Imballaggio, spedizione e documenti doganali<\/strong> - fattura commerciale, lista di imballaggio, polizza di carico, CO (se richiesto) e certificati di conformit\u00e0 all'esportazione.<\/p><\/li><li data-start=\"1305\" data-end=\"1484\"><p data-start=\"1307\" data-end=\"1484\"><strong data-start=\"1307\" data-end=\"1330\">Certificati personalizzati<\/strong> - certificati dei materiali (mill test report \/ MTR), rapporti su rumore e vibrazioni, test di sicurezza elettrica o altre prove documentali richieste dagli acquirenti.<\/p><\/li><\/ul><h2 data-start=\"1486\" data-end=\"1505\">Perch\u00e9 sono importanti<\/h2><p data-start=\"1506\" data-end=\"1595\">Gli acquirenti scelgono LansonMachines perch\u00e9 abbiniamo una produzione robusta a una prova trasparente:<\/p><ul data-start=\"1596\" data-end=\"1874\"><li data-start=\"1596\" data-end=\"1659\"><p data-start=\"1598\" data-end=\"1659\">I rapporti di ispezione di terzi riducono i rischi prima della spedizione.<\/p><\/li><li data-start=\"1660\" data-end=\"1749\"><p data-start=\"1662\" data-end=\"1749\">Gli audit di fabbrica e i registri di processo dimostrano una capacit\u00e0 e un'affidabilit\u00e0 di consegna costanti.<\/p><\/li><li data-start=\"1750\" data-end=\"1874\"><p data-start=\"1752\" data-end=\"1874\">I certificati dei materiali e i test sulle prestazioni garantiscono che le pellettizzatrici soddisfino le vostre aspettative in termini di materie prime, produzione e durata.<\/p><\/li><\/ul><h2 data-start=\"1876\" data-end=\"1902\">Come ottenere i certificati<\/h2><p data-start=\"1903\" data-end=\"2004\">Per ricevere copie o verificare i certificati per una macchina o un ordine specifico, inviare un'e-mail al nostro team di esportazione con:<\/p><ol data-start=\"2005\" data-end=\"2179\"><li data-start=\"2005\" data-end=\"2062\"><p data-start=\"2008\" data-end=\"2062\">Modello del prodotto e numero d'ordine (o riferimento della richiesta).<\/p><\/li><li data-start=\"2063\" data-end=\"2126\"><p data-start=\"2066\" data-end=\"2126\">Quali sono i documenti necessari (ad esempio, file CE, MTR, rapporto SGS).<\/p><\/li><li data-start=\"2127\" data-end=\"2179\"><p data-start=\"2130\" data-end=\"2179\">Il vostro paese di consegna o i requisiti di conformit\u00e0.<\/p><\/li><\/ol><p data-start=\"2181\" data-end=\"2320\">Risponderemo con i documenti esatti in nostro possesso per quel modello e ci offriremo di organizzare un'ispezione indipendente o una verifica in fabbrica, se necessario.<\/p>\t\t\t\t\t\t\t\t<\/div>\n\t\t\t\t<\/div>\n\t\t\t\t\t<\/div>\n\t\t\t\t<\/div>\n\t\t<div class=\"elementor-element elementor-element-416a5e0 e-flex e-con-boxed e-con e-parent\" data-id=\"416a5e0\" data-element_type=\"container\">\n\t\t\t\t\t<div class=\"e-con-inner\">\n\t\t\t\t<div class=\"elementor-element elementor-element-cca5be2 elementor-widget elementor-widget-image\" data-id=\"cca5be2\" data-element_type=\"widget\" data-widget_type=\"image.default\">\n\t\t\t\t<div class=\"elementor-widget-container\">\n\t\t\t\t\t\t\t\t\t\t\t\t\t\t\t<img fetchpriority=\"high\" decoding=\"async\" width=\"1024\" height=\"346\" src=\"https:\/\/lansonmachines.com\/wp-content\/uploads\/2025\/10\/t7whj-5o0hx-1024x346.webp\" class=\"attachment-large size-large wp-image-1803\" alt=\"Certificazione\" srcset=\"https:\/\/lansonmachines.com\/wp-content\/uploads\/2025\/10\/t7whj-5o0hx-1024x346.webp 1024w, https:\/\/lansonmachines.com\/wp-content\/uploads\/2025\/10\/t7whj-5o0hx-300x101.webp 300w, https:\/\/lansonmachines.com\/wp-content\/uploads\/2025\/10\/t7whj-5o0hx-768x260.webp 768w, https:\/\/lansonmachines.com\/wp-content\/uploads\/2025\/10\/t7whj-5o0hx-1536x519.webp 1536w, https:\/\/lansonmachines.com\/wp-content\/uploads\/2025\/10\/t7whj-5o0hx.webp 1920w\" sizes=\"(max-width: 1024px) 100vw, 1024px\" \/>\t\t\t\t\t\t\t\t\t\t\t\t\t\t\t<\/div>\n\t\t\t\t<\/div>\n\t\t\t\t\t<\/div>\n\t\t\t\t<\/div>\n\t\t\t\t<\/div>","protected":false},"excerpt":{"rendered":"<p>Certifications At LansonMachines we treat certifications as proof \u2014 not promises. Our factory in Zhengzhou operates under a strict quality-management system and a documented production process so customers worldwide can rely on machine safety, performance, and export compliance. This page explains the types of certificates, reports and third-party checks we regularly provide to importers, distributors [&hellip;]<\/p>\n","protected":false},"author":1,"featured_media":0,"parent":0,"menu_order":0,"comment_status":"closed","ping_status":"closed","template":"","meta":{"_acf_changed":false,"site-sidebar-layout":"no-sidebar","site-content-layout":"page-builder","ast-site-content-layout":"full-width-container","site-content-style":"default","site-sidebar-style":"default","ast-global-header-display":"","ast-banner-title-visibility":"","ast-main-header-display":"","ast-hfb-above-header-display":"","ast-hfb-below-header-display":"","ast-hfb-mobile-header-display":"","site-post-title":"disabled","ast-breadcrumbs-content":"disabled","ast-featured-img":"disabled","footer-sml-layout":"","theme-transparent-header-meta":"default","adv-header-id-meta":"","stick-header-meta":"default","header-above-stick-meta":"","header-main-stick-meta":"","header-below-stick-meta":"","astra-migrate-meta-layouts":"set","ast-page-background-enabled":"default","ast-page-background-meta":{"desktop":{"background-color":"var(--ast-global-color-4)","background-image":"","background-repeat":"repeat","background-position":"center center","background-size":"auto","background-attachment":"scroll","background-type":"","background-media":"","overlay-type":"","overlay-color":"","overlay-opacity":"","overlay-gradient":""},"tablet":{"background-color":"","background-image":"","background-repeat":"repeat","background-position":"center center","background-size":"auto","background-attachment":"scroll","background-type":"","background-media":"","overlay-type":"","overlay-color":"","overlay-opacity":"","overlay-gradient":""},"mobile":{"background-color":"","background-image":"","background-repeat":"repeat","background-position":"center center","background-size":"auto","background-attachment":"scroll","background-type":"","background-media":"","overlay-type":"","overlay-color":"","overlay-opacity":"","overlay-gradient":""}},"ast-content-background-meta":{"desktop":{"background-color":"var(--ast-global-color-5)","background-image":"","background-repeat":"repeat","background-position":"center center","background-size":"auto","background-attachment":"scroll","background-type":"","background-media":"","overlay-type":"","overlay-color":"","overlay-opacity":"","overlay-gradient":""},"tablet":{"background-color":"var(--ast-global-color-5)","background-image":"","background-repeat":"repeat","background-position":"center center","background-size":"auto","background-attachment":"scroll","background-type":"","background-media":"","overlay-type":"","overlay-color":"","overlay-opacity":"","overlay-gradient":""},"mobile":{"background-color":"var(--ast-global-color-5)","background-image":"","background-repeat":"repeat","background-position":"center center","background-size":"auto","background-attachment":"scroll","background-type":"","background-media":"","overlay-type":"","overlay-color":"","overlay-opacity":"","overlay-gradient":""}},"footnotes":""},"class_list":["post-1647","page","type-page","status-publish","hentry"],"acf":[],"yoast_head":"<!-- This site is optimized with the Yoast SEO plugin v26.8 - https:\/\/yoast.com\/product\/yoast-seo-wordpress\/ -->\n<title>Certifications &amp; Standards, ISO \u00b7 CE \u00b7 SGS Pellet Machine - Lansonmachines<\/title>\n<meta name=\"description\" content=\"Lansonmachines: export-ready pellet mill supplier with product certification and inspection records. Ensuring international shipping compliance, safety and reliable after-sales support.\" \/>\n<meta name=\"robots\" content=\"index, follow, max-snippet:-1, max-image-preview:large, max-video-preview:-1\" \/>\n<link rel=\"canonical\" href=\"https:\/\/lansonmachines.com\/it\/certifications\/\" \/>\n<meta property=\"og:locale\" content=\"it_IT\" \/>\n<meta property=\"og:type\" content=\"article\" \/>\n<meta property=\"og:title\" content=\"Certifications &amp; Standards, ISO \u00b7 CE \u00b7 SGS Pellet Machine - Lansonmachines\" \/>\n<meta property=\"og:description\" content=\"Lansonmachines: export-ready pellet mill supplier with product certification and inspection records. Ensuring international shipping compliance, safety and reliable after-sales support.\" \/>\n<meta property=\"og:url\" content=\"https:\/\/lansonmachines.com\/it\/certifications\/\" \/>\n<meta property=\"og:site_name\" content=\"Lansonmachines\" \/>\n<meta property=\"article:modified_time\" content=\"2025-11-16T08:38:38+00:00\" \/>\n<meta property=\"og:image\" content=\"http:\/\/lansonmachines.com\/wp-content\/uploads\/2025\/10\/t7whj-5o0hx-1024x346.webp\" \/>\n<meta name=\"twitter:card\" content=\"summary_large_image\" \/>\n<meta name=\"twitter:label1\" content=\"Tempo di lettura stimato\" \/>\n\t<meta name=\"twitter:data1\" content=\"2 minuti\" \/>\n<script type=\"application\/ld+json\" class=\"yoast-schema-graph\">{\"@context\":\"https:\/\/schema.org\",\"@graph\":[{\"@type\":\"WebPage\",\"@id\":\"https:\/\/lansonmachines.com\/certifications\/\",\"url\":\"https:\/\/lansonmachines.com\/certifications\/\",\"name\":\"Certifications & Standards, ISO \u00b7 CE \u00b7 SGS Pellet Machine - Lansonmachines\",\"isPartOf\":{\"@id\":\"https:\/\/lansonmachines.com\/#website\"},\"primaryImageOfPage\":{\"@id\":\"https:\/\/lansonmachines.com\/certifications\/#primaryimage\"},\"image\":{\"@id\":\"https:\/\/lansonmachines.com\/certifications\/#primaryimage\"},\"thumbnailUrl\":\"http:\/\/lansonmachines.com\/wp-content\/uploads\/2025\/10\/t7whj-5o0hx-1024x346.webp\",\"datePublished\":\"2025-11-14T01:07:43+00:00\",\"dateModified\":\"2025-11-16T08:38:38+00:00\",\"description\":\"Lansonmachines: export-ready pellet mill supplier with product certification and inspection records. Ensuring international shipping compliance, safety and reliable after-sales support.\",\"breadcrumb\":{\"@id\":\"https:\/\/lansonmachines.com\/certifications\/#breadcrumb\"},\"inLanguage\":\"it-IT\",\"potentialAction\":[{\"@type\":\"ReadAction\",\"target\":[\"https:\/\/lansonmachines.com\/certifications\/\"]}]},{\"@type\":\"ImageObject\",\"inLanguage\":\"it-IT\",\"@id\":\"https:\/\/lansonmachines.com\/certifications\/#primaryimage\",\"url\":\"http:\/\/lansonmachines.com\/wp-content\/uploads\/2025\/10\/t7whj-5o0hx-1024x346.webp\",\"contentUrl\":\"http:\/\/lansonmachines.com\/wp-content\/uploads\/2025\/10\/t7whj-5o0hx-1024x346.webp\"},{\"@type\":\"BreadcrumbList\",\"@id\":\"https:\/\/lansonmachines.com\/certifications\/#breadcrumb\",\"itemListElement\":[{\"@type\":\"ListItem\",\"position\":1,\"name\":\"\u9996\u9875\",\"item\":\"https:\/\/lansonmachines.com\/\"},{\"@type\":\"ListItem\",\"position\":2,\"name\":\"Certifications\"}]},{\"@type\":\"WebSite\",\"@id\":\"https:\/\/lansonmachines.com\/#website\",\"url\":\"https:\/\/lansonmachines.com\/\",\"name\":\"Lansonmachines\",\"description\":\"Pellets Machine Maker\",\"publisher\":{\"@id\":\"https:\/\/lansonmachines.com\/#organization\"},\"potentialAction\":[{\"@type\":\"SearchAction\",\"target\":{\"@type\":\"EntryPoint\",\"urlTemplate\":\"https:\/\/lansonmachines.com\/?s={search_term_string}\"},\"query-input\":{\"@type\":\"PropertyValueSpecification\",\"valueRequired\":true,\"valueName\":\"search_term_string\"}}],\"inLanguage\":\"it-IT\"},{\"@type\":\"Organization\",\"@id\":\"https:\/\/lansonmachines.com\/#organization\",\"name\":\"Haichen\",\"url\":\"https:\/\/lansonmachines.com\/\",\"logo\":{\"@type\":\"ImageObject\",\"inLanguage\":\"it-IT\",\"@id\":\"https:\/\/lansonmachines.com\/#\/schema\/logo\/image\/\",\"url\":\"https:\/\/lansonmachines.com\/wp-content\/uploads\/2025\/11\/logo.webp\",\"contentUrl\":\"https:\/\/lansonmachines.com\/wp-content\/uploads\/2025\/11\/logo.webp\",\"width\":230,\"height\":70,\"caption\":\"Haichen\"},\"image\":{\"@id\":\"https:\/\/lansonmachines.com\/#\/schema\/logo\/image\/\"}}]}<\/script>\n<!-- \/ Yoast SEO plugin. -->","yoast_head_json":{"title":"Certificazioni e standard, ISO - CE - SGS Macchina per pellet - Lansonmachines","description":"Lansonmachines: fornitore di mulini a pellet pronti per l'esportazione con certificazione del prodotto e registri di ispezione. Garantisce la conformit\u00e0 alle spedizioni internazionali, la sicurezza e un'affidabile assistenza post-vendita.","robots":{"index":"index","follow":"follow","max-snippet":"max-snippet:-1","max-image-preview":"max-image-preview:large","max-video-preview":"max-video-preview:-1"},"canonical":"https:\/\/lansonmachines.com\/it\/certifications\/","og_locale":"it_IT","og_type":"article","og_title":"Certifications & Standards, ISO \u00b7 CE \u00b7 SGS Pellet Machine - Lansonmachines","og_description":"Lansonmachines: export-ready pellet mill supplier with product certification and inspection records. Ensuring international shipping compliance, safety and reliable after-sales support.","og_url":"https:\/\/lansonmachines.com\/it\/certifications\/","og_site_name":"Lansonmachines","article_modified_time":"2025-11-16T08:38:38+00:00","og_image":[{"url":"http:\/\/lansonmachines.com\/wp-content\/uploads\/2025\/10\/t7whj-5o0hx-1024x346.webp","type":"","width":"","height":""}],"twitter_card":"summary_large_image","twitter_misc":{"Tempo di lettura stimato":"2 minuti"},"schema":{"@context":"https:\/\/schema.org","@graph":[{"@type":"WebPage","@id":"https:\/\/lansonmachines.com\/certifications\/","url":"https:\/\/lansonmachines.com\/certifications\/","name":"Certificazioni e standard, ISO - CE - SGS Macchina per pellet - Lansonmachines","isPartOf":{"@id":"https:\/\/lansonmachines.com\/#website"},"primaryImageOfPage":{"@id":"https:\/\/lansonmachines.com\/certifications\/#primaryimage"},"image":{"@id":"https:\/\/lansonmachines.com\/certifications\/#primaryimage"},"thumbnailUrl":"http:\/\/lansonmachines.com\/wp-content\/uploads\/2025\/10\/t7whj-5o0hx-1024x346.webp","datePublished":"2025-11-14T01:07:43+00:00","dateModified":"2025-11-16T08:38:38+00:00","description":"Lansonmachines: fornitore di mulini a pellet pronti per l'esportazione con certificazione del prodotto e registri di ispezione. Garantisce la conformit\u00e0 alle spedizioni internazionali, la sicurezza e un'affidabile assistenza post-vendita.","breadcrumb":{"@id":"https:\/\/lansonmachines.com\/certifications\/#breadcrumb"},"inLanguage":"it-IT","potentialAction":[{"@type":"ReadAction","target":["https:\/\/lansonmachines.com\/certifications\/"]}]},{"@type":"ImageObject","inLanguage":"it-IT","@id":"https:\/\/lansonmachines.com\/certifications\/#primaryimage","url":"http:\/\/lansonmachines.com\/wp-content\/uploads\/2025\/10\/t7whj-5o0hx-1024x346.webp","contentUrl":"http:\/\/lansonmachines.com\/wp-content\/uploads\/2025\/10\/t7whj-5o0hx-1024x346.webp"},{"@type":"BreadcrumbList","@id":"https:\/\/lansonmachines.com\/certifications\/#breadcrumb","itemListElement":[{"@type":"ListItem","position":1,"name":"\u9996\u9875","item":"https:\/\/lansonmachines.com\/"},{"@type":"ListItem","position":2,"name":"Certifications"}]},{"@type":"WebSite","@id":"https:\/\/lansonmachines.com\/#website","url":"https:\/\/lansonmachines.com\/","name":"Lansonmachines","description":"Macchina per la produzione di pellet","publisher":{"@id":"https:\/\/lansonmachines.com\/#organization"},"potentialAction":[{"@type":"SearchAction","target":{"@type":"EntryPoint","urlTemplate":"https:\/\/lansonmachines.com\/?s={search_term_string}"},"query-input":{"@type":"PropertyValueSpecification","valueRequired":true,"valueName":"search_term_string"}}],"inLanguage":"it-IT"},{"@type":"Organization","@id":"https:\/\/lansonmachines.com\/#organization","name":"Haichen","url":"https:\/\/lansonmachines.com\/","logo":{"@type":"ImageObject","inLanguage":"it-IT","@id":"https:\/\/lansonmachines.com\/#\/schema\/logo\/image\/","url":"https:\/\/lansonmachines.com\/wp-content\/uploads\/2025\/11\/logo.webp","contentUrl":"https:\/\/lansonmachines.com\/wp-content\/uploads\/2025\/11\/logo.webp","width":230,"height":70,"caption":"Haichen"},"image":{"@id":"https:\/\/lansonmachines.com\/#\/schema\/logo\/image\/"}}]}},"_links":{"self":[{"href":"https:\/\/lansonmachines.com\/it\/wp-json\/wp\/v2\/pages\/1647","targetHints":{"allow":["GET"]}}],"collection":[{"href":"https:\/\/lansonmachines.com\/it\/wp-json\/wp\/v2\/pages"}],"about":[{"href":"https:\/\/lansonmachines.com\/it\/wp-json\/wp\/v2\/types\/page"}],"author":[{"embeddable":true,"href":"https:\/\/lansonmachines.com\/it\/wp-json\/wp\/v2\/users\/1"}],"replies":[{"embeddable":true,"href":"https:\/\/lansonmachines.com\/it\/wp-json\/wp\/v2\/comments?post=1647"}],"version-history":[{"count":18,"href":"https:\/\/lansonmachines.com\/it\/wp-json\/wp\/v2\/pages\/1647\/revisions"}],"predecessor-version":[{"id":1845,"href":"https:\/\/lansonmachines.com\/it\/wp-json\/wp\/v2\/pages\/1647\/revisions\/1845"}],"wp:attachment":[{"href":"https:\/\/lansonmachines.com\/it\/wp-json\/wp\/v2\/media?parent=1647"}],"curies":[{"name":"wp","href":"https:\/\/api.w.org\/{rel}","templated":true}]}}