{"id":1300,"date":"2025-10-13T09:21:50","date_gmt":"2025-10-13T01:21:50","guid":{"rendered":"http:\/\/www.tioxhua.com\/?page_id=1300"},"modified":"2025-10-14T10:18:37","modified_gmt":"2025-10-14T02:18:37","slug":"thank-you","status":"publish","type":"page","link":"https:\/\/lansonmachines.com\/pt\/thank-you\/","title":{"rendered":"Obrigado"},"content":{"rendered":"<h1 style=\"text-align: center;\">Obrigado!<\/h1>\n<p style=\"text-align: center;\">A sua mensagem foi recebida. Agradecemos o seu interesse nos nossos produtos de tubos de ferro fundido d\u00factil e entraremos em contacto consigo em breve.<\/p>\n<p style=\"text-align: center;\"><a href=\"\/pt\/\">Regressar ao in\u00edcio<\/a><\/p>","protected":false},"excerpt":{"rendered":"<p>Obrigado! A sua mensagem foi recebida. Agradecemos o seu interesse nos nossos produtos de tubos de ferro fundido d\u00factil e entraremos em contacto consigo em breve. Voltar \u00e0 p\u00e1gina inicial<\/p>","protected":false},"author":1,"featured_media":0,"parent":0,"menu_order":0,"comment_status":"closed","ping_status":"closed","template":"","meta":{"_acf_changed":false,"site-sidebar-layout":"default","site-content-layout":"","ast-site-content-layout":"default","site-content-style":"default","site-sidebar-style":"default","ast-global-header-display":"","ast-banner-title-visibility":"","ast-main-header-display":"","ast-hfb-above-header-display":"","ast-hfb-below-header-display":"","ast-hfb-mobile-header-display":"","site-post-title":"","ast-breadcrumbs-content":"","ast-featured-img":"","footer-sml-layout":"","theme-transparent-header-meta":"default","adv-header-id-meta":"","stick-header-meta":"default","header-above-stick-meta":"","header-main-stick-meta":"","header-below-stick-meta":"","astra-migrate-meta-layouts":"set","ast-page-background-enabled":"default","ast-page-background-meta":{"desktop":{"background-color":"var(--ast-global-color-4)","background-image":"","background-repeat":"repeat","background-position":"center center","background-size":"auto","background-attachment":"scroll","background-type":"","background-media":"","overlay-type":"","overlay-color":"","overlay-opacity":"","overlay-gradient":""},"tablet":{"background-color":"","background-image":"","background-repeat":"repeat","background-position":"center center","background-size":"auto","background-attachment":"scroll","background-type":"","background-media":"","overlay-type":"","overlay-color":"","overlay-opacity":"","overlay-gradient":""},"mobile":{"background-color":"","background-image":"","background-repeat":"repeat","background-position":"center center","background-size":"auto","background-attachment":"scroll","background-type":"","background-media":"","overlay-type":"","overlay-color":"","overlay-opacity":"","overlay-gradient":""}},"ast-content-background-meta":{"desktop":{"background-color":"var(--ast-global-color-5)","background-image":"","background-repeat":"repeat","background-position":"center center","background-size":"auto","background-attachment":"scroll","background-type":"","background-media":"","overlay-type":"","overlay-color":"","overlay-opacity":"","overlay-gradient":""},"tablet":{"background-color":"var(--ast-global-color-5)","background-image":"","background-repeat":"repeat","background-position":"center center","background-size":"auto","background-attachment":"scroll","background-type":"","background-media":"","overlay-type":"","overlay-color":"","overlay-opacity":"","overlay-gradient":""},"mobile":{"background-color":"var(--ast-global-color-5)","background-image":"","background-repeat":"repeat","background-position":"center center","background-size":"auto","background-attachment":"scroll","background-type":"","background-media":"","overlay-type":"","overlay-color":"","overlay-opacity":"","overlay-gradient":""}},"footnotes":""},"class_list":["post-1300","page","type-page","status-publish","hentry"],"acf":[],"yoast_head":"<!-- This site is optimized with the Yoast SEO plugin v26.8 - https:\/\/yoast.com\/product\/yoast-seo-wordpress\/ -->\n<title>Thank You - Lansonmachines<\/title>\n<meta name=\"robots\" content=\"index, follow, max-snippet:-1, max-image-preview:large, max-video-preview:-1\" \/>\n<link rel=\"canonical\" href=\"https:\/\/lansonmachines.com\/pt\/thank-you\/\" \/>\n<meta property=\"og:locale\" content=\"pt_PT\" \/>\n<meta property=\"og:type\" content=\"article\" \/>\n<meta property=\"og:title\" content=\"Thank You - Lansonmachines\" \/>\n<meta property=\"og:description\" content=\"Thank You! Your submission has been received. We appreciate your interest in our ductile iron pipe products and will get back to you shortly. Return to Home\" \/>\n<meta property=\"og:url\" content=\"https:\/\/lansonmachines.com\/pt\/thank-you\/\" \/>\n<meta property=\"og:site_name\" content=\"Lansonmachines\" \/>\n<meta property=\"article:modified_time\" content=\"2025-10-14T02:18:37+00:00\" \/>\n<meta name=\"twitter:card\" content=\"summary_large_image\" \/>\n<meta name=\"twitter:label1\" content=\"Tempo estimado de leitura\" \/>\n\t<meta name=\"twitter:data1\" content=\"1 minuto\" \/>\n<script type=\"application\/ld+json\" class=\"yoast-schema-graph\">{\"@context\":\"https:\/\/schema.org\",\"@graph\":[{\"@type\":\"WebPage\",\"@id\":\"https:\/\/lansonmachines.com\/thank-you\/\",\"url\":\"https:\/\/lansonmachines.com\/thank-you\/\",\"name\":\"Thank You - Lansonmachines\",\"isPartOf\":{\"@id\":\"https:\/\/lansonmachines.com\/#website\"},\"datePublished\":\"2025-10-13T01:21:50+00:00\",\"dateModified\":\"2025-10-14T02:18:37+00:00\",\"breadcrumb\":{\"@id\":\"https:\/\/lansonmachines.com\/thank-you\/#breadcrumb\"},\"inLanguage\":\"pt-PT\",\"potentialAction\":[{\"@type\":\"ReadAction\",\"target\":[\"https:\/\/lansonmachines.com\/thank-you\/\"]}]},{\"@type\":\"BreadcrumbList\",\"@id\":\"https:\/\/lansonmachines.com\/thank-you\/#breadcrumb\",\"itemListElement\":[{\"@type\":\"ListItem\",\"position\":1,\"name\":\"\u9996\u9875\",\"item\":\"https:\/\/lansonmachines.com\/\"},{\"@type\":\"ListItem\",\"position\":2,\"name\":\"Thank You\"}]},{\"@type\":\"WebSite\",\"@id\":\"https:\/\/lansonmachines.com\/#website\",\"url\":\"https:\/\/lansonmachines.com\/\",\"name\":\"Lansonmachines\",\"description\":\"Pellets Machine Maker\",\"publisher\":{\"@id\":\"https:\/\/lansonmachines.com\/#organization\"},\"potentialAction\":[{\"@type\":\"SearchAction\",\"target\":{\"@type\":\"EntryPoint\",\"urlTemplate\":\"https:\/\/lansonmachines.com\/?s={search_term_string}\"},\"query-input\":{\"@type\":\"PropertyValueSpecification\",\"valueRequired\":true,\"valueName\":\"search_term_string\"}}],\"inLanguage\":\"pt-PT\"},{\"@type\":\"Organization\",\"@id\":\"https:\/\/lansonmachines.com\/#organization\",\"name\":\"Haichen\",\"url\":\"https:\/\/lansonmachines.com\/\",\"logo\":{\"@type\":\"ImageObject\",\"inLanguage\":\"pt-PT\",\"@id\":\"https:\/\/lansonmachines.com\/#\/schema\/logo\/image\/\",\"url\":\"https:\/\/lansonmachines.com\/wp-content\/uploads\/2025\/11\/logo.webp\",\"contentUrl\":\"https:\/\/lansonmachines.com\/wp-content\/uploads\/2025\/11\/logo.webp\",\"width\":230,\"height\":70,\"caption\":\"Haichen\"},\"image\":{\"@id\":\"https:\/\/lansonmachines.com\/#\/schema\/logo\/image\/\"}}]}<\/script>\n<!-- \/ Yoast SEO plugin. -->","yoast_head_json":{"title":"Obrigado - Lansonmachines","robots":{"index":"index","follow":"follow","max-snippet":"max-snippet:-1","max-image-preview":"max-image-preview:large","max-video-preview":"max-video-preview:-1"},"canonical":"https:\/\/lansonmachines.com\/pt\/thank-you\/","og_locale":"pt_PT","og_type":"article","og_title":"Thank You - Lansonmachines","og_description":"Thank You! Your submission has been received. We appreciate your interest in our ductile iron pipe products and will get back to you shortly. Return to Home","og_url":"https:\/\/lansonmachines.com\/pt\/thank-you\/","og_site_name":"Lansonmachines","article_modified_time":"2025-10-14T02:18:37+00:00","twitter_card":"summary_large_image","twitter_misc":{"Tempo estimado de leitura":"1 minuto"},"schema":{"@context":"https:\/\/schema.org","@graph":[{"@type":"WebPage","@id":"https:\/\/lansonmachines.com\/thank-you\/","url":"https:\/\/lansonmachines.com\/thank-you\/","name":"Obrigado - Lansonmachines","isPartOf":{"@id":"https:\/\/lansonmachines.com\/#website"},"datePublished":"2025-10-13T01:21:50+00:00","dateModified":"2025-10-14T02:18:37+00:00","breadcrumb":{"@id":"https:\/\/lansonmachines.com\/thank-you\/#breadcrumb"},"inLanguage":"pt-PT","potentialAction":[{"@type":"ReadAction","target":["https:\/\/lansonmachines.com\/thank-you\/"]}]},{"@type":"BreadcrumbList","@id":"https:\/\/lansonmachines.com\/thank-you\/#breadcrumb","itemListElement":[{"@type":"ListItem","position":1,"name":"\u9996\u9875","item":"https:\/\/lansonmachines.com\/"},{"@type":"ListItem","position":2,"name":"Thank You"}]},{"@type":"WebSite","@id":"https:\/\/lansonmachines.com\/#website","url":"https:\/\/lansonmachines.com\/","name":"Lansonmachines","description":"Fabricante de m\u00e1quinas de pellets","publisher":{"@id":"https:\/\/lansonmachines.com\/#organization"},"potentialAction":[{"@type":"SearchAction","target":{"@type":"EntryPoint","urlTemplate":"https:\/\/lansonmachines.com\/?s={search_term_string}"},"query-input":{"@type":"PropertyValueSpecification","valueRequired":true,"valueName":"search_term_string"}}],"inLanguage":"pt-PT"},{"@type":"Organization","@id":"https:\/\/lansonmachines.com\/#organization","name":"Haichen","url":"https:\/\/lansonmachines.com\/","logo":{"@type":"ImageObject","inLanguage":"pt-PT","@id":"https:\/\/lansonmachines.com\/#\/schema\/logo\/image\/","url":"https:\/\/lansonmachines.com\/wp-content\/uploads\/2025\/11\/logo.webp","contentUrl":"https:\/\/lansonmachines.com\/wp-content\/uploads\/2025\/11\/logo.webp","width":230,"height":70,"caption":"Haichen"},"image":{"@id":"https:\/\/lansonmachines.com\/#\/schema\/logo\/image\/"}}]}},"_links":{"self":[{"href":"https:\/\/lansonmachines.com\/pt\/wp-json\/wp\/v2\/pages\/1300","targetHints":{"allow":["GET"]}}],"collection":[{"href":"https:\/\/lansonmachines.com\/pt\/wp-json\/wp\/v2\/pages"}],"about":[{"href":"https:\/\/lansonmachines.com\/pt\/wp-json\/wp\/v2\/types\/page"}],"author":[{"embeddable":true,"href":"https:\/\/lansonmachines.com\/pt\/wp-json\/wp\/v2\/users\/1"}],"replies":[{"embeddable":true,"href":"https:\/\/lansonmachines.com\/pt\/wp-json\/wp\/v2\/comments?post=1300"}],"version-history":[{"count":1,"href":"https:\/\/lansonmachines.com\/pt\/wp-json\/wp\/v2\/pages\/1300\/revisions"}],"predecessor-version":[{"id":1301,"href":"https:\/\/lansonmachines.com\/pt\/wp-json\/wp\/v2\/pages\/1300\/revisions\/1301"}],"wp:attachment":[{"href":"https:\/\/lansonmachines.com\/pt\/wp-json\/wp\/v2\/media?parent=1300"}],"curies":[{"name":"wp","href":"https:\/\/api.w.org\/{rel}","templated":true}]}}