{"id":1647,"date":"2025-11-14T09:07:43","date_gmt":"2025-11-14T01:07:43","guid":{"rendered":"http:\/\/www.tioxhua.com\/?page_id=1647"},"modified":"2025-11-16T16:38:38","modified_gmt":"2025-11-16T08:38:38","slug":"certifications","status":"publish","type":"page","link":"https:\/\/lansonmachines.com\/pt\/certifications\/","title":{"rendered":"Certifica\u00e7\u00f5es"},"content":{"rendered":"<div data-elementor-type=\"wp-page\" data-elementor-id=\"1647\" class=\"elementor elementor-1647\" data-elementor-post-type=\"page\">\n\t\t\t\t<div class=\"elementor-element elementor-element-744433a e-flex e-con-boxed e-con e-parent\" data-id=\"744433a\" data-element_type=\"container\">\n\t\t\t\t\t<div class=\"e-con-inner\">\n\t\t\t\t<div class=\"elementor-element elementor-element-83af712 elementor-widget elementor-widget-heading\" data-id=\"83af712\" data-element_type=\"widget\" data-widget_type=\"heading.default\">\n\t\t\t\t<div class=\"elementor-widget-container\">\n\t\t\t\t\t<h1 class=\"elementor-heading-title elementor-size-default\">Certifica\u00e7\u00f5es<\/h1>\t\t\t\t<\/div>\n\t\t\t\t<\/div>\n\t\t\t\t\t<\/div>\n\t\t\t\t<\/div>\n\t\t<div class=\"elementor-element elementor-element-8ed2d13 e-flex e-con-boxed e-con e-parent\" data-id=\"8ed2d13\" data-element_type=\"container\">\n\t\t\t\t\t<div class=\"e-con-inner\">\n\t\t\t\t<div class=\"elementor-element elementor-element-e571d4b elementor-widget elementor-widget-text-editor\" data-id=\"e571d4b\" data-element_type=\"widget\" data-widget_type=\"text-editor.default\">\n\t\t\t\t<div class=\"elementor-widget-container\">\n\t\t\t\t\t\t\t\t\t<p data-start=\"35\" data-end=\"444\">Na LansonMachines, tratamos as certifica\u00e7\u00f5es como provas - n\u00e3o como promessas. A nossa f\u00e1brica em Zhengzhou funciona sob um rigoroso sistema de gest\u00e3o da qualidade e um processo de produ\u00e7\u00e3o documentado, para que os clientes de todo o mundo possam confiar na seguran\u00e7a, no desempenho e na conformidade das m\u00e1quinas com as exporta\u00e7\u00f5es. Esta p\u00e1gina explica os tipos de certificados, relat\u00f3rios e verifica\u00e7\u00f5es de terceiros que fornecemos regularmente a importadores, distribuidores e compradores de projectos.<\/p><h2 data-start=\"446\" data-end=\"487\">O que fornecemos (dispon\u00edvel a pedido)<\/h2><p data-start=\"488\" data-end=\"667\">Podemos fornecer documenta\u00e7\u00e3o formal e relat\u00f3rios de terceiros que demonstrem a qualidade do produto, a rastreabilidade do material e a conformidade da f\u00e1brica. Os itens t\u00edpicos solicitados pelos clientes incluem:<\/p><ul data-start=\"668\" data-end=\"1484\"><li data-start=\"668\" data-end=\"755\"><p data-start=\"670\" data-end=\"755\"><strong data-start=\"670\" data-end=\"692\">Gest\u00e3o da qualidade<\/strong> - ISO 9001 (documenta\u00e7\u00e3o do sistema de qualidade e relat\u00f3rios de auditoria).<\/p><\/li><li data-start=\"756\" data-end=\"867\"><p data-start=\"758\" data-end=\"867\"><strong data-start=\"758\" data-end=\"781\">Seguran\u00e7a dos produtos e CE<\/strong> - Declara\u00e7\u00e3o CE e fichas t\u00e9cnicas para os clientes que enviam para o mercado europeu.<\/p><\/li><li data-start=\"868\" data-end=\"1025\"><p data-start=\"870\" data-end=\"1025\"><strong data-start=\"870\" data-end=\"912\">Inspec\u00e7\u00f5es de terceiros e relat\u00f3rios de testes<\/strong> - Inspec\u00e7\u00f5es SGS \/ Bureau Veritas \/ Intertek, controlos dimensionais, composi\u00e7\u00e3o do material e testes de desempenho.<\/p><\/li><li data-start=\"1026\" data-end=\"1153\"><p data-start=\"1028\" data-end=\"1153\"><strong data-start=\"1028\" data-end=\"1059\">Conformidade social e da f\u00e1brica<\/strong> - relat\u00f3rios de auditoria da f\u00e1brica (SGQ, fotografias da oficina, capacidade de produ\u00e7\u00e3o e condi\u00e7\u00f5es de trabalho).<\/p><\/li><li data-start=\"1154\" data-end=\"1304\"><p data-start=\"1156\" data-end=\"1304\"><strong data-start=\"1156\" data-end=\"1197\">Embalagem, expedi\u00e7\u00e3o e documentos aduaneiros<\/strong> - fatura comercial, lista de embalagem, conhecimento de embarque, CO (se necess\u00e1rio) e certificados de conformidade de exporta\u00e7\u00e3o.<\/p><\/li><li data-start=\"1305\" data-end=\"1484\"><p data-start=\"1307\" data-end=\"1484\"><strong data-start=\"1307\" data-end=\"1330\">Certificados personalizados<\/strong> - certificados de materiais (relat\u00f3rios de testes de moagem \/ MTR), relat\u00f3rios de ru\u00eddo e vibra\u00e7\u00e3o, testes de seguran\u00e7a el\u00e9ctrica ou outras provas documentais solicitadas pelos compradores.<\/p><\/li><\/ul><h2 data-start=\"1486\" data-end=\"1505\">Porque \u00e9 que s\u00e3o importantes<\/h2><p data-start=\"1506\" data-end=\"1595\">Os compradores escolhem a LansonMachines porque associamos um fabrico robusto a uma prova transparente:<\/p><ul data-start=\"1596\" data-end=\"1874\"><li data-start=\"1596\" data-end=\"1659\"><p data-start=\"1598\" data-end=\"1659\">Os relat\u00f3rios de inspe\u00e7\u00e3o por terceiros reduzem o risco antes da expedi\u00e7\u00e3o.<\/p><\/li><li data-start=\"1660\" data-end=\"1749\"><p data-start=\"1662\" data-end=\"1749\">As auditorias \u00e0s f\u00e1bricas e os registos dos processos mostram uma capacidade consistente e fiabilidade de entrega.<\/p><\/li><li data-start=\"1750\" data-end=\"1874\"><p data-start=\"1752\" data-end=\"1874\">Os certificados de materiais e os testes de desempenho garantem que as peletizadoras satisfazem as suas expectativas em termos de mat\u00e9ria-prima, produ\u00e7\u00e3o e vida \u00fatil.<\/p><\/li><\/ul><h2 data-start=\"1876\" data-end=\"1902\">Como obter certificados<\/h2><p data-start=\"1903\" data-end=\"2004\">Para receber c\u00f3pias ou verificar certificados para uma m\u00e1quina ou encomenda espec\u00edfica, envie um e-mail \u00e0 nossa equipa de exporta\u00e7\u00e3o com:<\/p><ol data-start=\"2005\" data-end=\"2179\"><li data-start=\"2005\" data-end=\"2062\"><p data-start=\"2008\" data-end=\"2062\">Modelo do produto e n\u00famero de encomenda (ou refer\u00eancia do pedido).<\/p><\/li><li data-start=\"2063\" data-end=\"2126\"><p data-start=\"2066\" data-end=\"2126\">Quais os documentos necess\u00e1rios (por exemplo, ficheiro CE, MTR, relat\u00f3rio SGS).<\/p><\/li><li data-start=\"2127\" data-end=\"2179\"><p data-start=\"2130\" data-end=\"2179\">O seu pa\u00eds de entrega ou requisitos de conformidade.<\/p><\/li><\/ol><p data-start=\"2181\" data-end=\"2320\">Responderemos com os documentos exactos que possu\u00edmos para esse modelo e ofereceremos a possibilidade de organizar uma inspe\u00e7\u00e3o independente ou uma auditoria \u00e0 f\u00e1brica, se necess\u00e1rio.<\/p>\t\t\t\t\t\t\t\t<\/div>\n\t\t\t\t<\/div>\n\t\t\t\t\t<\/div>\n\t\t\t\t<\/div>\n\t\t<div class=\"elementor-element elementor-element-416a5e0 e-flex e-con-boxed e-con e-parent\" data-id=\"416a5e0\" data-element_type=\"container\">\n\t\t\t\t\t<div class=\"e-con-inner\">\n\t\t\t\t<div class=\"elementor-element elementor-element-cca5be2 elementor-widget elementor-widget-image\" data-id=\"cca5be2\" data-element_type=\"widget\" data-widget_type=\"image.default\">\n\t\t\t\t<div class=\"elementor-widget-container\">\n\t\t\t\t\t\t\t\t\t\t\t\t\t\t\t<img fetchpriority=\"high\" decoding=\"async\" width=\"1024\" height=\"346\" src=\"https:\/\/lansonmachines.com\/wp-content\/uploads\/2025\/10\/t7whj-5o0hx-1024x346.webp\" class=\"attachment-large size-large wp-image-1803\" alt=\"Certifica\u00e7\u00e3o\" srcset=\"https:\/\/lansonmachines.com\/wp-content\/uploads\/2025\/10\/t7whj-5o0hx-1024x346.webp 1024w, https:\/\/lansonmachines.com\/wp-content\/uploads\/2025\/10\/t7whj-5o0hx-300x101.webp 300w, https:\/\/lansonmachines.com\/wp-content\/uploads\/2025\/10\/t7whj-5o0hx-768x260.webp 768w, https:\/\/lansonmachines.com\/wp-content\/uploads\/2025\/10\/t7whj-5o0hx-1536x519.webp 1536w, https:\/\/lansonmachines.com\/wp-content\/uploads\/2025\/10\/t7whj-5o0hx.webp 1920w\" sizes=\"(max-width: 1024px) 100vw, 1024px\" \/>\t\t\t\t\t\t\t\t\t\t\t\t\t\t\t<\/div>\n\t\t\t\t<\/div>\n\t\t\t\t\t<\/div>\n\t\t\t\t<\/div>\n\t\t\t\t<\/div>","protected":false},"excerpt":{"rendered":"<p>Certifications At LansonMachines we treat certifications as proof \u2014 not promises. Our factory in Zhengzhou operates under a strict quality-management system and a documented production process so customers worldwide can rely on machine safety, performance, and export compliance. This page explains the types of certificates, reports and third-party checks we regularly provide to importers, distributors [&hellip;]<\/p>\n","protected":false},"author":1,"featured_media":0,"parent":0,"menu_order":0,"comment_status":"closed","ping_status":"closed","template":"","meta":{"_acf_changed":false,"site-sidebar-layout":"no-sidebar","site-content-layout":"page-builder","ast-site-content-layout":"full-width-container","site-content-style":"default","site-sidebar-style":"default","ast-global-header-display":"","ast-banner-title-visibility":"","ast-main-header-display":"","ast-hfb-above-header-display":"","ast-hfb-below-header-display":"","ast-hfb-mobile-header-display":"","site-post-title":"disabled","ast-breadcrumbs-content":"disabled","ast-featured-img":"disabled","footer-sml-layout":"","theme-transparent-header-meta":"default","adv-header-id-meta":"","stick-header-meta":"default","header-above-stick-meta":"","header-main-stick-meta":"","header-below-stick-meta":"","astra-migrate-meta-layouts":"set","ast-page-background-enabled":"default","ast-page-background-meta":{"desktop":{"background-color":"var(--ast-global-color-4)","background-image":"","background-repeat":"repeat","background-position":"center center","background-size":"auto","background-attachment":"scroll","background-type":"","background-media":"","overlay-type":"","overlay-color":"","overlay-opacity":"","overlay-gradient":""},"tablet":{"background-color":"","background-image":"","background-repeat":"repeat","background-position":"center center","background-size":"auto","background-attachment":"scroll","background-type":"","background-media":"","overlay-type":"","overlay-color":"","overlay-opacity":"","overlay-gradient":""},"mobile":{"background-color":"","background-image":"","background-repeat":"repeat","background-position":"center center","background-size":"auto","background-attachment":"scroll","background-type":"","background-media":"","overlay-type":"","overlay-color":"","overlay-opacity":"","overlay-gradient":""}},"ast-content-background-meta":{"desktop":{"background-color":"var(--ast-global-color-5)","background-image":"","background-repeat":"repeat","background-position":"center center","background-size":"auto","background-attachment":"scroll","background-type":"","background-media":"","overlay-type":"","overlay-color":"","overlay-opacity":"","overlay-gradient":""},"tablet":{"background-color":"var(--ast-global-color-5)","background-image":"","background-repeat":"repeat","background-position":"center center","background-size":"auto","background-attachment":"scroll","background-type":"","background-media":"","overlay-type":"","overlay-color":"","overlay-opacity":"","overlay-gradient":""},"mobile":{"background-color":"var(--ast-global-color-5)","background-image":"","background-repeat":"repeat","background-position":"center center","background-size":"auto","background-attachment":"scroll","background-type":"","background-media":"","overlay-type":"","overlay-color":"","overlay-opacity":"","overlay-gradient":""}},"footnotes":""},"class_list":["post-1647","page","type-page","status-publish","hentry"],"acf":[],"yoast_head":"<!-- This site is optimized with the Yoast SEO plugin v26.8 - https:\/\/yoast.com\/product\/yoast-seo-wordpress\/ -->\n<title>Certifications &amp; Standards, ISO \u00b7 CE \u00b7 SGS Pellet Machine - Lansonmachines<\/title>\n<meta name=\"description\" content=\"Lansonmachines: export-ready pellet mill supplier with product certification and inspection records. Ensuring international shipping compliance, safety and reliable after-sales support.\" \/>\n<meta name=\"robots\" content=\"index, follow, max-snippet:-1, max-image-preview:large, max-video-preview:-1\" \/>\n<link rel=\"canonical\" href=\"https:\/\/lansonmachines.com\/pt\/certifications\/\" \/>\n<meta property=\"og:locale\" content=\"pt_PT\" \/>\n<meta property=\"og:type\" content=\"article\" \/>\n<meta property=\"og:title\" content=\"Certifications &amp; Standards, ISO \u00b7 CE \u00b7 SGS Pellet Machine - Lansonmachines\" \/>\n<meta property=\"og:description\" content=\"Lansonmachines: export-ready pellet mill supplier with product certification and inspection records. Ensuring international shipping compliance, safety and reliable after-sales support.\" \/>\n<meta property=\"og:url\" content=\"https:\/\/lansonmachines.com\/pt\/certifications\/\" \/>\n<meta property=\"og:site_name\" content=\"Lansonmachines\" \/>\n<meta property=\"article:modified_time\" content=\"2025-11-16T08:38:38+00:00\" \/>\n<meta property=\"og:image\" content=\"http:\/\/lansonmachines.com\/wp-content\/uploads\/2025\/10\/t7whj-5o0hx-1024x346.webp\" \/>\n<meta name=\"twitter:card\" content=\"summary_large_image\" \/>\n<meta name=\"twitter:label1\" content=\"Tempo estimado de leitura\" \/>\n\t<meta name=\"twitter:data1\" content=\"2 minutos\" \/>\n<script type=\"application\/ld+json\" class=\"yoast-schema-graph\">{\"@context\":\"https:\/\/schema.org\",\"@graph\":[{\"@type\":\"WebPage\",\"@id\":\"https:\/\/lansonmachines.com\/certifications\/\",\"url\":\"https:\/\/lansonmachines.com\/certifications\/\",\"name\":\"Certifications & Standards, ISO \u00b7 CE \u00b7 SGS Pellet Machine - Lansonmachines\",\"isPartOf\":{\"@id\":\"https:\/\/lansonmachines.com\/#website\"},\"primaryImageOfPage\":{\"@id\":\"https:\/\/lansonmachines.com\/certifications\/#primaryimage\"},\"image\":{\"@id\":\"https:\/\/lansonmachines.com\/certifications\/#primaryimage\"},\"thumbnailUrl\":\"http:\/\/lansonmachines.com\/wp-content\/uploads\/2025\/10\/t7whj-5o0hx-1024x346.webp\",\"datePublished\":\"2025-11-14T01:07:43+00:00\",\"dateModified\":\"2025-11-16T08:38:38+00:00\",\"description\":\"Lansonmachines: export-ready pellet mill supplier with product certification and inspection records. Ensuring international shipping compliance, safety and reliable after-sales support.\",\"breadcrumb\":{\"@id\":\"https:\/\/lansonmachines.com\/certifications\/#breadcrumb\"},\"inLanguage\":\"pt-PT\",\"potentialAction\":[{\"@type\":\"ReadAction\",\"target\":[\"https:\/\/lansonmachines.com\/certifications\/\"]}]},{\"@type\":\"ImageObject\",\"inLanguage\":\"pt-PT\",\"@id\":\"https:\/\/lansonmachines.com\/certifications\/#primaryimage\",\"url\":\"http:\/\/lansonmachines.com\/wp-content\/uploads\/2025\/10\/t7whj-5o0hx-1024x346.webp\",\"contentUrl\":\"http:\/\/lansonmachines.com\/wp-content\/uploads\/2025\/10\/t7whj-5o0hx-1024x346.webp\"},{\"@type\":\"BreadcrumbList\",\"@id\":\"https:\/\/lansonmachines.com\/certifications\/#breadcrumb\",\"itemListElement\":[{\"@type\":\"ListItem\",\"position\":1,\"name\":\"\u9996\u9875\",\"item\":\"https:\/\/lansonmachines.com\/\"},{\"@type\":\"ListItem\",\"position\":2,\"name\":\"Certifications\"}]},{\"@type\":\"WebSite\",\"@id\":\"https:\/\/lansonmachines.com\/#website\",\"url\":\"https:\/\/lansonmachines.com\/\",\"name\":\"Lansonmachines\",\"description\":\"Pellets Machine Maker\",\"publisher\":{\"@id\":\"https:\/\/lansonmachines.com\/#organization\"},\"potentialAction\":[{\"@type\":\"SearchAction\",\"target\":{\"@type\":\"EntryPoint\",\"urlTemplate\":\"https:\/\/lansonmachines.com\/?s={search_term_string}\"},\"query-input\":{\"@type\":\"PropertyValueSpecification\",\"valueRequired\":true,\"valueName\":\"search_term_string\"}}],\"inLanguage\":\"pt-PT\"},{\"@type\":\"Organization\",\"@id\":\"https:\/\/lansonmachines.com\/#organization\",\"name\":\"Haichen\",\"url\":\"https:\/\/lansonmachines.com\/\",\"logo\":{\"@type\":\"ImageObject\",\"inLanguage\":\"pt-PT\",\"@id\":\"https:\/\/lansonmachines.com\/#\/schema\/logo\/image\/\",\"url\":\"https:\/\/lansonmachines.com\/wp-content\/uploads\/2025\/11\/logo.webp\",\"contentUrl\":\"https:\/\/lansonmachines.com\/wp-content\/uploads\/2025\/11\/logo.webp\",\"width\":230,\"height\":70,\"caption\":\"Haichen\"},\"image\":{\"@id\":\"https:\/\/lansonmachines.com\/#\/schema\/logo\/image\/\"}}]}<\/script>\n<!-- \/ Yoast SEO plugin. -->","yoast_head_json":{"title":"Certifica\u00e7\u00f5es e Normas, ISO - CE - SGS Peletizadora - Lansonmachines","description":"Lansonmachines: fornecedor de peletizadora pronta para exporta\u00e7\u00e3o com certifica\u00e7\u00e3o de produtos e registos de inspe\u00e7\u00e3o. Garantindo a conformidade da expedi\u00e7\u00e3o internacional, seguran\u00e7a e apoio p\u00f3s-venda fi\u00e1vel.","robots":{"index":"index","follow":"follow","max-snippet":"max-snippet:-1","max-image-preview":"max-image-preview:large","max-video-preview":"max-video-preview:-1"},"canonical":"https:\/\/lansonmachines.com\/pt\/certifications\/","og_locale":"pt_PT","og_type":"article","og_title":"Certifications & Standards, ISO \u00b7 CE \u00b7 SGS Pellet Machine - Lansonmachines","og_description":"Lansonmachines: export-ready pellet mill supplier with product certification and inspection records. Ensuring international shipping compliance, safety and reliable after-sales support.","og_url":"https:\/\/lansonmachines.com\/pt\/certifications\/","og_site_name":"Lansonmachines","article_modified_time":"2025-11-16T08:38:38+00:00","og_image":[{"url":"http:\/\/lansonmachines.com\/wp-content\/uploads\/2025\/10\/t7whj-5o0hx-1024x346.webp","type":"","width":"","height":""}],"twitter_card":"summary_large_image","twitter_misc":{"Tempo estimado de leitura":"2 minutos"},"schema":{"@context":"https:\/\/schema.org","@graph":[{"@type":"WebPage","@id":"https:\/\/lansonmachines.com\/certifications\/","url":"https:\/\/lansonmachines.com\/certifications\/","name":"Certifica\u00e7\u00f5es e Normas, ISO - CE - SGS Peletizadora - Lansonmachines","isPartOf":{"@id":"https:\/\/lansonmachines.com\/#website"},"primaryImageOfPage":{"@id":"https:\/\/lansonmachines.com\/certifications\/#primaryimage"},"image":{"@id":"https:\/\/lansonmachines.com\/certifications\/#primaryimage"},"thumbnailUrl":"http:\/\/lansonmachines.com\/wp-content\/uploads\/2025\/10\/t7whj-5o0hx-1024x346.webp","datePublished":"2025-11-14T01:07:43+00:00","dateModified":"2025-11-16T08:38:38+00:00","description":"Lansonmachines: fornecedor de peletizadora pronta para exporta\u00e7\u00e3o com certifica\u00e7\u00e3o de produtos e registos de inspe\u00e7\u00e3o. Garantindo a conformidade da expedi\u00e7\u00e3o internacional, seguran\u00e7a e apoio p\u00f3s-venda fi\u00e1vel.","breadcrumb":{"@id":"https:\/\/lansonmachines.com\/certifications\/#breadcrumb"},"inLanguage":"pt-PT","potentialAction":[{"@type":"ReadAction","target":["https:\/\/lansonmachines.com\/certifications\/"]}]},{"@type":"ImageObject","inLanguage":"pt-PT","@id":"https:\/\/lansonmachines.com\/certifications\/#primaryimage","url":"http:\/\/lansonmachines.com\/wp-content\/uploads\/2025\/10\/t7whj-5o0hx-1024x346.webp","contentUrl":"http:\/\/lansonmachines.com\/wp-content\/uploads\/2025\/10\/t7whj-5o0hx-1024x346.webp"},{"@type":"BreadcrumbList","@id":"https:\/\/lansonmachines.com\/certifications\/#breadcrumb","itemListElement":[{"@type":"ListItem","position":1,"name":"\u9996\u9875","item":"https:\/\/lansonmachines.com\/"},{"@type":"ListItem","position":2,"name":"Certifications"}]},{"@type":"WebSite","@id":"https:\/\/lansonmachines.com\/#website","url":"https:\/\/lansonmachines.com\/","name":"Lansonmachines","description":"Fabricante de m\u00e1quinas de pellets","publisher":{"@id":"https:\/\/lansonmachines.com\/#organization"},"potentialAction":[{"@type":"SearchAction","target":{"@type":"EntryPoint","urlTemplate":"https:\/\/lansonmachines.com\/?s={search_term_string}"},"query-input":{"@type":"PropertyValueSpecification","valueRequired":true,"valueName":"search_term_string"}}],"inLanguage":"pt-PT"},{"@type":"Organization","@id":"https:\/\/lansonmachines.com\/#organization","name":"Haichen","url":"https:\/\/lansonmachines.com\/","logo":{"@type":"ImageObject","inLanguage":"pt-PT","@id":"https:\/\/lansonmachines.com\/#\/schema\/logo\/image\/","url":"https:\/\/lansonmachines.com\/wp-content\/uploads\/2025\/11\/logo.webp","contentUrl":"https:\/\/lansonmachines.com\/wp-content\/uploads\/2025\/11\/logo.webp","width":230,"height":70,"caption":"Haichen"},"image":{"@id":"https:\/\/lansonmachines.com\/#\/schema\/logo\/image\/"}}]}},"_links":{"self":[{"href":"https:\/\/lansonmachines.com\/pt\/wp-json\/wp\/v2\/pages\/1647","targetHints":{"allow":["GET"]}}],"collection":[{"href":"https:\/\/lansonmachines.com\/pt\/wp-json\/wp\/v2\/pages"}],"about":[{"href":"https:\/\/lansonmachines.com\/pt\/wp-json\/wp\/v2\/types\/page"}],"author":[{"embeddable":true,"href":"https:\/\/lansonmachines.com\/pt\/wp-json\/wp\/v2\/users\/1"}],"replies":[{"embeddable":true,"href":"https:\/\/lansonmachines.com\/pt\/wp-json\/wp\/v2\/comments?post=1647"}],"version-history":[{"count":18,"href":"https:\/\/lansonmachines.com\/pt\/wp-json\/wp\/v2\/pages\/1647\/revisions"}],"predecessor-version":[{"id":1845,"href":"https:\/\/lansonmachines.com\/pt\/wp-json\/wp\/v2\/pages\/1647\/revisions\/1845"}],"wp:attachment":[{"href":"https:\/\/lansonmachines.com\/pt\/wp-json\/wp\/v2\/media?parent=1647"}],"curies":[{"name":"wp","href":"https:\/\/api.w.org\/{rel}","templated":true}]}}