{"id":1661,"date":"2025-11-14T09:18:29","date_gmt":"2025-11-14T01:18:29","guid":{"rendered":"http:\/\/www.tioxhua.com\/?page_id=1661"},"modified":"2025-11-16T16:51:15","modified_gmt":"2025-11-16T08:51:15","slug":"factory-workshops","status":"publish","type":"page","link":"https:\/\/lansonmachines.com\/pt\/factory-workshops\/","title":{"rendered":"Oficinas de f\u00e1brica"},"content":{"rendered":"<div data-elementor-type=\"wp-page\" data-elementor-id=\"1661\" class=\"elementor elementor-1661\" data-elementor-post-type=\"page\">\n\t\t\t\t<div class=\"elementor-element elementor-element-9a3732f e-flex e-con-boxed e-con e-parent\" data-id=\"9a3732f\" data-element_type=\"container\">\n\t\t\t\t\t<div class=\"e-con-inner\">\n\t\t\t\t<div class=\"elementor-element elementor-element-c60d5a9 elementor-widget elementor-widget-heading\" data-id=\"c60d5a9\" data-element_type=\"widget\" data-widget_type=\"heading.default\">\n\t\t\t\t<div class=\"elementor-widget-container\">\n\t\t\t\t\t<h1 class=\"elementor-heading-title elementor-size-default\">Oficinas de f\u00e1brica<\/h1>\t\t\t\t<\/div>\n\t\t\t\t<\/div>\n\t\t\t\t\t<\/div>\n\t\t\t\t<\/div>\n\t\t<div class=\"elementor-element elementor-element-c1c1513 e-flex e-con-boxed e-con e-parent\" data-id=\"c1c1513\" data-element_type=\"container\">\n\t\t\t\t\t<div class=\"e-con-inner\">\n\t\t\t\t<div class=\"elementor-element elementor-element-66025cc elementor-widget elementor-widget-text-editor\" data-id=\"66025cc\" data-element_type=\"widget\" data-widget_type=\"text-editor.default\">\n\t\t\t\t<div class=\"elementor-widget-container\">\n\t\t\t\t\t\t\t\t\t<p data-start=\"77\" data-end=\"523\">A f\u00e1brica e as oficinas da LansonMachines est\u00e3o localizadas em Zhengzhou, Henan - o cora\u00e7\u00e3o da regi\u00e3o de fabrico de maquinaria industrial ligeira e m\u00e9dia da China. As nossas oficinas est\u00e3o organizadas para uma produ\u00e7\u00e3o eficiente e rastre\u00e1vel: desde a rece\u00e7\u00e3o da mat\u00e9ria-prima e maquina\u00e7\u00e3o de precis\u00e3o at\u00e9 \u00e0 montagem, testes de qualidade e embalagem. Esta p\u00e1gina explica como as nossas instala\u00e7\u00f5es e processos protegem a qualidade do produto, a fiabilidade da entrega e o desempenho das m\u00e1quinas a longo prazo.<\/p><h2 data-start=\"525\" data-end=\"545\">Vis\u00e3o geral do workshop<\/h2><ul data-start=\"546\" data-end=\"1138\"><li data-start=\"546\" data-end=\"730\"><p data-start=\"548\" data-end=\"730\"><strong data-start=\"548\" data-end=\"572\">Zonas espec\u00edficas:<\/strong> Zonas separadas para maquinagem, soldadura, tratamento t\u00e9rmico, montagem, instala\u00e7\u00e3o el\u00e9ctrica e ensaios mant\u00eam os fluxos de trabalho limpos e reduzem a contamina\u00e7\u00e3o cruzada.<\/p><\/li><li data-start=\"731\" data-end=\"931\"><p data-start=\"733\" data-end=\"931\"><strong data-start=\"733\" data-end=\"756\">Fluxo de processo claro:<\/strong> Mat\u00e9ria-prima \u2192 maquinagem \u2192 tratamento de superf\u00edcie \u2192 montagem \u2192 teste de funcionamento \u2192 inspe\u00e7\u00e3o final \u2192 embalagem, o que nos ajuda a manter prazos de entrega consistentes e um controlo de qualidade fi\u00e1vel.<\/p><\/li><li data-start=\"932\" data-end=\"1138\"><p data-start=\"934\" data-end=\"1138\"><strong data-start=\"934\" data-end=\"956\">M\u00e3o de obra qualificada:<\/strong> Os nossos t\u00e9cnicos e engenheiros t\u00eam forma\u00e7\u00e3o para a produ\u00e7\u00e3o de peletizadoras, montagem e coloca\u00e7\u00e3o em funcionamento no local, com experi\u00eancia no manuseamento de m\u00e1quinas a diesel, el\u00e9ctricas, de matriz plana e de matriz anelar.<\/p><\/li><\/ul><h2 data-start=\"1140\" data-end=\"1171\">Principais equipamentos e capacidades<\/h2><ul data-start=\"1172\" data-end=\"1571\"><li data-start=\"1172\" data-end=\"1233\"><p data-start=\"1174\" data-end=\"1233\">Tornos e fresadoras CNC para pe\u00e7as de alta precis\u00e3o.<\/p><\/li><li data-start=\"1234\" data-end=\"1315\"><p data-start=\"1236\" data-end=\"1315\">Cabinas de soldadura com soldadores qualificados e dispositivos para montagens repet\u00edveis.<\/p><\/li><li data-start=\"1316\" data-end=\"1374\"><p data-start=\"1318\" data-end=\"1374\">Equipamentos de ensaio de equil\u00edbrio e vibra\u00e7\u00e3o para componentes rotativos.<\/p><\/li><li data-start=\"1375\" data-end=\"1465\"><p data-start=\"1377\" data-end=\"1465\">Maquina\u00e7\u00e3o interna de matrizes, rolos e veios para reduzir os prazos de entrega de pe\u00e7as sobresselentes.<\/p><\/li><li data-start=\"1466\" data-end=\"1571\"><p data-start=\"1468\" data-end=\"1571\">Bancadas de montagem e \u00e1reas de teste controladas para ensaios de carga completa utilizando mat\u00e9ria-prima simulada pelo cliente.<\/p><\/li><\/ul><h2 data-start=\"1573\" data-end=\"1609\">Garantia de qualidade na oficina<\/h2><ul data-start=\"1610\" data-end=\"2131\"><li data-start=\"1610\" data-end=\"1720\"><p data-start=\"1612\" data-end=\"1720\"><strong data-start=\"1612\" data-end=\"1636\">Inspe\u00e7\u00e3o de entrada:<\/strong> A rastreabilidade do material e os relat\u00f3rios dos testes de fresagem s\u00e3o registados antes do in\u00edcio da maquina\u00e7\u00e3o.<\/p><\/li><li data-start=\"1721\" data-end=\"1823\"><p data-start=\"1723\" data-end=\"1823\"><strong data-start=\"1723\" data-end=\"1745\">Controlos em curso:<\/strong> Controlos dimensionais e funcionais em fases cr\u00edticas para detetar problemas precocemente.<\/p><\/li><li data-start=\"1824\" data-end=\"1989\"><p data-start=\"1826\" data-end=\"1989\"><strong data-start=\"1826\" data-end=\"1846\">Testes finais:<\/strong> Cada peletizadora \u00e9 submetida a um teste de desempenho (em vazio e em carga) para verificar a produ\u00e7\u00e3o, a qualidade dos pellets e os objectivos de ru\u00eddo\/vibra\u00e7\u00e3o antes da embalagem.<\/p><\/li><li data-start=\"1990\" data-end=\"2131\"><p data-start=\"1992\" data-end=\"2131\"><strong data-start=\"1992\" data-end=\"2010\">Documenta\u00e7\u00e3o:<\/strong> S\u00e3o fornecidos registos de testes, relat\u00f3rios de inspe\u00e7\u00e3o e listas de embalagem para cada remessa; as inspec\u00e7\u00f5es por terceiros s\u00e3o bem-vindas.<\/p><\/li><\/ul><h2 data-start=\"2133\" data-end=\"2164\">Embalagem, armazenamento e log\u00edstica<\/h2><ul data-start=\"2165\" data-end=\"2476\"><li data-start=\"2165\" data-end=\"2286\"><p data-start=\"2167\" data-end=\"2286\">Embalagem pesada para exporta\u00e7\u00e3o (caixas de madeira, paletizadas, \u00e0 prova de ferrugem) para proteger as m\u00e1quinas durante o transporte mar\u00edtimo ou a\u00e9reo.<\/p><\/li><li data-start=\"2287\" data-end=\"2368\"><p data-start=\"2289\" data-end=\"2368\">Organizou o armaz\u00e9m de pe\u00e7as sobressalentes e m\u00e1quinas acabadas para acelerar os envios.<\/p><\/li><li data-start=\"2369\" data-end=\"2476\"><p data-start=\"2371\" data-end=\"2476\">Coordena\u00e7\u00e3o com transit\u00e1rios experientes para condi\u00e7\u00f5es de entrega EXW\/FOB\/CIF e documenta\u00e7\u00e3o de exporta\u00e7\u00e3o.<\/p><\/li><\/ul><h2 data-start=\"2478\" data-end=\"2517\">Seguran\u00e7a, ambiente e cuidados com a for\u00e7a de trabalho<\/h2><ul data-start=\"2518\" data-end=\"2780\"><li data-start=\"2518\" data-end=\"2607\"><p data-start=\"2520\" data-end=\"2607\">Procedimentos de seguran\u00e7a em vigor nas oficinas (EPI, protec\u00e7\u00f5es das m\u00e1quinas, seguran\u00e7a el\u00e9ctrica).<\/p><\/li><li data-start=\"2608\" data-end=\"2699\"><p data-start=\"2610\" data-end=\"2699\">Gest\u00e3o de res\u00edduos e elimina\u00e7\u00e3o respons\u00e1vel de \u00f3leos\/refrigerantes de acordo com os regulamentos locais.<\/p><\/li><li data-start=\"2700\" data-end=\"2780\"><p data-start=\"2702\" data-end=\"2780\">Programas de forma\u00e7\u00e3o cont\u00ednua para melhorar a m\u00e3o de obra, a seguran\u00e7a e a qualidade da montagem.<\/p><\/li><\/ul><h2 data-start=\"2782\" data-end=\"2807\">O que os clientes podem ver<\/h2><p data-start=\"2808\" data-end=\"3057\">A pedido, fornecemos fotografias actualizadas da oficina, pequenos v\u00eddeos da f\u00e1brica e diagramas de fluxo de processos. Para grandes encomendas ou projectos t\u00e9cnicos, agradecemos visitas \u00e0 f\u00e1brica ou auditorias de terceiros para que os compradores possam verificar pessoalmente a capacidade e os controlos de produ\u00e7\u00e3o.<\/p>\t\t\t\t\t\t\t\t<\/div>\n\t\t\t\t<\/div>\n\t\t\t\t\t<\/div>\n\t\t\t\t<\/div>\n\t\t<div class=\"elementor-element elementor-element-8188964 e-flex e-con-boxed e-con e-parent\" data-id=\"8188964\" data-element_type=\"container\">\n\t\t\t\t\t<div class=\"e-con-inner\">\n\t\t<div class=\"elementor-element elementor-element-0d4c2dd e-con-full e-flex e-con e-child\" data-id=\"0d4c2dd\" data-element_type=\"container\">\n\t\t\t\t<div class=\"elementor-element elementor-element-6d454ba elementor-widget elementor-widget-image\" data-id=\"6d454ba\" data-element_type=\"widget\" data-widget_type=\"image.default\">\n\t\t\t\t<div class=\"elementor-widget-container\">\n\t\t\t\t\t\t\t\t\t\t\t\t\t\t\t<img fetchpriority=\"high\" decoding=\"async\" width=\"700\" height=\"500\" src=\"https:\/\/lansonmachines.com\/wp-content\/uploads\/2025\/11\/tcnjm-pafxr.webp\" class=\"attachment-large size-large wp-image-1821\" alt=\"M\u00e1quina de pelotiza\u00e7\u00e3o FACTORY SHOW\" srcset=\"https:\/\/lansonmachines.com\/wp-content\/uploads\/2025\/11\/tcnjm-pafxr.webp 700w, https:\/\/lansonmachines.com\/wp-content\/uploads\/2025\/11\/tcnjm-pafxr-300x214.webp 300w\" sizes=\"(max-width: 700px) 100vw, 700px\" \/>\t\t\t\t\t\t\t\t\t\t\t\t\t\t\t<\/div>\n\t\t\t\t<\/div>\n\t\t\t\t<\/div>\n\t\t<div class=\"elementor-element elementor-element-d2db5ab e-con-full e-flex e-con e-child\" data-id=\"d2db5ab\" data-element_type=\"container\">\n\t\t\t\t<div class=\"elementor-element elementor-element-2452260 elementor-widget elementor-widget-image\" data-id=\"2452260\" data-element_type=\"widget\" data-widget_type=\"image.default\">\n\t\t\t\t<div class=\"elementor-widget-container\">\n\t\t\t\t\t\t\t\t\t\t\t\t\t\t\t<img decoding=\"async\" width=\"693\" height=\"494\" src=\"https:\/\/lansonmachines.com\/wp-content\/uploads\/2025\/11\/tk69k-c1qfz.webp\" class=\"attachment-large size-large wp-image-1825\" alt=\"M\u00e1quina de pelotiza\u00e7\u00e3o FACTORY SHOW\" srcset=\"https:\/\/lansonmachines.com\/wp-content\/uploads\/2025\/11\/tk69k-c1qfz.webp 693w, https:\/\/lansonmachines.com\/wp-content\/uploads\/2025\/11\/tk69k-c1qfz-300x214.webp 300w\" sizes=\"(max-width: 693px) 100vw, 693px\" \/>\t\t\t\t\t\t\t\t\t\t\t\t\t\t\t<\/div>\n\t\t\t\t<\/div>\n\t\t\t\t<\/div>\n\t\t<div class=\"elementor-element elementor-element-13d7a59 e-con-full e-flex e-con e-child\" data-id=\"13d7a59\" data-element_type=\"container\">\n\t\t\t\t<div class=\"elementor-element elementor-element-423019e elementor-widget elementor-widget-image\" data-id=\"423019e\" data-element_type=\"widget\" data-widget_type=\"image.default\">\n\t\t\t\t<div class=\"elementor-widget-container\">\n\t\t\t\t\t\t\t\t\t\t\t\t\t\t\t<img decoding=\"async\" width=\"700\" height=\"500\" src=\"https:\/\/lansonmachines.com\/wp-content\/uploads\/2025\/11\/t7xtj-upiqe.webp\" class=\"attachment-large size-large wp-image-1824\" alt=\"M\u00e1quina de pelotiza\u00e7\u00e3o FACTORY SHOW\" srcset=\"https:\/\/lansonmachines.com\/wp-content\/uploads\/2025\/11\/t7xtj-upiqe.webp 700w, https:\/\/lansonmachines.com\/wp-content\/uploads\/2025\/11\/t7xtj-upiqe-300x214.webp 300w\" sizes=\"(max-width: 700px) 100vw, 700px\" \/>\t\t\t\t\t\t\t\t\t\t\t\t\t\t\t<\/div>\n\t\t\t\t<\/div>\n\t\t\t\t<\/div>\n\t\t<div class=\"elementor-element elementor-element-ae0798d e-con-full e-flex e-con e-child\" data-id=\"ae0798d\" data-element_type=\"container\">\n\t\t\t\t<div class=\"elementor-element elementor-element-79737df elementor-widget elementor-widget-image\" data-id=\"79737df\" data-element_type=\"widget\" data-widget_type=\"image.default\">\n\t\t\t\t<div class=\"elementor-widget-container\">\n\t\t\t\t\t\t\t\t\t\t\t\t\t\t\t<img loading=\"lazy\" decoding=\"async\" width=\"700\" height=\"500\" src=\"https:\/\/lansonmachines.com\/wp-content\/uploads\/2025\/11\/t0wlr-lraig.webp\" class=\"attachment-large size-large wp-image-1822\" alt=\"M\u00e1quina de pelotiza\u00e7\u00e3o FACTORY SHOW\" srcset=\"https:\/\/lansonmachines.com\/wp-content\/uploads\/2025\/11\/t0wlr-lraig.webp 700w, https:\/\/lansonmachines.com\/wp-content\/uploads\/2025\/11\/t0wlr-lraig-300x214.webp 300w\" sizes=\"(max-width: 700px) 100vw, 700px\" \/>\t\t\t\t\t\t\t\t\t\t\t\t\t\t\t<\/div>\n\t\t\t\t<\/div>\n\t\t\t\t<\/div>\n\t\t\t\t\t<\/div>\n\t\t\t\t<\/div>\n\t\t\t\t<\/div>","protected":false},"excerpt":{"rendered":"<p>Factory Workshops LansonMachines\u2019 factory and workshops are located in Zhengzhou, Henan \u2014 the heart of China\u2019s manufacturing region for light and medium industrial machinery. Our workshops are organized for efficient, traceable production: from raw-material receiving and precision machining to assembly, quality testing and packing. This page explains how our facility and processes protect product quality, [&hellip;]<\/p>\n","protected":false},"author":1,"featured_media":0,"parent":0,"menu_order":0,"comment_status":"closed","ping_status":"closed","template":"","meta":{"_acf_changed":false,"site-sidebar-layout":"no-sidebar","site-content-layout":"page-builder","ast-site-content-layout":"full-width-container","site-content-style":"default","site-sidebar-style":"default","ast-global-header-display":"","ast-banner-title-visibility":"","ast-main-header-display":"","ast-hfb-above-header-display":"","ast-hfb-below-header-display":"","ast-hfb-mobile-header-display":"","site-post-title":"disabled","ast-breadcrumbs-content":"disabled","ast-featured-img":"disabled","footer-sml-layout":"","theme-transparent-header-meta":"default","adv-header-id-meta":"","stick-header-meta":"default","header-above-stick-meta":"","header-main-stick-meta":"","header-below-stick-meta":"","astra-migrate-meta-layouts":"set","ast-page-background-enabled":"default","ast-page-background-meta":{"desktop":{"background-color":"var(--ast-global-color-4)","background-image":"","background-repeat":"repeat","background-position":"center center","background-size":"auto","background-attachment":"scroll","background-type":"","background-media":"","overlay-type":"","overlay-color":"","overlay-opacity":"","overlay-gradient":""},"tablet":{"background-color":"","background-image":"","background-repeat":"repeat","background-position":"center center","background-size":"auto","background-attachment":"scroll","background-type":"","background-media":"","overlay-type":"","overlay-color":"","overlay-opacity":"","overlay-gradient":""},"mobile":{"background-color":"","background-image":"","background-repeat":"repeat","background-position":"center center","background-size":"auto","background-attachment":"scroll","background-type":"","background-media":"","overlay-type":"","overlay-color":"","overlay-opacity":"","overlay-gradient":""}},"ast-content-background-meta":{"desktop":{"background-color":"var(--ast-global-color-5)","background-image":"","background-repeat":"repeat","background-position":"center center","background-size":"auto","background-attachment":"scroll","background-type":"","background-media":"","overlay-type":"","overlay-color":"","overlay-opacity":"","overlay-gradient":""},"tablet":{"background-color":"var(--ast-global-color-5)","background-image":"","background-repeat":"repeat","background-position":"center center","background-size":"auto","background-attachment":"scroll","background-type":"","background-media":"","overlay-type":"","overlay-color":"","overlay-opacity":"","overlay-gradient":""},"mobile":{"background-color":"var(--ast-global-color-5)","background-image":"","background-repeat":"repeat","background-position":"center center","background-size":"auto","background-attachment":"scroll","background-type":"","background-media":"","overlay-type":"","overlay-color":"","overlay-opacity":"","overlay-gradient":""}},"footnotes":""},"class_list":["post-1661","page","type-page","status-publish","hentry"],"acf":[],"yoast_head":"<!-- This site is optimized with the Yoast SEO plugin v26.8 - https:\/\/yoast.com\/product\/yoast-seo-wordpress\/ -->\n<title>Factory Workshops, Lansonmachines Pellet Mill Production - Lansonmachines<\/title>\n<meta name=\"description\" content=\"See our production lines, wood, biomass &amp; feed pellet mill assembly, testing benches, CNC machining and final inspection. Turnkey production capability from China.\" \/>\n<meta name=\"robots\" content=\"index, follow, max-snippet:-1, max-image-preview:large, max-video-preview:-1\" \/>\n<link rel=\"canonical\" href=\"https:\/\/lansonmachines.com\/pt\/factory-workshops\/\" \/>\n<meta property=\"og:locale\" content=\"pt_PT\" \/>\n<meta property=\"og:type\" content=\"article\" \/>\n<meta property=\"og:title\" content=\"Factory Workshops, Lansonmachines Pellet Mill Production - Lansonmachines\" \/>\n<meta property=\"og:description\" content=\"See our production lines, wood, biomass &amp; feed pellet mill assembly, testing benches, CNC machining and final inspection. Turnkey production capability from China.\" \/>\n<meta property=\"og:url\" content=\"https:\/\/lansonmachines.com\/pt\/factory-workshops\/\" \/>\n<meta property=\"og:site_name\" content=\"Lansonmachines\" \/>\n<meta property=\"article:modified_time\" content=\"2025-11-16T08:51:15+00:00\" \/>\n<meta property=\"og:image\" content=\"http:\/\/lansonmachines.com\/wp-content\/uploads\/2025\/11\/tcnjm-pafxr.webp\" \/>\n<meta name=\"twitter:card\" content=\"summary_large_image\" \/>\n<meta name=\"twitter:label1\" content=\"Tempo estimado de leitura\" \/>\n\t<meta name=\"twitter:data1\" content=\"3 minutos\" \/>\n<script type=\"application\/ld+json\" class=\"yoast-schema-graph\">{\"@context\":\"https:\/\/schema.org\",\"@graph\":[{\"@type\":\"WebPage\",\"@id\":\"https:\/\/lansonmachines.com\/factory-workshops\/\",\"url\":\"https:\/\/lansonmachines.com\/factory-workshops\/\",\"name\":\"Factory Workshops, Lansonmachines Pellet Mill Production - Lansonmachines\",\"isPartOf\":{\"@id\":\"https:\/\/lansonmachines.com\/#website\"},\"primaryImageOfPage\":{\"@id\":\"https:\/\/lansonmachines.com\/factory-workshops\/#primaryimage\"},\"image\":{\"@id\":\"https:\/\/lansonmachines.com\/factory-workshops\/#primaryimage\"},\"thumbnailUrl\":\"http:\/\/lansonmachines.com\/wp-content\/uploads\/2025\/11\/tcnjm-pafxr.webp\",\"datePublished\":\"2025-11-14T01:18:29+00:00\",\"dateModified\":\"2025-11-16T08:51:15+00:00\",\"description\":\"See our production lines, wood, biomass & feed pellet mill assembly, testing benches, CNC machining and final inspection. Turnkey production capability from China.\",\"breadcrumb\":{\"@id\":\"https:\/\/lansonmachines.com\/factory-workshops\/#breadcrumb\"},\"inLanguage\":\"pt-PT\",\"potentialAction\":[{\"@type\":\"ReadAction\",\"target\":[\"https:\/\/lansonmachines.com\/factory-workshops\/\"]}]},{\"@type\":\"ImageObject\",\"inLanguage\":\"pt-PT\",\"@id\":\"https:\/\/lansonmachines.com\/factory-workshops\/#primaryimage\",\"url\":\"http:\/\/lansonmachines.com\/wp-content\/uploads\/2025\/11\/tcnjm-pafxr.webp\",\"contentUrl\":\"http:\/\/lansonmachines.com\/wp-content\/uploads\/2025\/11\/tcnjm-pafxr.webp\"},{\"@type\":\"BreadcrumbList\",\"@id\":\"https:\/\/lansonmachines.com\/factory-workshops\/#breadcrumb\",\"itemListElement\":[{\"@type\":\"ListItem\",\"position\":1,\"name\":\"\u9996\u9875\",\"item\":\"https:\/\/lansonmachines.com\/\"},{\"@type\":\"ListItem\",\"position\":2,\"name\":\"Factory Workshops\"}]},{\"@type\":\"WebSite\",\"@id\":\"https:\/\/lansonmachines.com\/#website\",\"url\":\"https:\/\/lansonmachines.com\/\",\"name\":\"Lansonmachines\",\"description\":\"Pellets Machine Maker\",\"publisher\":{\"@id\":\"https:\/\/lansonmachines.com\/#organization\"},\"potentialAction\":[{\"@type\":\"SearchAction\",\"target\":{\"@type\":\"EntryPoint\",\"urlTemplate\":\"https:\/\/lansonmachines.com\/?s={search_term_string}\"},\"query-input\":{\"@type\":\"PropertyValueSpecification\",\"valueRequired\":true,\"valueName\":\"search_term_string\"}}],\"inLanguage\":\"pt-PT\"},{\"@type\":\"Organization\",\"@id\":\"https:\/\/lansonmachines.com\/#organization\",\"name\":\"Haichen\",\"url\":\"https:\/\/lansonmachines.com\/\",\"logo\":{\"@type\":\"ImageObject\",\"inLanguage\":\"pt-PT\",\"@id\":\"https:\/\/lansonmachines.com\/#\/schema\/logo\/image\/\",\"url\":\"https:\/\/lansonmachines.com\/wp-content\/uploads\/2025\/11\/logo.webp\",\"contentUrl\":\"https:\/\/lansonmachines.com\/wp-content\/uploads\/2025\/11\/logo.webp\",\"width\":230,\"height\":70,\"caption\":\"Haichen\"},\"image\":{\"@id\":\"https:\/\/lansonmachines.com\/#\/schema\/logo\/image\/\"}}]}<\/script>\n<!-- \/ Yoast SEO plugin. -->","yoast_head_json":{"title":"Oficinas de F\u00e1brica, Lansonmachines Produ\u00e7\u00e3o de pelotiza\u00e7\u00e3o - Lansonmachines","description":"Veja as nossas linhas de produ\u00e7\u00e3o, montagem de peletizadoras de madeira, biomassa e ra\u00e7\u00f5es, bancos de ensaio, maquina\u00e7\u00e3o CNC e inspe\u00e7\u00e3o final. Capacidade de produ\u00e7\u00e3o chave na m\u00e3o a partir da China.","robots":{"index":"index","follow":"follow","max-snippet":"max-snippet:-1","max-image-preview":"max-image-preview:large","max-video-preview":"max-video-preview:-1"},"canonical":"https:\/\/lansonmachines.com\/pt\/factory-workshops\/","og_locale":"pt_PT","og_type":"article","og_title":"Factory Workshops, Lansonmachines Pellet Mill Production - Lansonmachines","og_description":"See our production lines, wood, biomass & feed pellet mill assembly, testing benches, CNC machining and final inspection. Turnkey production capability from China.","og_url":"https:\/\/lansonmachines.com\/pt\/factory-workshops\/","og_site_name":"Lansonmachines","article_modified_time":"2025-11-16T08:51:15+00:00","og_image":[{"url":"http:\/\/lansonmachines.com\/wp-content\/uploads\/2025\/11\/tcnjm-pafxr.webp","type":"","width":"","height":""}],"twitter_card":"summary_large_image","twitter_misc":{"Tempo estimado de leitura":"3 minutos"},"schema":{"@context":"https:\/\/schema.org","@graph":[{"@type":"WebPage","@id":"https:\/\/lansonmachines.com\/factory-workshops\/","url":"https:\/\/lansonmachines.com\/factory-workshops\/","name":"Oficinas de F\u00e1brica, Lansonmachines Produ\u00e7\u00e3o de pelotiza\u00e7\u00e3o - Lansonmachines","isPartOf":{"@id":"https:\/\/lansonmachines.com\/#website"},"primaryImageOfPage":{"@id":"https:\/\/lansonmachines.com\/factory-workshops\/#primaryimage"},"image":{"@id":"https:\/\/lansonmachines.com\/factory-workshops\/#primaryimage"},"thumbnailUrl":"http:\/\/lansonmachines.com\/wp-content\/uploads\/2025\/11\/tcnjm-pafxr.webp","datePublished":"2025-11-14T01:18:29+00:00","dateModified":"2025-11-16T08:51:15+00:00","description":"Veja as nossas linhas de produ\u00e7\u00e3o, montagem de peletizadoras de madeira, biomassa e ra\u00e7\u00f5es, bancos de ensaio, maquina\u00e7\u00e3o CNC e inspe\u00e7\u00e3o final. Capacidade de produ\u00e7\u00e3o chave na m\u00e3o a partir da China.","breadcrumb":{"@id":"https:\/\/lansonmachines.com\/factory-workshops\/#breadcrumb"},"inLanguage":"pt-PT","potentialAction":[{"@type":"ReadAction","target":["https:\/\/lansonmachines.com\/factory-workshops\/"]}]},{"@type":"ImageObject","inLanguage":"pt-PT","@id":"https:\/\/lansonmachines.com\/factory-workshops\/#primaryimage","url":"http:\/\/lansonmachines.com\/wp-content\/uploads\/2025\/11\/tcnjm-pafxr.webp","contentUrl":"http:\/\/lansonmachines.com\/wp-content\/uploads\/2025\/11\/tcnjm-pafxr.webp"},{"@type":"BreadcrumbList","@id":"https:\/\/lansonmachines.com\/factory-workshops\/#breadcrumb","itemListElement":[{"@type":"ListItem","position":1,"name":"\u9996\u9875","item":"https:\/\/lansonmachines.com\/"},{"@type":"ListItem","position":2,"name":"Factory Workshops"}]},{"@type":"WebSite","@id":"https:\/\/lansonmachines.com\/#website","url":"https:\/\/lansonmachines.com\/","name":"Lansonmachines","description":"Fabricante de m\u00e1quinas de pellets","publisher":{"@id":"https:\/\/lansonmachines.com\/#organization"},"potentialAction":[{"@type":"SearchAction","target":{"@type":"EntryPoint","urlTemplate":"https:\/\/lansonmachines.com\/?s={search_term_string}"},"query-input":{"@type":"PropertyValueSpecification","valueRequired":true,"valueName":"search_term_string"}}],"inLanguage":"pt-PT"},{"@type":"Organization","@id":"https:\/\/lansonmachines.com\/#organization","name":"Haichen","url":"https:\/\/lansonmachines.com\/","logo":{"@type":"ImageObject","inLanguage":"pt-PT","@id":"https:\/\/lansonmachines.com\/#\/schema\/logo\/image\/","url":"https:\/\/lansonmachines.com\/wp-content\/uploads\/2025\/11\/logo.webp","contentUrl":"https:\/\/lansonmachines.com\/wp-content\/uploads\/2025\/11\/logo.webp","width":230,"height":70,"caption":"Haichen"},"image":{"@id":"https:\/\/lansonmachines.com\/#\/schema\/logo\/image\/"}}]}},"_links":{"self":[{"href":"https:\/\/lansonmachines.com\/pt\/wp-json\/wp\/v2\/pages\/1661","targetHints":{"allow":["GET"]}}],"collection":[{"href":"https:\/\/lansonmachines.com\/pt\/wp-json\/wp\/v2\/pages"}],"about":[{"href":"https:\/\/lansonmachines.com\/pt\/wp-json\/wp\/v2\/types\/page"}],"author":[{"embeddable":true,"href":"https:\/\/lansonmachines.com\/pt\/wp-json\/wp\/v2\/users\/1"}],"replies":[{"embeddable":true,"href":"https:\/\/lansonmachines.com\/pt\/wp-json\/wp\/v2\/comments?post=1661"}],"version-history":[{"count":21,"href":"https:\/\/lansonmachines.com\/pt\/wp-json\/wp\/v2\/pages\/1661\/revisions"}],"predecessor-version":[{"id":1854,"href":"https:\/\/lansonmachines.com\/pt\/wp-json\/wp\/v2\/pages\/1661\/revisions\/1854"}],"wp:attachment":[{"href":"https:\/\/lansonmachines.com\/pt\/wp-json\/wp\/v2\/media?parent=1661"}],"curies":[{"name":"wp","href":"https:\/\/api.w.org\/{rel}","templated":true}]}}