{"id":1661,"date":"2025-11-14T09:18:29","date_gmt":"2025-11-14T01:18:29","guid":{"rendered":"http:\/\/www.tioxhua.com\/?page_id=1661"},"modified":"2025-11-16T16:51:15","modified_gmt":"2025-11-16T08:51:15","slug":"factory-workshops","status":"publish","type":"page","link":"https:\/\/lansonmachines.com\/tr\/factory-workshops\/","title":{"rendered":"Fabrika At\u00f6lyeleri"},"content":{"rendered":"<div data-elementor-type=\"wp-page\" data-elementor-id=\"1661\" class=\"elementor elementor-1661\" data-elementor-post-type=\"page\">\n\t\t\t\t<div class=\"elementor-element elementor-element-9a3732f e-flex e-con-boxed e-con e-parent\" data-id=\"9a3732f\" data-element_type=\"container\">\n\t\t\t\t\t<div class=\"e-con-inner\">\n\t\t\t\t<div class=\"elementor-element elementor-element-c60d5a9 elementor-widget elementor-widget-heading\" data-id=\"c60d5a9\" data-element_type=\"widget\" data-widget_type=\"heading.default\">\n\t\t\t\t<div class=\"elementor-widget-container\">\n\t\t\t\t\t<h1 class=\"elementor-heading-title elementor-size-default\">Fabrika At\u00f6lyeleri<\/h1>\t\t\t\t<\/div>\n\t\t\t\t<\/div>\n\t\t\t\t\t<\/div>\n\t\t\t\t<\/div>\n\t\t<div class=\"elementor-element elementor-element-c1c1513 e-flex e-con-boxed e-con e-parent\" data-id=\"c1c1513\" data-element_type=\"container\">\n\t\t\t\t\t<div class=\"e-con-inner\">\n\t\t\t\t<div class=\"elementor-element elementor-element-66025cc elementor-widget elementor-widget-text-editor\" data-id=\"66025cc\" data-element_type=\"widget\" data-widget_type=\"text-editor.default\">\n\t\t\t\t<div class=\"elementor-widget-container\">\n\t\t\t\t\t\t\t\t\t<p data-start=\"77\" data-end=\"523\">LansonMachines'in fabrikas\u0131 ve at\u00f6lyeleri, \u00c7in'in hafif ve orta \u00f6l\u00e7ekli end\u00fcstriyel makine \u00fcretim b\u00f6lgesinin kalbi olan Zhengzhou, Henan'da yer almaktad\u0131r. At\u00f6lyelerimiz, ham madde al\u0131m\u0131 ve hassas i\u015flemeden montaj, kalite testi ve paketlemeye kadar verimli, izlenebilir \u00fcretim i\u00e7in d\u00fczenlenmi\u015ftir. Bu sayfa, tesisimizin ve s\u00fcre\u00e7lerimizin \u00fcr\u00fcn kalitesini, teslimat g\u00fcvenilirli\u011fini ve uzun vadeli makine performans\u0131n\u0131 nas\u0131l korudu\u011funu a\u00e7\u0131klamaktad\u0131r.<\/p><h2 data-start=\"525\" data-end=\"545\">At\u00f6lye \u00e7al\u0131\u015fmas\u0131na genel bak\u0131\u015f<\/h2><ul data-start=\"546\" data-end=\"1138\"><li data-start=\"546\" data-end=\"730\"><p data-start=\"548\" data-end=\"730\"><strong data-start=\"548\" data-end=\"572\">Amaca y\u00f6nelik in\u015fa edilmi\u015f alanlar:<\/strong> \u0130\u015fleme, kaynak, \u0131s\u0131l i\u015flem, montaj, elektrik tesisat\u0131 ve test \u00e7al\u0131\u015ft\u0131rmalar\u0131 i\u00e7in ayr\u0131 b\u00f6lgeler i\u015f ak\u0131\u015flar\u0131n\u0131 temiz tutar ve \u00e7apraz kontaminasyonu azalt\u0131r.<\/p><\/li><li data-start=\"731\" data-end=\"931\"><p data-start=\"733\" data-end=\"931\"><strong data-start=\"733\" data-end=\"756\">Net s\u00fcre\u00e7 ak\u0131\u015f\u0131:<\/strong> Hammadde \u2192 i\u015fleme \u2192 y\u00fczey i\u015fleme \u2192 montaj \u2192 test \u00e7al\u0131\u015ft\u0131rmas\u0131 \u2192 son denetim \u2192 paketleme, bu da tutarl\u0131 teslimat s\u00fcrelerini ve g\u00fcvenilir kalite kontrol\u00fcn\u00fc s\u00fcrd\u00fcrmemize yard\u0131mc\u0131 olur.<\/p><\/li><li data-start=\"932\" data-end=\"1138\"><p data-start=\"934\" data-end=\"1138\"><strong data-start=\"934\" data-end=\"956\">Nitelikli i\u015fg\u00fcc\u00fc:<\/strong> Teknisyenlerimiz ve m\u00fchendislerimiz pelet de\u011firmeni \u00fcretimi, montaj\u0131 ve yerinde devreye alma konusunda e\u011fitimlidir ve dizel, elektrikli, d\u00fcz kal\u0131pl\u0131 ve halka kal\u0131pl\u0131 makineler konusunda deneyim sahibidir.<\/p><\/li><\/ul><h2 data-start=\"1140\" data-end=\"1171\">Temel ekipman ve kabiliyetler<\/h2><ul data-start=\"1172\" data-end=\"1571\"><li data-start=\"1172\" data-end=\"1233\"><p data-start=\"1174\" data-end=\"1233\">Y\u00fcksek hassasiyetli par\u00e7alar i\u00e7in CNC torna ve freze makineleri.<\/p><\/li><li data-start=\"1234\" data-end=\"1315\"><p data-start=\"1236\" data-end=\"1315\">Tekrarlanabilir montajlar i\u00e7in nitelikli kaynak\u00e7\u0131lara ve fikst\u00fcrlere sahip kaynak kabinleri.<\/p><\/li><li data-start=\"1316\" data-end=\"1374\"><p data-start=\"1318\" data-end=\"1374\">D\u00f6ner bile\u015fenler i\u00e7in denge ve titre\u015fim test cihazlar\u0131.<\/p><\/li><li data-start=\"1375\" data-end=\"1465\"><p data-start=\"1377\" data-end=\"1465\">Yedek par\u00e7a tedarik s\u00fcrelerini k\u0131saltmak i\u00e7in kal\u0131plar, makaralar ve \u015faftlar i\u00e7in \u015firket i\u00e7i i\u015fleme.<\/p><\/li><li data-start=\"1466\" data-end=\"1571\"><p data-start=\"1468\" data-end=\"1571\">M\u00fc\u015fteri taraf\u0131ndan sim\u00fcle edilmi\u015f hammadde kullan\u0131larak tam y\u00fck deneme \u00e7al\u0131\u015fmalar\u0131 i\u00e7in montaj tezgahlar\u0131 ve kontroll\u00fc test alanlar\u0131.<\/p><\/li><\/ul><h2 data-start=\"1573\" data-end=\"1609\">At\u00f6lyede kalite g\u00fcvencesi<\/h2><ul data-start=\"1610\" data-end=\"2131\"><li data-start=\"1610\" data-end=\"1720\"><p data-start=\"1612\" data-end=\"1720\"><strong data-start=\"1612\" data-end=\"1636\">Gelen tefti\u015f:<\/strong> Malzeme izlenebilirli\u011fi ve freze test raporlar\u0131 i\u015fleme ba\u015flamadan \u00f6nce kaydedilir.<\/p><\/li><li data-start=\"1721\" data-end=\"1823\"><p data-start=\"1723\" data-end=\"1823\"><strong data-start=\"1723\" data-end=\"1745\">S\u00fcre\u00e7 i\u00e7i kontroller:<\/strong> Sorunlar\u0131 erken yakalamak i\u00e7in kritik a\u015famalarda boyutsal ve i\u015flevsel kontroller.<\/p><\/li><li data-start=\"1824\" data-end=\"1989\"><p data-start=\"1826\" data-end=\"1989\"><strong data-start=\"1826\" data-end=\"1846\">Son testler:<\/strong> Her pelet de\u011firmeni, paketlenmeden \u00f6nce \u00e7\u0131kt\u0131, pelet kalitesi ve g\u00fcr\u00fclt\u00fc\/titre\u015fim hedeflerini do\u011frulamak i\u00e7in bir performans testine (bo\u015fta ve y\u00fckl\u00fc) tabi tutulur.<\/p><\/li><li data-start=\"1990\" data-end=\"2131\"><p data-start=\"1992\" data-end=\"2131\"><strong data-start=\"1992\" data-end=\"2010\">Dok\u00fcmantasyon:<\/strong> Her sevkiyat i\u00e7in test kay\u0131tlar\u0131, denetim raporlar\u0131 ve paketleme listeleri sa\u011flan\u0131r; \u00fc\u00e7\u00fcnc\u00fc taraf denetimleri memnuniyetle kar\u015f\u0131lan\u0131r.<\/p><\/li><\/ul><h2 data-start=\"2133\" data-end=\"2164\">Paketleme, depolama ve lojistik<\/h2><ul data-start=\"2165\" data-end=\"2476\"><li data-start=\"2165\" data-end=\"2286\"><p data-start=\"2167\" data-end=\"2286\">Deniz veya hava ta\u015f\u0131mac\u0131l\u0131\u011f\u0131 s\u0131ras\u0131nda makineleri korumak i\u00e7in a\u011f\u0131r hizmet tipi ihracat ambalaj\u0131 (ah\u015fap kasalar, paletli, pas ge\u00e7irmez).<\/p><\/li><li data-start=\"2287\" data-end=\"2368\"><p data-start=\"2289\" data-end=\"2368\">Sevkiyatlar\u0131 h\u0131zland\u0131rmak i\u00e7in yedek par\u00e7a ve bitmi\u015f makineler i\u00e7in depoyu organize etti.<\/p><\/li><li data-start=\"2369\" data-end=\"2476\"><p data-start=\"2371\" data-end=\"2476\">EXW\/FOB\/CIF teslimat ko\u015fullar\u0131 ve ihracat belgeleri i\u00e7in deneyimli nakliye firmalar\u0131 ile koordinasyon.<\/p><\/li><\/ul><h2 data-start=\"2478\" data-end=\"2517\">G\u00fcvenlik, \u00e7evre ve i\u015fg\u00fcc\u00fc bak\u0131m\u0131<\/h2><ul data-start=\"2518\" data-end=\"2780\"><li data-start=\"2518\" data-end=\"2607\"><p data-start=\"2520\" data-end=\"2607\">At\u00f6lyelerde uygulanan g\u00fcvenlik prosed\u00fcrleri (KKD, makine koruyucular\u0131, elektrik g\u00fcvenli\u011fi).<\/p><\/li><li data-start=\"2608\" data-end=\"2699\"><p data-start=\"2610\" data-end=\"2699\">At\u0131k y\u00f6netimi ve ya\u011flar\u0131n\/so\u011futucular\u0131n yerel y\u00f6netmeliklere uygun olarak sorumlu bir \u015fekilde bertaraf edilmesi.<\/p><\/li><li data-start=\"2700\" data-end=\"2780\"><p data-start=\"2702\" data-end=\"2780\">\u0130\u015f\u00e7ili\u011fi, g\u00fcvenli\u011fi ve montaj kalitesini iyile\u015ftirmek i\u00e7in s\u00fcrekli e\u011fitim programlar\u0131.<\/p><\/li><\/ul><h2 data-start=\"2782\" data-end=\"2807\">M\u00fc\u015fterilerin g\u00f6rebilecekleri<\/h2><p data-start=\"2808\" data-end=\"3057\">Talep \u00fczerine g\u00fcncel at\u00f6lye foto\u011fraflar\u0131, k\u0131sa fabrika videolar\u0131 ve s\u00fcre\u00e7 ak\u0131\u015f diyagramlar\u0131 sa\u011fl\u0131yoruz. B\u00fcy\u00fck sipari\u015fler veya teknik projeler i\u00e7in fabrika ziyaretlerini veya \u00fc\u00e7\u00fcnc\u00fc taraf denetimlerini memnuniyetle kar\u015f\u0131l\u0131yoruz, b\u00f6ylece al\u0131c\u0131lar kapasite ve \u00fcretim kontrollerini \u015fahsen do\u011frulayabilir.<\/p>\t\t\t\t\t\t\t\t<\/div>\n\t\t\t\t<\/div>\n\t\t\t\t\t<\/div>\n\t\t\t\t<\/div>\n\t\t<div class=\"elementor-element elementor-element-8188964 e-flex e-con-boxed e-con e-parent\" data-id=\"8188964\" data-element_type=\"container\">\n\t\t\t\t\t<div class=\"e-con-inner\">\n\t\t<div class=\"elementor-element elementor-element-0d4c2dd e-con-full e-flex e-con e-child\" data-id=\"0d4c2dd\" data-element_type=\"container\">\n\t\t\t\t<div class=\"elementor-element elementor-element-6d454ba elementor-widget elementor-widget-image\" data-id=\"6d454ba\" data-element_type=\"widget\" data-widget_type=\"image.default\">\n\t\t\t\t<div class=\"elementor-widget-container\">\n\t\t\t\t\t\t\t\t\t\t\t\t\t\t\t<img fetchpriority=\"high\" decoding=\"async\" width=\"700\" height=\"500\" src=\"https:\/\/lansonmachines.com\/wp-content\/uploads\/2025\/11\/tcnjm-pafxr.webp\" class=\"attachment-large size-large wp-image-1821\" alt=\"Pelet Makinesi FABR\u0130KA G\u00d6STER\u0130S\u0130\" srcset=\"https:\/\/lansonmachines.com\/wp-content\/uploads\/2025\/11\/tcnjm-pafxr.webp 700w, https:\/\/lansonmachines.com\/wp-content\/uploads\/2025\/11\/tcnjm-pafxr-300x214.webp 300w\" sizes=\"(max-width: 700px) 100vw, 700px\" \/>\t\t\t\t\t\t\t\t\t\t\t\t\t\t\t<\/div>\n\t\t\t\t<\/div>\n\t\t\t\t<\/div>\n\t\t<div class=\"elementor-element elementor-element-d2db5ab e-con-full e-flex e-con e-child\" data-id=\"d2db5ab\" data-element_type=\"container\">\n\t\t\t\t<div class=\"elementor-element elementor-element-2452260 elementor-widget elementor-widget-image\" data-id=\"2452260\" data-element_type=\"widget\" data-widget_type=\"image.default\">\n\t\t\t\t<div class=\"elementor-widget-container\">\n\t\t\t\t\t\t\t\t\t\t\t\t\t\t\t<img decoding=\"async\" width=\"693\" height=\"494\" src=\"https:\/\/lansonmachines.com\/wp-content\/uploads\/2025\/11\/tk69k-c1qfz.webp\" class=\"attachment-large size-large wp-image-1825\" alt=\"Pelet Makinesi FABR\u0130KA G\u00d6STER\u0130S\u0130\" srcset=\"https:\/\/lansonmachines.com\/wp-content\/uploads\/2025\/11\/tk69k-c1qfz.webp 693w, https:\/\/lansonmachines.com\/wp-content\/uploads\/2025\/11\/tk69k-c1qfz-300x214.webp 300w\" sizes=\"(max-width: 693px) 100vw, 693px\" \/>\t\t\t\t\t\t\t\t\t\t\t\t\t\t\t<\/div>\n\t\t\t\t<\/div>\n\t\t\t\t<\/div>\n\t\t<div class=\"elementor-element elementor-element-13d7a59 e-con-full e-flex e-con e-child\" data-id=\"13d7a59\" data-element_type=\"container\">\n\t\t\t\t<div class=\"elementor-element elementor-element-423019e elementor-widget elementor-widget-image\" data-id=\"423019e\" data-element_type=\"widget\" data-widget_type=\"image.default\">\n\t\t\t\t<div class=\"elementor-widget-container\">\n\t\t\t\t\t\t\t\t\t\t\t\t\t\t\t<img decoding=\"async\" width=\"700\" height=\"500\" src=\"https:\/\/lansonmachines.com\/wp-content\/uploads\/2025\/11\/t7xtj-upiqe.webp\" class=\"attachment-large size-large wp-image-1824\" alt=\"Pelet Makinesi FABR\u0130KA G\u00d6STER\u0130S\u0130\" srcset=\"https:\/\/lansonmachines.com\/wp-content\/uploads\/2025\/11\/t7xtj-upiqe.webp 700w, https:\/\/lansonmachines.com\/wp-content\/uploads\/2025\/11\/t7xtj-upiqe-300x214.webp 300w\" sizes=\"(max-width: 700px) 100vw, 700px\" \/>\t\t\t\t\t\t\t\t\t\t\t\t\t\t\t<\/div>\n\t\t\t\t<\/div>\n\t\t\t\t<\/div>\n\t\t<div class=\"elementor-element elementor-element-ae0798d e-con-full e-flex e-con e-child\" data-id=\"ae0798d\" data-element_type=\"container\">\n\t\t\t\t<div class=\"elementor-element elementor-element-79737df elementor-widget elementor-widget-image\" data-id=\"79737df\" data-element_type=\"widget\" data-widget_type=\"image.default\">\n\t\t\t\t<div class=\"elementor-widget-container\">\n\t\t\t\t\t\t\t\t\t\t\t\t\t\t\t<img loading=\"lazy\" decoding=\"async\" width=\"700\" height=\"500\" src=\"https:\/\/lansonmachines.com\/wp-content\/uploads\/2025\/11\/t0wlr-lraig.webp\" class=\"attachment-large size-large wp-image-1822\" alt=\"Pelet Makinesi FABR\u0130KA G\u00d6STER\u0130S\u0130\" srcset=\"https:\/\/lansonmachines.com\/wp-content\/uploads\/2025\/11\/t0wlr-lraig.webp 700w, https:\/\/lansonmachines.com\/wp-content\/uploads\/2025\/11\/t0wlr-lraig-300x214.webp 300w\" sizes=\"(max-width: 700px) 100vw, 700px\" \/>\t\t\t\t\t\t\t\t\t\t\t\t\t\t\t<\/div>\n\t\t\t\t<\/div>\n\t\t\t\t<\/div>\n\t\t\t\t\t<\/div>\n\t\t\t\t<\/div>\n\t\t\t\t<\/div>","protected":false},"excerpt":{"rendered":"<p>Factory Workshops LansonMachines\u2019 factory and workshops are located in Zhengzhou, Henan \u2014 the heart of China\u2019s manufacturing region for light and medium industrial machinery. Our workshops are organized for efficient, traceable production: from raw-material receiving and precision machining to assembly, quality testing and packing. This page explains how our facility and processes protect product quality, [&hellip;]<\/p>\n","protected":false},"author":1,"featured_media":0,"parent":0,"menu_order":0,"comment_status":"closed","ping_status":"closed","template":"","meta":{"_acf_changed":false,"site-sidebar-layout":"no-sidebar","site-content-layout":"page-builder","ast-site-content-layout":"full-width-container","site-content-style":"default","site-sidebar-style":"default","ast-global-header-display":"","ast-banner-title-visibility":"","ast-main-header-display":"","ast-hfb-above-header-display":"","ast-hfb-below-header-display":"","ast-hfb-mobile-header-display":"","site-post-title":"disabled","ast-breadcrumbs-content":"disabled","ast-featured-img":"disabled","footer-sml-layout":"","theme-transparent-header-meta":"default","adv-header-id-meta":"","stick-header-meta":"default","header-above-stick-meta":"","header-main-stick-meta":"","header-below-stick-meta":"","astra-migrate-meta-layouts":"set","ast-page-background-enabled":"default","ast-page-background-meta":{"desktop":{"background-color":"var(--ast-global-color-4)","background-image":"","background-repeat":"repeat","background-position":"center center","background-size":"auto","background-attachment":"scroll","background-type":"","background-media":"","overlay-type":"","overlay-color":"","overlay-opacity":"","overlay-gradient":""},"tablet":{"background-color":"","background-image":"","background-repeat":"repeat","background-position":"center center","background-size":"auto","background-attachment":"scroll","background-type":"","background-media":"","overlay-type":"","overlay-color":"","overlay-opacity":"","overlay-gradient":""},"mobile":{"background-color":"","background-image":"","background-repeat":"repeat","background-position":"center center","background-size":"auto","background-attachment":"scroll","background-type":"","background-media":"","overlay-type":"","overlay-color":"","overlay-opacity":"","overlay-gradient":""}},"ast-content-background-meta":{"desktop":{"background-color":"var(--ast-global-color-5)","background-image":"","background-repeat":"repeat","background-position":"center center","background-size":"auto","background-attachment":"scroll","background-type":"","background-media":"","overlay-type":"","overlay-color":"","overlay-opacity":"","overlay-gradient":""},"tablet":{"background-color":"var(--ast-global-color-5)","background-image":"","background-repeat":"repeat","background-position":"center center","background-size":"auto","background-attachment":"scroll","background-type":"","background-media":"","overlay-type":"","overlay-color":"","overlay-opacity":"","overlay-gradient":""},"mobile":{"background-color":"var(--ast-global-color-5)","background-image":"","background-repeat":"repeat","background-position":"center center","background-size":"auto","background-attachment":"scroll","background-type":"","background-media":"","overlay-type":"","overlay-color":"","overlay-opacity":"","overlay-gradient":""}},"footnotes":""},"class_list":["post-1661","page","type-page","status-publish","hentry"],"acf":[],"yoast_head":"<!-- This site is optimized with the Yoast SEO plugin v26.8 - https:\/\/yoast.com\/product\/yoast-seo-wordpress\/ -->\n<title>Factory Workshops, Lansonmachines Pellet Mill Production - Lansonmachines<\/title>\n<meta name=\"description\" content=\"See our production lines, wood, biomass &amp; feed pellet mill assembly, testing benches, CNC machining and final inspection. Turnkey production capability from China.\" \/>\n<meta name=\"robots\" content=\"index, follow, max-snippet:-1, max-image-preview:large, max-video-preview:-1\" \/>\n<link rel=\"canonical\" href=\"https:\/\/lansonmachines.com\/tr\/factory-workshops\/\" \/>\n<meta property=\"og:locale\" content=\"tr_TR\" \/>\n<meta property=\"og:type\" content=\"article\" \/>\n<meta property=\"og:title\" content=\"Factory Workshops, Lansonmachines Pellet Mill Production - Lansonmachines\" \/>\n<meta property=\"og:description\" content=\"See our production lines, wood, biomass &amp; feed pellet mill assembly, testing benches, CNC machining and final inspection. Turnkey production capability from China.\" \/>\n<meta property=\"og:url\" content=\"https:\/\/lansonmachines.com\/tr\/factory-workshops\/\" \/>\n<meta property=\"og:site_name\" content=\"Lansonmachines\" \/>\n<meta property=\"article:modified_time\" content=\"2025-11-16T08:51:15+00:00\" \/>\n<meta property=\"og:image\" content=\"http:\/\/lansonmachines.com\/wp-content\/uploads\/2025\/11\/tcnjm-pafxr.webp\" \/>\n<meta name=\"twitter:card\" content=\"summary_large_image\" \/>\n<meta name=\"twitter:label1\" content=\"Tahmini okuma s\u00fcresi\" \/>\n\t<meta name=\"twitter:data1\" content=\"3 dakika\" \/>\n<script type=\"application\/ld+json\" class=\"yoast-schema-graph\">{\"@context\":\"https:\/\/schema.org\",\"@graph\":[{\"@type\":\"WebPage\",\"@id\":\"https:\/\/lansonmachines.com\/factory-workshops\/\",\"url\":\"https:\/\/lansonmachines.com\/factory-workshops\/\",\"name\":\"Factory Workshops, Lansonmachines Pellet Mill Production - Lansonmachines\",\"isPartOf\":{\"@id\":\"https:\/\/lansonmachines.com\/#website\"},\"primaryImageOfPage\":{\"@id\":\"https:\/\/lansonmachines.com\/factory-workshops\/#primaryimage\"},\"image\":{\"@id\":\"https:\/\/lansonmachines.com\/factory-workshops\/#primaryimage\"},\"thumbnailUrl\":\"http:\/\/lansonmachines.com\/wp-content\/uploads\/2025\/11\/tcnjm-pafxr.webp\",\"datePublished\":\"2025-11-14T01:18:29+00:00\",\"dateModified\":\"2025-11-16T08:51:15+00:00\",\"description\":\"See our production lines, wood, biomass & feed pellet mill assembly, testing benches, CNC machining and final inspection. Turnkey production capability from China.\",\"breadcrumb\":{\"@id\":\"https:\/\/lansonmachines.com\/factory-workshops\/#breadcrumb\"},\"inLanguage\":\"tr\",\"potentialAction\":[{\"@type\":\"ReadAction\",\"target\":[\"https:\/\/lansonmachines.com\/factory-workshops\/\"]}]},{\"@type\":\"ImageObject\",\"inLanguage\":\"tr\",\"@id\":\"https:\/\/lansonmachines.com\/factory-workshops\/#primaryimage\",\"url\":\"http:\/\/lansonmachines.com\/wp-content\/uploads\/2025\/11\/tcnjm-pafxr.webp\",\"contentUrl\":\"http:\/\/lansonmachines.com\/wp-content\/uploads\/2025\/11\/tcnjm-pafxr.webp\"},{\"@type\":\"BreadcrumbList\",\"@id\":\"https:\/\/lansonmachines.com\/factory-workshops\/#breadcrumb\",\"itemListElement\":[{\"@type\":\"ListItem\",\"position\":1,\"name\":\"\u9996\u9875\",\"item\":\"https:\/\/lansonmachines.com\/\"},{\"@type\":\"ListItem\",\"position\":2,\"name\":\"Factory Workshops\"}]},{\"@type\":\"WebSite\",\"@id\":\"https:\/\/lansonmachines.com\/#website\",\"url\":\"https:\/\/lansonmachines.com\/\",\"name\":\"Lansonmachines\",\"description\":\"Pellets Machine Maker\",\"publisher\":{\"@id\":\"https:\/\/lansonmachines.com\/#organization\"},\"potentialAction\":[{\"@type\":\"SearchAction\",\"target\":{\"@type\":\"EntryPoint\",\"urlTemplate\":\"https:\/\/lansonmachines.com\/?s={search_term_string}\"},\"query-input\":{\"@type\":\"PropertyValueSpecification\",\"valueRequired\":true,\"valueName\":\"search_term_string\"}}],\"inLanguage\":\"tr\"},{\"@type\":\"Organization\",\"@id\":\"https:\/\/lansonmachines.com\/#organization\",\"name\":\"Haichen\",\"url\":\"https:\/\/lansonmachines.com\/\",\"logo\":{\"@type\":\"ImageObject\",\"inLanguage\":\"tr\",\"@id\":\"https:\/\/lansonmachines.com\/#\/schema\/logo\/image\/\",\"url\":\"https:\/\/lansonmachines.com\/wp-content\/uploads\/2025\/11\/logo.webp\",\"contentUrl\":\"https:\/\/lansonmachines.com\/wp-content\/uploads\/2025\/11\/logo.webp\",\"width\":230,\"height\":70,\"caption\":\"Haichen\"},\"image\":{\"@id\":\"https:\/\/lansonmachines.com\/#\/schema\/logo\/image\/\"}}]}<\/script>\n<!-- \/ Yoast SEO plugin. -->","yoast_head_json":{"title":"Fabrika At\u00f6lyeleri, Lansonmachines Pelet De\u011firmeni \u00dcretimi - Lansonmachines","description":"\u00dcretim hatlar\u0131m\u0131z\u0131, ah\u015fap, biyok\u00fctle ve yem pelet de\u011firmeni montaj\u0131n\u0131, test tezgahlar\u0131n\u0131, CNC i\u015fleme ve son denetimi g\u00f6r\u00fcn. \u00c7in'den anahtar teslim \u00fcretim kabiliyeti.","robots":{"index":"index","follow":"follow","max-snippet":"max-snippet:-1","max-image-preview":"max-image-preview:large","max-video-preview":"max-video-preview:-1"},"canonical":"https:\/\/lansonmachines.com\/tr\/factory-workshops\/","og_locale":"tr_TR","og_type":"article","og_title":"Factory Workshops, Lansonmachines Pellet Mill Production - Lansonmachines","og_description":"See our production lines, wood, biomass & feed pellet mill assembly, testing benches, CNC machining and final inspection. Turnkey production capability from China.","og_url":"https:\/\/lansonmachines.com\/tr\/factory-workshops\/","og_site_name":"Lansonmachines","article_modified_time":"2025-11-16T08:51:15+00:00","og_image":[{"url":"http:\/\/lansonmachines.com\/wp-content\/uploads\/2025\/11\/tcnjm-pafxr.webp","type":"","width":"","height":""}],"twitter_card":"summary_large_image","twitter_misc":{"Tahmini okuma s\u00fcresi":"3 dakika"},"schema":{"@context":"https:\/\/schema.org","@graph":[{"@type":"WebPage","@id":"https:\/\/lansonmachines.com\/factory-workshops\/","url":"https:\/\/lansonmachines.com\/factory-workshops\/","name":"Fabrika At\u00f6lyeleri, Lansonmachines Pelet De\u011firmeni \u00dcretimi - Lansonmachines","isPartOf":{"@id":"https:\/\/lansonmachines.com\/#website"},"primaryImageOfPage":{"@id":"https:\/\/lansonmachines.com\/factory-workshops\/#primaryimage"},"image":{"@id":"https:\/\/lansonmachines.com\/factory-workshops\/#primaryimage"},"thumbnailUrl":"http:\/\/lansonmachines.com\/wp-content\/uploads\/2025\/11\/tcnjm-pafxr.webp","datePublished":"2025-11-14T01:18:29+00:00","dateModified":"2025-11-16T08:51:15+00:00","description":"\u00dcretim hatlar\u0131m\u0131z\u0131, ah\u015fap, biyok\u00fctle ve yem pelet de\u011firmeni montaj\u0131n\u0131, test tezgahlar\u0131n\u0131, CNC i\u015fleme ve son denetimi g\u00f6r\u00fcn. \u00c7in'den anahtar teslim \u00fcretim kabiliyeti.","breadcrumb":{"@id":"https:\/\/lansonmachines.com\/factory-workshops\/#breadcrumb"},"inLanguage":"tr","potentialAction":[{"@type":"ReadAction","target":["https:\/\/lansonmachines.com\/factory-workshops\/"]}]},{"@type":"ImageObject","inLanguage":"tr","@id":"https:\/\/lansonmachines.com\/factory-workshops\/#primaryimage","url":"http:\/\/lansonmachines.com\/wp-content\/uploads\/2025\/11\/tcnjm-pafxr.webp","contentUrl":"http:\/\/lansonmachines.com\/wp-content\/uploads\/2025\/11\/tcnjm-pafxr.webp"},{"@type":"BreadcrumbList","@id":"https:\/\/lansonmachines.com\/factory-workshops\/#breadcrumb","itemListElement":[{"@type":"ListItem","position":1,"name":"\u9996\u9875","item":"https:\/\/lansonmachines.com\/"},{"@type":"ListItem","position":2,"name":"Factory Workshops"}]},{"@type":"WebSite","@id":"https:\/\/lansonmachines.com\/#website","url":"https:\/\/lansonmachines.com\/","name":"Lansonmachines","description":"Pelet Makinesi \u00dcreticisi","publisher":{"@id":"https:\/\/lansonmachines.com\/#organization"},"potentialAction":[{"@type":"SearchAction","target":{"@type":"EntryPoint","urlTemplate":"https:\/\/lansonmachines.com\/?s={search_term_string}"},"query-input":{"@type":"PropertyValueSpecification","valueRequired":true,"valueName":"search_term_string"}}],"inLanguage":"tr"},{"@type":"Organization","@id":"https:\/\/lansonmachines.com\/#organization","name":"Haichen","url":"https:\/\/lansonmachines.com\/","logo":{"@type":"ImageObject","inLanguage":"tr","@id":"https:\/\/lansonmachines.com\/#\/schema\/logo\/image\/","url":"https:\/\/lansonmachines.com\/wp-content\/uploads\/2025\/11\/logo.webp","contentUrl":"https:\/\/lansonmachines.com\/wp-content\/uploads\/2025\/11\/logo.webp","width":230,"height":70,"caption":"Haichen"},"image":{"@id":"https:\/\/lansonmachines.com\/#\/schema\/logo\/image\/"}}]}},"_links":{"self":[{"href":"https:\/\/lansonmachines.com\/tr\/wp-json\/wp\/v2\/pages\/1661","targetHints":{"allow":["GET"]}}],"collection":[{"href":"https:\/\/lansonmachines.com\/tr\/wp-json\/wp\/v2\/pages"}],"about":[{"href":"https:\/\/lansonmachines.com\/tr\/wp-json\/wp\/v2\/types\/page"}],"author":[{"embeddable":true,"href":"https:\/\/lansonmachines.com\/tr\/wp-json\/wp\/v2\/users\/1"}],"replies":[{"embeddable":true,"href":"https:\/\/lansonmachines.com\/tr\/wp-json\/wp\/v2\/comments?post=1661"}],"version-history":[{"count":21,"href":"https:\/\/lansonmachines.com\/tr\/wp-json\/wp\/v2\/pages\/1661\/revisions"}],"predecessor-version":[{"id":1854,"href":"https:\/\/lansonmachines.com\/tr\/wp-json\/wp\/v2\/pages\/1661\/revisions\/1854"}],"wp:attachment":[{"href":"https:\/\/lansonmachines.com\/tr\/wp-json\/wp\/v2\/media?parent=1661"}],"curies":[{"name":"wp","href":"https:\/\/api.w.org\/{rel}","templated":true}]}}